{"id":80673,"date":"2025-01-23T17:10:21","date_gmt":"2025-01-23T16:10:21","guid":{"rendered":"https:\/\/hajimekarate.com\/?post_type=product&#038;p=80673"},"modified":"2026-01-27T18:10:20","modified_gmt":"2026-01-27T17:10:20","slug":"caneleiras-karate-tokaido-wkf","status":"publish","type":"product","link":"https:\/\/hajimekarate.com\/pt-pt\/comprar\/caneleiras-karate-tokaido-wkf\/","title":{"rendered":"Caneleiras Karate | Tokaido Kanji | WKF"},"content":{"rendered":"<p>CARACTER\u00cdSTICAS:<\/p>\n<p>&#8211; Cor: Vermelho e azul<br \/>\n&#8211; Indicado para Kumite<br \/>\n&#8211; N\u00edvel: Avan\u00e7ado, Profissionais<br \/>\n&#8211; Tecido: POLIURETANO<br \/>\n&#8211; Recomendado para: Avan\u00e7ados, Profissionais<br \/>\n&#8211; Desporto: Karat\u00e9<br \/>\n&#8211; Protec\u00e7\u00f5es aprovadas pela WKF<br \/>\n&#8211; 2 partes fixas com velcro<br \/>\n&#8211; N\u00facleo anat\u00f3mico<br \/>\n&#8211; &#8211; O poliuretano mant\u00e9m a sua forma<br \/>\n&#8211; F\u00e1cil de limpar<br \/>\n&#8211; Pode ser utilizado separadamente<br \/>\n&#8211; Dispon\u00edvel em vermelho e azul<\/p>\n","protected":false},"excerpt":{"rendered":"<p>Estas caneleiras com prote\u00e7\u00e3o para os p\u00e9s foram desenvolvidas pela TOKAIDO especialmente para o Karat\u00e9. Previnem as les\u00f5es e, ao mesmo tempo, s\u00e3o muito confort\u00e1veis. T\u00eam apertos de velcro para garantir um bom ajuste e n\u00e3o escorregar. A melhor op\u00e7\u00e3o para o treino e para competi\u00e7\u00e3o em Kumite , uma vez que t\u00eam a homologa\u00e7\u00e3o WKF 2025 &#8211; 2029.   <\/p>\n<p>Refer\u00eancia de tamanho: para um p\u00e9 de tamanho 37 europeu (37,5 cm) , o tamanho M \u00e9 o tamanho correto.<span style=\"color: red;\"><br \/>\n<\/span><\/p>\n","protected":false},"featured_media":80626,"template":"","meta":{"_joinchat":[]},"product_brand":[],"product_cat":[2399,345,3150,340,343],"product_tag":[3337,3146,2628],"class_list":{"0":"post-80673","1":"product","2":"type-product","3":"status-publish","4":"has-post-thumbnail","6":"product_cat-kumite-concurso","7":"product_cat-homologadas-wkf","8":"product_cat-tokaido-pt","9":"product_cat-marcas","10":"product_cat-protecoes-pt","11":"product_tag-blackfriday-club-25-pt","12":"product_tag-blackfriday-pt","13":"product_tag-club-20-pt-pt","15":"first","16":"instock","17":"taxable","18":"shipping-taxable","19":"purchasable","20":"product-type-variable"},"_links":{"self":[{"href":"https:\/\/hajimekarate.com\/pt-pt\/wp-json\/wp\/v2\/product\/80673","targetHints":{"allow":["GET"]}}],"collection":[{"href":"https:\/\/hajimekarate.com\/pt-pt\/wp-json\/wp\/v2\/product"}],"about":[{"href":"https:\/\/hajimekarate.com\/pt-pt\/wp-json\/wp\/v2\/types\/product"}],"wp:featuredmedia":[{"embeddable":true,"href":"https:\/\/hajimekarate.com\/pt-pt\/wp-json\/wp\/v2\/media\/80626"}],"wp:attachment":[{"href":"https:\/\/hajimekarate.com\/pt-pt\/wp-json\/wp\/v2\/media?parent=80673"}],"wp:term":[{"taxonomy":"product_brand","embeddable":true,"href":"https:\/\/hajimekarate.com\/pt-pt\/wp-json\/wp\/v2\/product_brand?post=80673"},{"taxonomy":"product_cat","embeddable":true,"href":"https:\/\/hajimekarate.com\/pt-pt\/wp-json\/wp\/v2\/product_cat?post=80673"},{"taxonomy":"product_tag","embeddable":true,"href":"https:\/\/hajimekarate.com\/pt-pt\/wp-json\/wp\/v2\/product_tag?post=80673"}],"curies":[{"name":"wp","href":"https:\/\/api.w.org\/{rel}","templated":true}]}}