{"id":8055,"date":"2018-09-10T21:06:00","date_gmt":"2018-09-10T19:06:00","guid":{"rendered":"https:\/\/hajimekarate.com\/comprar\/fato-kaiten-eco-2\/"},"modified":"2026-01-19T13:32:07","modified_gmt":"2026-01-19T12:32:07","slug":"fato-kaiten-eco-2","status":"publish","type":"product","link":"https:\/\/hajimekarate.com\/pt-pt\/comprar\/fato-kaiten-eco-2\/","title":{"rendered":"Karategui Kaiten Eco-2"},"content":{"rendered":"[vc_row type=&#8221;in_container&#8221; full_screen_row_position=&#8221;middle&#8221; column_margin=&#8221;default&#8221; column_direction=&#8221;default&#8221; column_direction_tablet=&#8221;default&#8221; column_direction_phone=&#8221;default&#8221; scene_position=&#8221;center&#8221; text_color=&#8221;dark&#8221; text_align=&#8221;left&#8221; row_border_radius=&#8221;none&#8221; row_border_radius_applies=&#8221;bg&#8221; overflow=&#8221;visible&#8221; overlay_strength=&#8221;0.3&#8243; gradient_direction=&#8221;left_to_right&#8221; shape_divider_position=&#8221;bottom&#8221; bg_image_animation=&#8221;none&#8221;][vc_column column_padding=&#8221;no-extra-padding&#8221; column_padding_tablet=&#8221;inherit&#8221; column_padding_phone=&#8221;inherit&#8221; column_padding_position=&#8221;all&#8221; column_element_spacing=&#8221;default&#8221; background_color_opacity=&#8221;1&#8243; background_hover_color_opacity=&#8221;1&#8243; column_shadow=&#8221;none&#8221; column_border_radius=&#8221;none&#8221; column_link_target=&#8221;_self&#8221; column_position=&#8221;default&#8221; gradient_direction=&#8221;left_to_right&#8221; overlay_strength=&#8221;0.3&#8243; width=&#8221;1\/1&#8243; tablet_width_inherit=&#8221;default&#8221; tablet_text_alignment=&#8221;default&#8221; phone_text_alignment=&#8221;default&#8221; animation_type=&#8221;default&#8221; bg_image_animation=&#8221;none&#8221; border_type=&#8221;simple&#8221; column_border_width=&#8221;none&#8221; column_border_style=&#8221;solid&#8221;][vc_column_text]\n<h2>Como escolher o tamanho do Karategui ECO-2?<\/h2>\n<p>Os modelos SHIRO e ECO-2 s\u00e3o Karateguis para principiantes, fatos de Karat\u00e9 brancos 100% algod\u00e3o com cinto branco inclu\u00eddo.<\/p>\n<p>S\u00e3o Karateguis finos, mas resistentes, que duram muito tempo e que est\u00e3o pensados para serem os primeiros fatos de Karat\u00e9 da crian\u00e7a ou do principiante, por isso \u00e9 muito importante que se sinta confort\u00e1vel neles.<\/p>\n<p>O Karategui pesa cerca de 6 on\u00e7as, tem um corte justo e encolhe cerca de 4 cm com as primeiras lavagens, pelo que recomendamos que escolhas um tamanho 10 cm acima da altura do praticante. Mas se for uma pessoa muito magra \u00e9 melhor pedir a medida exata correspondente \u00e0 altura.<\/p>\n<p>Por exemplo, se um rapaz ou rapariga que se vai iniciar no Karat\u00e9 tem 145 cm de altura mas \u00e9 muito magro ent\u00e3o selecionar\u00edamos o tamanho 140 cm, mas se for de constitui\u00e7\u00e3o normal ser\u00e1 melhor escolher o tamanho 150cm. Se for o caso de ter uma constitui\u00e7\u00e3o larga, se for um praticante muito forte, ent\u00e3o para uma altura de 145 cm podemos at\u00e9 considerar o tamanho 160 cm.<\/p>\n<p>Tem sempre presente que o fato ir\u00e1 encolher em comprimento com as primeiras lavagens, mas n\u00e3o em largura. Por conseguinte, \u00e9 importante que, antes da primeira lavagem, verifiques se a largura est\u00e1 correcta, porque o que ir\u00e1 encolher com as lavagens ser\u00e1 o comprimento das cal\u00e7as e o comprimento do casaco e das mangas.<\/p>\n<p>Na galeria de imagens do produto encontras uma tabela de medidas para o modelo Eco-2, id\u00eanticas as do modelo Shiro. A grande diferen\u00e7a \u00e9 que o modelo Eco-2 pesa uma on\u00e7a a mais, o tecido \u00e9 de 7 on\u00e7as em vez das 6 do modelo Shiro. O corte e o encolhimento s\u00e3o os mesmos, por isso recomendamos a utiliza\u00e7\u00e3o do Shiro at\u00e9 ao tamanho 160 ou 170 cm e passar para o Eco-2 para principiantes que vistam do tamanho 170 cm e acima.<\/p>\n<p><a class=\"typeform-share button\" style=\"display: inline-block; text-decoration: none; background-color: #7bb236; color: white; cursor: pointer; font-family: Helvetica,Arial,sans-serif; font-size: 15px; line-height: 37.5px; text-align: center; margin: 0; height: 37.5px; padding: 0px 25px; border-radius: 18px; max-width: 100%; white-space: nowrap; overflow: hidden; text-overflow: ellipsis; font-weight: bold; -webkit-font-smoothing: antialiased; -moz-osx-font-smoothing: grayscale;\" href=\"https:\/\/form.typeform.com\/to\/kt3cmEex?typeform-medium=embed-snippet\" target=\"_blank\" rel=\"noopener\" data-mode=\"popup\" data-size=\"100\">Calcular tamanho <\/a><script> (function() { var qs,js,q,s,d=document, gi=d.getElementById, ce=d.createElement, gt=d.getElementsByTagName, id=\"typef_orm_share\", b=\"https:\/\/embed.typeform.com\/\"; if(!gi.call(d,id)){ js=ce.call(d,\"script\"); js.id=id; js.src=b+\"embed.js\"; q=gt.call(d,\"script\")[0]; q.parentNode.insertBefore(js,q) } })() <\/script>[\/vc_column_text][\/vc_column][\/vc_row]\n","protected":false},"excerpt":{"rendered":"<p style=\"color: #00d845;\"><strong>IN STOCK<\/strong><\/p>\n<p>Karategui Kaiten Eco-2 para principiantes. 100% algod\u00e3o com um peso de 7 on\u00e7as. Karategui forte com cintura el\u00e1stica. Inclui cinto branco<\/p>\n<p><a class=\"typeform-share button\" style=\"display: inline-block; text-decoration: none; background-color: #7bb236; color: white; cursor: pointer; font-family: Helvetica,Arial,sans-serif; font-size: 15px; line-height: 37.5px; text-align: center; margin: 0; height: 37.5px; padding: 0px 25px; border-radius: 18px; max-width: 100%; white-space: nowrap; overflow: hidden; text-overflow: ellipsis; font-weight: bold; -webkit-font-smoothing: antialiased; -moz-osx-font-smoothing: grayscale;\" href=\"https:\/\/form.typeform.com\/to\/kt3cmEex?typeform-medium=embed-snippet\" target=\"_blank\" rel=\"noopener\" data-mode=\"popup\" data-size=\"100\">Calcular tamanho <\/a> <script> (function() { var qs,js,q,s,d=document, gi=d.getElementById, ce=d.createElement, gt=d.getElementsByTagName, id=\"typef_orm_share\", b=\"https:\/\/embed.typeform.com\/\"; if(!gi.call(d,id)){ js=ce.call(d,\"script\"); js.id=id; js.src=b+\"embed.js\"; q=gt.call(d,\"script\")[0]; q.parentNode.insertBefore(js,q) } })() <\/script><\/p>\n","protected":false},"featured_media":34434,"template":"","meta":{"_joinchat":[]},"product_brand":[],"product_cat":[2911,2932,2930,2931,2933,1896,335,336,334],"product_tag":[2627],"class_list":{"0":"post-8055","1":"product","2":"type-product","3":"status-publish","4":"has-post-thumbnail","6":"product_cat-equipamento-de-karate-personalizado","7":"product_cat-kaiten-calcas-a-medida","8":"product_cat-kaiten-casaco-a-medida","9":"product_cat-kaiten-chaqueta-bordado-pt-pt","10":"product_cat-kaiten-pantalon-bordado-pt-pt","11":"product_cat-fatos-kaiten-personalizados","12":"product_cat-karateguis-kaiten","13":"product_cat-karateguis-principiantes","14":"product_cat-karateguis","15":"product_tag-club-15-pt","17":"first","18":"instock","19":"sale","20":"taxable","21":"shipping-taxable","22":"purchasable","23":"product-type-variable"},"_links":{"self":[{"href":"https:\/\/hajimekarate.com\/pt-pt\/wp-json\/wp\/v2\/product\/8055","targetHints":{"allow":["GET"]}}],"collection":[{"href":"https:\/\/hajimekarate.com\/pt-pt\/wp-json\/wp\/v2\/product"}],"about":[{"href":"https:\/\/hajimekarate.com\/pt-pt\/wp-json\/wp\/v2\/types\/product"}],"wp:featuredmedia":[{"embeddable":true,"href":"https:\/\/hajimekarate.com\/pt-pt\/wp-json\/wp\/v2\/media\/34434"}],"wp:attachment":[{"href":"https:\/\/hajimekarate.com\/pt-pt\/wp-json\/wp\/v2\/media?parent=8055"}],"wp:term":[{"taxonomy":"product_brand","embeddable":true,"href":"https:\/\/hajimekarate.com\/pt-pt\/wp-json\/wp\/v2\/product_brand?post=8055"},{"taxonomy":"product_cat","embeddable":true,"href":"https:\/\/hajimekarate.com\/pt-pt\/wp-json\/wp\/v2\/product_cat?post=8055"},{"taxonomy":"product_tag","embeddable":true,"href":"https:\/\/hajimekarate.com\/pt-pt\/wp-json\/wp\/v2\/product_tag?post=8055"}],"curies":[{"name":"wp","href":"https:\/\/api.w.org\/{rel}","templated":true}]}}