{"id":8030,"date":"2018-09-10T21:06:25","date_gmt":"2018-09-10T19:06:25","guid":{"rendered":"https:\/\/hajimekarate.com\/comprar\/fato-kaiten-europa-regular-plus\/"},"modified":"2026-04-28T11:12:46","modified_gmt":"2026-04-28T09:12:46","slug":"karategui-kaiten-europa-regular-o-plus","status":"publish","type":"product","link":"https:\/\/hajimekarate.com\/pt-pt\/comprar\/karategui-kaiten-europa-regular-o-plus\/","title":{"rendered":"Karategui Kaiten Europa Regular\/Plus"},"content":{"rendered":"","protected":false},"excerpt":{"rendered":"<p>Karategui Kaiten Europa. L\u00edder de vendas pelo seu tecido suave e confort\u00e1vel, de peso m\u00e9dio, ideal para qualquer treino. Dispon\u00edvel em corte Regular ou Plus. Mangas e cal\u00e7as pr\u00e9-cortadas. 100% algod\u00e3o de 11 on\u00e7as. O modelo Europa Plus est\u00e1 dispon\u00edvel por encomenda. Tempo de espera aproximado de 1 semana.<\/p>\n<p>&nbsp;<\/p>\n","protected":false},"featured_media":6997,"template":"","meta":{"_joinchat":[]},"product_brand":[],"product_cat":[2911,2932,2930,2931,2933,1896,3130,3113,335,334,341],"product_tag":[2627],"class_list":{"0":"post-8030","1":"product","2":"type-product","3":"status-publish","4":"has-post-thumbnail","6":"product_cat-equipamento-de-karate-personalizado","7":"product_cat-kaiten-calcas-a-medida","8":"product_cat-kaiten-casaco-a-medida","9":"product_cat-kaiten-chaqueta-bordado-pt-pt","10":"product_cat-kaiten-pantalon-bordado-pt-pt","11":"product_cat-fatos-kaiten-personalizados","12":"product_cat-kaiten-tradicional-pt-pt","13":"product_cat-karate-tradicional-pt","14":"product_cat-karateguis-kaiten","15":"product_cat-karateguis","16":"product_cat-kaiten","17":"product_tag-club-15-pt","19":"first","20":"instock","21":"taxable","22":"shipping-taxable","23":"purchasable","24":"product-type-variable"},"_links":{"self":[{"href":"https:\/\/hajimekarate.com\/pt-pt\/wp-json\/wp\/v2\/product\/8030","targetHints":{"allow":["GET"]}}],"collection":[{"href":"https:\/\/hajimekarate.com\/pt-pt\/wp-json\/wp\/v2\/product"}],"about":[{"href":"https:\/\/hajimekarate.com\/pt-pt\/wp-json\/wp\/v2\/types\/product"}],"wp:featuredmedia":[{"embeddable":true,"href":"https:\/\/hajimekarate.com\/pt-pt\/wp-json\/wp\/v2\/media\/6997"}],"wp:attachment":[{"href":"https:\/\/hajimekarate.com\/pt-pt\/wp-json\/wp\/v2\/media?parent=8030"}],"wp:term":[{"taxonomy":"product_brand","embeddable":true,"href":"https:\/\/hajimekarate.com\/pt-pt\/wp-json\/wp\/v2\/product_brand?post=8030"},{"taxonomy":"product_cat","embeddable":true,"href":"https:\/\/hajimekarate.com\/pt-pt\/wp-json\/wp\/v2\/product_cat?post=8030"},{"taxonomy":"product_tag","embeddable":true,"href":"https:\/\/hajimekarate.com\/pt-pt\/wp-json\/wp\/v2\/product_tag?post=8030"}],"curies":[{"name":"wp","href":"https:\/\/api.w.org\/{rel}","templated":true}]}}