{"id":8019,"date":"2018-09-10T21:06:49","date_gmt":"2018-09-10T19:06:49","guid":{"rendered":"https:\/\/hajimekarate.com\/comprar\/fato-kaiten-dynamic\/"},"modified":"2026-01-20T16:52:24","modified_gmt":"2026-01-20T15:52:24","slug":"karategui-kaiten-dynamic","status":"publish","type":"product","link":"https:\/\/hajimekarate.com\/pt-pt\/comprar\/karategui-kaiten-dynamic\/","title":{"rendered":"Karategui Kaiten Dynamic"},"content":{"rendered":"<p>Este fato de karat\u00e9 para kumite \u00e9 branco brilhante e leve como uma pena. O tecido \u00e9 nervurado o que o torna mais leve e mais respir\u00e1vel. A nova cintura el\u00e1stica \u00e9 mais larga e tem um revestimento absorvente para o suor.<\/p>\n<h3><span id=\"result_box\" lang=\"de\">Caracter\u00edsticas:<\/span><\/h3>\n<p><span id=\"result_box\" lang=\"de\"><\/span><span id=\"result_box\" lang=\"de\">Corte: Kumite<br \/>\nCal\u00e7as: el\u00e1sticas<br \/>\nCasaco comprido e mangas compridas<br \/>\nPeso: aprox. 8 onzas.<\/span><\/p>\n<p><span lang=\"de\">Material: 57% algod\u00e3o, 40% poli\u00e9ster, 3% lycra<\/span><\/p>\n","protected":false},"excerpt":{"rendered":"<p>Karategi Kaiten Dynamic concebido para treino de Kumite. Com micro perfura\u00e7\u00f5es na zona das axilas para uma maior respirabilidade.<\/p>\n","protected":false},"featured_media":92513,"template":"","meta":{"_joinchat":[]},"product_brand":[],"product_cat":[2911,2932,2930,2931,2933,2483,1896,3130,3113,335,334,341],"product_tag":[2627],"class_list":{"0":"post-8019","1":"product","2":"type-product","3":"status-publish","4":"has-post-thumbnail","6":"product_cat-equipamento-de-karate-personalizado","7":"product_cat-kaiten-calcas-a-medida","8":"product_cat-kaiten-casaco-a-medida","9":"product_cat-kaiten-chaqueta-bordado-pt-pt","10":"product_cat-kaiten-pantalon-bordado-pt-pt","11":"product_cat-fato-karate-kumite","12":"product_cat-fatos-kaiten-personalizados","13":"product_cat-kaiten-tradicional-pt-pt","14":"product_cat-karate-tradicional-pt","15":"product_cat-karateguis-kaiten","16":"product_cat-karateguis","17":"product_cat-kaiten","18":"product_tag-club-15-pt","20":"first","21":"instock","22":"taxable","23":"shipping-taxable","24":"purchasable","25":"product-type-variable","26":"has-default-attributes"},"_links":{"self":[{"href":"https:\/\/hajimekarate.com\/pt-pt\/wp-json\/wp\/v2\/product\/8019","targetHints":{"allow":["GET"]}}],"collection":[{"href":"https:\/\/hajimekarate.com\/pt-pt\/wp-json\/wp\/v2\/product"}],"about":[{"href":"https:\/\/hajimekarate.com\/pt-pt\/wp-json\/wp\/v2\/types\/product"}],"wp:featuredmedia":[{"embeddable":true,"href":"https:\/\/hajimekarate.com\/pt-pt\/wp-json\/wp\/v2\/media\/92513"}],"wp:attachment":[{"href":"https:\/\/hajimekarate.com\/pt-pt\/wp-json\/wp\/v2\/media?parent=8019"}],"wp:term":[{"taxonomy":"product_brand","embeddable":true,"href":"https:\/\/hajimekarate.com\/pt-pt\/wp-json\/wp\/v2\/product_brand?post=8019"},{"taxonomy":"product_cat","embeddable":true,"href":"https:\/\/hajimekarate.com\/pt-pt\/wp-json\/wp\/v2\/product_cat?post=8019"},{"taxonomy":"product_tag","embeddable":true,"href":"https:\/\/hajimekarate.com\/pt-pt\/wp-json\/wp\/v2\/product_tag?post=8019"}],"curies":[{"name":"wp","href":"https:\/\/api.w.org\/{rel}","templated":true}]}}