{"id":8009,"date":"2018-09-10T21:06:50","date_gmt":"2018-09-10T19:06:50","guid":{"rendered":"https:\/\/hajimekarate.com\/comprar\/fato-kaiten-kodomo\/"},"modified":"2026-01-20T17:31:02","modified_gmt":"2026-01-20T16:31:02","slug":"karategui-kodomo","status":"publish","type":"product","link":"https:\/\/hajimekarate.com\/pt-pt\/comprar\/karategui-kodomo\/","title":{"rendered":"Karategui Kaiten Kodomo"},"content":{"rendered":"<h2>Caracter\u00edsticas do Karategui:<\/h2>\n<p>Corte: largo moderno<br \/>\nCal\u00e7as: Tamanhos de 120 a 150 cm com el\u00e1stico, a partir de 160 cm com fecho com cord\u00e3o<br \/>\nCasaco: manga comprida<br \/>\nPeso: aprox. 9 on\u00e7as<br \/>\nMaterial: 100 % algod\u00e3o<\/p>\n","protected":false},"excerpt":{"rendered":"<p style=\"color: #00d845;\"><strong>IN STOCK<\/strong><\/p>\n<p>Karategui Kaiten Kodomo. Ideal para n\u00edveis interm\u00e9dios de Karat\u00e9. O corte e o tecido est\u00e3o entre os melhores oferecidos nesta gama de pre\u00e7os. Um fato que cada vez mais clubes e professores de Karat\u00e9 recomendam. <strong>Inclui cinto branco.<\/strong><\/p>\n","protected":false},"featured_media":34427,"template":"","meta":{"_joinchat":[]},"product_brand":[],"product_cat":[2911,2932,2930,2931,2933,3130,3113,335,336,334,341],"product_tag":[2628],"class_list":{"0":"post-8009","1":"product","2":"type-product","3":"status-publish","4":"has-post-thumbnail","6":"product_cat-equipamento-de-karate-personalizado","7":"product_cat-kaiten-calcas-a-medida","8":"product_cat-kaiten-casaco-a-medida","9":"product_cat-kaiten-chaqueta-bordado-pt-pt","10":"product_cat-kaiten-pantalon-bordado-pt-pt","11":"product_cat-kaiten-tradicional-pt-pt","12":"product_cat-karate-tradicional-pt","13":"product_cat-karateguis-kaiten","14":"product_cat-karateguis-principiantes","15":"product_cat-karateguis","16":"product_cat-kaiten","17":"product_tag-club-20-pt-pt","19":"first","20":"instock","21":"taxable","22":"shipping-taxable","23":"purchasable","24":"product-type-variable"},"_links":{"self":[{"href":"https:\/\/hajimekarate.com\/pt-pt\/wp-json\/wp\/v2\/product\/8009","targetHints":{"allow":["GET"]}}],"collection":[{"href":"https:\/\/hajimekarate.com\/pt-pt\/wp-json\/wp\/v2\/product"}],"about":[{"href":"https:\/\/hajimekarate.com\/pt-pt\/wp-json\/wp\/v2\/types\/product"}],"wp:featuredmedia":[{"embeddable":true,"href":"https:\/\/hajimekarate.com\/pt-pt\/wp-json\/wp\/v2\/media\/34427"}],"wp:attachment":[{"href":"https:\/\/hajimekarate.com\/pt-pt\/wp-json\/wp\/v2\/media?parent=8009"}],"wp:term":[{"taxonomy":"product_brand","embeddable":true,"href":"https:\/\/hajimekarate.com\/pt-pt\/wp-json\/wp\/v2\/product_brand?post=8009"},{"taxonomy":"product_cat","embeddable":true,"href":"https:\/\/hajimekarate.com\/pt-pt\/wp-json\/wp\/v2\/product_cat?post=8009"},{"taxonomy":"product_tag","embeddable":true,"href":"https:\/\/hajimekarate.com\/pt-pt\/wp-json\/wp\/v2\/product_tag?post=8009"}],"curies":[{"name":"wp","href":"https:\/\/api.w.org\/{rel}","templated":true}]}}