{"id":7998,"date":"2018-09-10T21:07:18","date_gmt":"2018-09-10T19:07:18","guid":{"rendered":"https:\/\/hajimekarate.com\/comprar\/fato-kaiten-kuro\/"},"modified":"2025-05-13T08:57:10","modified_gmt":"2025-05-13T06:57:10","slug":"karategui-kaiten-kuro","status":"publish","type":"product","link":"https:\/\/hajimekarate.com\/pt-pt\/comprar\/karategui-kaiten-kuro\/","title":{"rendered":"Karategui Preto Kaiten Kuro"},"content":{"rendered":"<p>Tipo de corte do Karategui: largura moderna<\/p>\n<p>Cal\u00e7as: Tamanhos 120 a 150 cm com el\u00e1stico, 160 cm com fecho de cord\u00e3o<br \/>\nCasaco: mangas compridas<br \/>\nPeso: aprox. 9 on\u00e7as<br \/>\nMaterial: 100 % algod\u00e3o <\/p>\n","protected":false},"excerpt":{"rendered":"<p>Karategui preto Kaiten Kuro para a pr\u00e1tica de Kobudo. A qualidade do tecido e da confe\u00e7\u00e3o da Kaiten tamb\u00e9m no seu Gui Preto de Kobudo.<\/p>\n","protected":false},"featured_media":8008,"template":"","meta":{"_joinchat":[]},"product_brand":[],"product_cat":[2911,2932,2930,2931,2933,3130,3113,335,338,334,341],"product_tag":[2627],"class_list":{"0":"post-7998","1":"product","2":"type-product","3":"status-publish","4":"has-post-thumbnail","6":"product_cat-equipamento-de-karate-personalizado","7":"product_cat-kaiten-calcas-a-medida","8":"product_cat-kaiten-casaco-a-medida","9":"product_cat-kaiten-chaqueta-bordado-pt-pt","10":"product_cat-kaiten-pantalon-bordado-pt-pt","11":"product_cat-kaiten-tradicional-pt-pt","12":"product_cat-karate-tradicional-pt","13":"product_cat-karateguis-kaiten","14":"product_cat-karateguis-pretos","15":"product_cat-karateguis","16":"product_cat-kaiten","17":"product_tag-club-15-pt","19":"first","20":"instock","21":"taxable","22":"shipping-taxable","23":"purchasable","24":"product-type-variable"},"_links":{"self":[{"href":"https:\/\/hajimekarate.com\/pt-pt\/wp-json\/wp\/v2\/product\/7998","targetHints":{"allow":["GET"]}}],"collection":[{"href":"https:\/\/hajimekarate.com\/pt-pt\/wp-json\/wp\/v2\/product"}],"about":[{"href":"https:\/\/hajimekarate.com\/pt-pt\/wp-json\/wp\/v2\/types\/product"}],"wp:featuredmedia":[{"embeddable":true,"href":"https:\/\/hajimekarate.com\/pt-pt\/wp-json\/wp\/v2\/media\/8008"}],"wp:attachment":[{"href":"https:\/\/hajimekarate.com\/pt-pt\/wp-json\/wp\/v2\/media?parent=7998"}],"wp:term":[{"taxonomy":"product_brand","embeddable":true,"href":"https:\/\/hajimekarate.com\/pt-pt\/wp-json\/wp\/v2\/product_brand?post=7998"},{"taxonomy":"product_cat","embeddable":true,"href":"https:\/\/hajimekarate.com\/pt-pt\/wp-json\/wp\/v2\/product_cat?post=7998"},{"taxonomy":"product_tag","embeddable":true,"href":"https:\/\/hajimekarate.com\/pt-pt\/wp-json\/wp\/v2\/product_tag?post=7998"}],"curies":[{"name":"wp","href":"https:\/\/api.w.org\/{rel}","templated":true}]}}