{"id":79741,"date":"2024-12-19T11:55:29","date_gmt":"2024-12-19T10:55:29","guid":{"rendered":"https:\/\/hajimekarate.com\/comprar\/karategui-tokaido-kata-master-japan-style-wkf-12-oz\/"},"modified":"2026-02-25T14:48:48","modified_gmt":"2026-02-25T13:48:48","slug":"karategui-tokaido-kata-master-japan-style-wkf-12-oz","status":"publish","type":"product","link":"https:\/\/hajimekarate.com\/pt-pt\/comprar\/karategui-tokaido-kata-master-japan-style-wkf-12-oz\/","title":{"rendered":"Karategui Tokaido | Kata Master | WKF | 12 oz"},"content":{"rendered":"<p>Ficha t\u00e9cnica<\/p>\n<p>&#8211; Cor Branco<\/p>\n<p>&#8211; Tecido 100% Algod\u00e3o<\/p>\n<p>&#8211; Indicado para Kata<\/p>\n<p>&#8211; Corte Kata<\/p>\n<p>&#8211; Peso: 12 on\u00e7as<\/p>\n<p>&#8211; Recomendado para: Avan\u00e7ados<\/p>\n<p>&#8211; Op\u00e7\u00e3o sem log\u00f3tipos ou com log\u00f3tipo Tokaido no peito e na nuca. Etiqueta WKF. N\u00e3o permite bordados nos ombros.  <\/p>\n<p>&#8211; Excelente op\u00e7\u00e3o de Karategui para especialistas em Kata. Usado por mestres de Kata em todo o mundo. <\/p>\n<p>&#8211; Apar\u00eancia excecional. Mangas e cal\u00e7as curtas e aba longa. O corte especial da Tokaido real\u00e7a visualmente os movimentos din\u00e2micos do Karateca.  <\/p>\n<p>&#8211; Com a tecnologia Ultimate Sound, que faz intencionalmente aud\u00edveis os movimentos r\u00e1pidos e confere uma expressividade suplementar ao SNAP.<\/p>\n<p>&#8211; Extraordinariamente confort\u00e1vel, pois permite uma grande liberdade de movimentos. Exterior rugoso, interior macio e suave, \u00e9 importante prestar aten\u00e7\u00e3o \u00e0s instru\u00e7\u00f5es de lavagem. <\/p>\n<p>&#8211; Multiplas costuras e refor\u00e7os. Carater\u00edstica adicional: a costura de fecho da aba do casaco \u00e9 particularmente larga e espessa. <\/p>\n<p>&#8211; Casaco e cal\u00e7as com cord\u00e3o tradicional. O sistema desenvolvido pela Tokaido proporciona um aperto fi\u00e1vel na cintura e um conforto extra. <\/p>\n<p>&#8211; Fabricado em algod\u00e3o de alta qualidade. Embora o material seja pesado, 12 on\u00e7as, permite pontap\u00e9s e movimentos complexos no Bunkai. <\/p>\n<p>&#8211; Mant\u00e9m a sua forma. Seguindo as instru\u00e7\u00f5es de lavagem o encolhimento do Karategui \u00e9 m\u00ednimo. Este fant\u00e1stico Karetegui mant\u00e9m a sua forma lavagem ap\u00f3s lavagem porque \u00e9 pr\u00e9-encolhido com uma tecnologia que evita o encolhimento ap\u00f3s a lavagem.  <\/p>\n<p>&#8211; A Tokaido \u00e9 uma marca original do Jap\u00e3o. Os fatos s\u00e3o desenvolvidos por especialistas em karat\u00e9 e fabricados de forma artesanal. A Tokaido \u00e9 uma marca com uma reputa\u00e7\u00e3o mundial. A vida \u00fatil dos fatos Tokaido \u00e9 muito longa.   <\/p>\n<p>&#8211; Os produtos Tokaido s\u00e3o econ\u00f3micos apesar da sua elevada qualidade.<\/p>\n","protected":false},"excerpt":{"rendered":"<p>O <strong data-start=\"493\" data-end=\"520\">KATA MASTER<\/strong> \u00e9 um Karategui Premium desenvolvido para a pr\u00e1tica de Kata, apesar de contar com a <strong data-start=\"635\" data-end=\"655\">homologa\u00e7\u00e3o WKF<\/strong>, n\u00e3o \u00e9 poss\u00edvel a op\u00e7\u00e3o de bordados nos ombros. \u00c9 poss\u00edvel escolher entre o modelo com o log\u00f3tipo da Tokaido bordado no peito e na nuca ou o modelo Plain, sem log\u00f3tipos bordados.<br data-start=\"732\" data-end=\"735\">Tecido <strong data-start=\"752\" data-end=\"769\">100 % algod\u00e3o<\/strong>, tem um <strong data-start=\"783\" data-end=\"800\">corte europeu<\/strong>, com mangas e cal\u00e7as mais curtas e aba mais comprida, dando prioridade \u00e0 sensa\u00e7\u00e3o, ao controlo dos movimentos e ao som caracter\u00edstico da execu\u00e7\u00e3o de Kata, potenciado pela <strong data-start=\"946\" data-end=\"975\">Ultimate Sound Technology<\/strong>.  <span style=\"color: red;\"><br \/>\n<\/span><\/p>\n","protected":false},"featured_media":79704,"template":"","meta":{"_joinchat":[]},"product_brand":[],"product_cat":[2911,2931,2933,3134,3205,339,2401,3150,334,340],"product_tag":[3337,3146,2628],"class_list":{"0":"post-79741","1":"product","2":"type-product","3":"status-publish","4":"has-post-thumbnail","6":"product_cat-equipamento-de-karate-personalizado","7":"product_cat-kaiten-chaqueta-bordado-pt-pt","8":"product_cat-kaiten-pantalon-bordado-pt-pt","9":"product_cat-karate-competicao","10":"product_cat-karateguis-tokaido-pt","11":"product_cat-karateguis-wkf","12":"product_cat-kata-concurso","13":"product_cat-tokaido-pt","14":"product_cat-karateguis","15":"product_cat-marcas","16":"product_tag-blackfriday-club-25-pt","17":"product_tag-blackfriday-pt","18":"product_tag-club-20-pt-pt","20":"first","21":"instock","22":"taxable","23":"shipping-taxable","24":"purchasable","25":"product-type-variable"},"_links":{"self":[{"href":"https:\/\/hajimekarate.com\/pt-pt\/wp-json\/wp\/v2\/product\/79741","targetHints":{"allow":["GET"]}}],"collection":[{"href":"https:\/\/hajimekarate.com\/pt-pt\/wp-json\/wp\/v2\/product"}],"about":[{"href":"https:\/\/hajimekarate.com\/pt-pt\/wp-json\/wp\/v2\/types\/product"}],"wp:featuredmedia":[{"embeddable":true,"href":"https:\/\/hajimekarate.com\/pt-pt\/wp-json\/wp\/v2\/media\/79704"}],"wp:attachment":[{"href":"https:\/\/hajimekarate.com\/pt-pt\/wp-json\/wp\/v2\/media?parent=79741"}],"wp:term":[{"taxonomy":"product_brand","embeddable":true,"href":"https:\/\/hajimekarate.com\/pt-pt\/wp-json\/wp\/v2\/product_brand?post=79741"},{"taxonomy":"product_cat","embeddable":true,"href":"https:\/\/hajimekarate.com\/pt-pt\/wp-json\/wp\/v2\/product_cat?post=79741"},{"taxonomy":"product_tag","embeddable":true,"href":"https:\/\/hajimekarate.com\/pt-pt\/wp-json\/wp\/v2\/product_tag?post=79741"}],"curies":[{"name":"wp","href":"https:\/\/api.w.org\/{rel}","templated":true}]}}