{"id":79679,"date":"2024-12-19T09:27:14","date_gmt":"2024-12-19T08:27:14","guid":{"rendered":"https:\/\/hajimekarate.com\/?post_type=product&#038;p=79679"},"modified":"2026-01-27T18:12:55","modified_gmt":"2026-01-27T17:12:55","slug":"karategui-tokaido-kata-master-junior-slim-wkf","status":"publish","type":"product","link":"https:\/\/hajimekarate.com\/pt-pt\/comprar\/karategui-tokaido-kata-master-junior-slim-wkf\/","title":{"rendered":"Karategui Tokaido | Kata Master Junior Slim | WKF"},"content":{"rendered":"<p>Ficha t\u00e9cnica:<\/p>\n<p>\u2013 Cor: Branco<br \/>\n\u2013 Tecido 100% algod\u00e3o<br \/>\n\u2013 Indicado para Kata<br \/>\n\u2013 Corte Kata<br \/>\n\u2013 Peso: 10 on\u00e7as<br \/>\n\u2013 Recomendado para: Principiantes e Avan\u00e7ados<\/p>\n<p>\u2013 Karategui com corte estreito: O corte Slim \u00e9 adequado ao f\u00edsico de rapazes e raparigas, crian\u00e7as e adolescentes.<br \/>\n\u2013 Cal\u00e7as com cintura el\u00e1stica larga e flex\u00edvel: F\u00e1ceis de vestir e despir. Ajuste perfeito, sem pontos de press\u00e3o.<br \/>\n\u2013 Fato de Karat\u00e9 homologado pela WKF de 2025 a 2029. Tamb\u00e9m pode ser usado sem problemas em campeonatos internacionais.<br \/>\n\u2013 Instru\u00e7\u00f5es pr\u00e1ticas de lavagem no QR, digitaliza o c\u00f3digo no fato e obt\u00e9m mais informa\u00e7\u00f5es.<br \/>\n\u2013 100% algod\u00e3o, com um toque suave e macio, n\u00e3o \u00e1spero.<br \/>\n\u2013 O tecido resistente de 10 on\u00e7as distingue-se dos t\u00edpicos fatos para principiantes pelo seu aspeto impec\u00e1vel e excelente SNAP.<br \/>\n\u2013 Log\u00f3tipo Tokaido bordado no lado direito do peito e na nuca.<br \/>\n\u2013 Op\u00e7\u00e3o de bordado no ombro por um custo adicional.<br \/>\n\u2013 O produto inclui casaco e cal\u00e7as, n\u00e3o inclui cinto.<\/p>\n","protected":false},"excerpt":{"rendered":"<p>O modelo Tokaido Kata Master Junior foi especialmente concebido para se adaptar \u00e0s propor\u00e7\u00f5es corporais das raparigas e rapazes, crian\u00e7as e adolescentes, que participam em competi\u00e7\u00f5es de Kata. O seu corte estreito permite que os jovens tenham um aspeto profissional nos exames de gradua\u00e7\u00e3o e nos campeonatos. <\/p>\n<p>Alguns fatos d\u00e3o a impress\u00e3o de que o jovem est\u00e1 a usar o fato de Karat\u00e9 de um adulto, porque \u00e9 demasiado grande para ele. Gra\u00e7as \u00e0 sele\u00e7\u00e3o cuidadosa dos materiais este Karategui oferece uma excelente rela\u00e7\u00e3o qualidade\/pre\u00e7o, sem que tenhas necessidade de comprar um tamanho maior para o fazer durar mais tempo, garante uma silhueta bem ajustada desde o primeiro dia. <\/p>\n<p>Pode acrescentar o log\u00f3tipo TOKAIDO <strong>bordado nos ombros, essencial para as competi\u00e7\u00f5es internacionais da WKF.<\/strong><\/p>\n","protected":false},"featured_media":79633,"template":"","meta":{"_joinchat":[]},"product_brand":[],"product_cat":[2911,2931,2933,1896,3142,3134,3205,339,2401,3150,334,340],"product_tag":[3337,3146,2628],"class_list":{"0":"post-79679","1":"product","2":"type-product","3":"status-publish","4":"has-post-thumbnail","6":"product_cat-equipamento-de-karate-personalizado","7":"product_cat-kaiten-chaqueta-bordado-pt-pt","8":"product_cat-kaiten-pantalon-bordado-pt-pt","9":"product_cat-fatos-kaiten-personalizados","10":"product_cat-kaiten-competicao","11":"product_cat-karate-competicao","12":"product_cat-karateguis-tokaido-pt","13":"product_cat-karateguis-wkf","14":"product_cat-kata-concurso","15":"product_cat-tokaido-pt","16":"product_cat-karateguis","17":"product_cat-marcas","18":"product_tag-blackfriday-club-25-pt","19":"product_tag-blackfriday-pt","20":"product_tag-club-20-pt-pt","22":"first","23":"instock","24":"taxable","25":"shipping-taxable","26":"purchasable","27":"product-type-variable"},"_links":{"self":[{"href":"https:\/\/hajimekarate.com\/pt-pt\/wp-json\/wp\/v2\/product\/79679","targetHints":{"allow":["GET"]}}],"collection":[{"href":"https:\/\/hajimekarate.com\/pt-pt\/wp-json\/wp\/v2\/product"}],"about":[{"href":"https:\/\/hajimekarate.com\/pt-pt\/wp-json\/wp\/v2\/types\/product"}],"wp:featuredmedia":[{"embeddable":true,"href":"https:\/\/hajimekarate.com\/pt-pt\/wp-json\/wp\/v2\/media\/79633"}],"wp:attachment":[{"href":"https:\/\/hajimekarate.com\/pt-pt\/wp-json\/wp\/v2\/media?parent=79679"}],"wp:term":[{"taxonomy":"product_brand","embeddable":true,"href":"https:\/\/hajimekarate.com\/pt-pt\/wp-json\/wp\/v2\/product_brand?post=79679"},{"taxonomy":"product_cat","embeddable":true,"href":"https:\/\/hajimekarate.com\/pt-pt\/wp-json\/wp\/v2\/product_cat?post=79679"},{"taxonomy":"product_tag","embeddable":true,"href":"https:\/\/hajimekarate.com\/pt-pt\/wp-json\/wp\/v2\/product_tag?post=79679"}],"curies":[{"name":"wp","href":"https:\/\/api.w.org\/{rel}","templated":true}]}}