{"id":79563,"date":"2024-12-16T16:24:51","date_gmt":"2024-12-16T15:24:51","guid":{"rendered":"https:\/\/hajimekarate.com\/comprar\/karategui-tokaido-kumite-master-raw-wkf\/"},"modified":"2026-01-27T18:13:37","modified_gmt":"2026-01-27T17:13:37","slug":"karategui-tokaido-kumite-master-raw-wkf","status":"publish","type":"product","link":"https:\/\/hajimekarate.com\/pt-pt\/comprar\/karategui-tokaido-kumite-master-raw-wkf\/","title":{"rendered":"Karategui Tokaido | Kumite Master Raw | WKF"},"content":{"rendered":"<p><strong>Carater\u00edsticas t\u00e9cnicas::<br \/>\n<\/strong>\u2013 Cor: Branco.<\/p>\n<p>\u2013 Tecido: 100% Poli\u00e9ster.<\/p>\n<p>\u2013 Indicado para Kumite.<\/p>\n<p>\u2013 Corte: Corte Kumite.<\/p>\n<p>\u2013 Peso: 3.5 on\u00e7as.<\/p>\n<p>\u2013 Recomendado para: Avan\u00e7ados e Profissionais.<\/p>\n<p>\u2013 Este Karategui \u00e9 usado por Karatecas ativos em todo o mundo.<\/p>\n<p>\u2013 Fato homologado pela WKF para o per\u00edodo de 2025 a 2029.<\/p>\n<p>\u2013 Bordado opcional nos ombros por um custo adicional.<\/p>\n<p>\u2013 Muito confort\u00e1vel gra\u00e7as \u00e0 cintura el\u00e1stica extralarga.<\/p>\n<p>\u2013 O tecido foi desenvolvido de forma a que o suor e a \u00e1gua sequem rapidamente.<\/p>\n<p>\u2013 O design simples e o ajuste solto tornam o fato ideal para o treino de Kumite.<\/p>\n<p>\u2013 Gra\u00e7as ao seu interior rugoso, o Karategui adere menos \u00e0 pele, mesmo quando se transpira muito.<\/p>\n<p>\u2013 Log\u00f3tipo Tokaido elegante bordado no peito direito e na nuca.<\/p>\n<p>\u2013 Gra\u00e7as ao poli\u00e9ster o fato quase n\u00e3o encolhe, mesmo ap\u00f3s muitas lavagens, pelo que mant\u00e9m a sua forma.<\/p>\n<p>\u2013 Tamanhos a partir de 160 cm em intervalos de 5 cm, para uma melhor correspond\u00eancia de tamanhos com a tua altura.<\/p>\n<p>\u2013 O tecido \u00e9 completamente opaco, mesmo que o fato esteja h\u00famido, n\u00e3o transparece. <\/p>\n<p>\u2013 100% poli\u00e9ster, com 3,5 on\u00e7as. <\/p>\n<p>\u2013 O fato inclui casaco e cal\u00e7as.<\/p>\n","protected":false},"excerpt":{"rendered":"<p>O Karategui Tokaido Kumite Master Raw \u00e9 um fato de Karat\u00e9 ultra-leve para competi\u00e7\u00f5es de Kumite, com uma fant\u00e1stica rela\u00e7\u00e3o qualidade\/pre\u00e7o. As cal\u00e7as t\u00eam uma cintura el\u00e1stica extralarga e macia que as torna muito confort\u00e1veis, uma vez que o el\u00e1stico n\u00e3o tem pontos de press\u00e3o. Este Karategui \u00e9 fabricado com um m\u00e9todo inovador que garante uma longa durabilidade e resist\u00eancia.  <\/p>\n<p>Pode acrescentar o log\u00f3tipo TOKAIDO <strong>bordado nos ombros, essencial para as competi\u00e7\u00f5es internacionais da WKF.<\/strong><span style=\"color: red;\"><br \/>\n<\/span><\/p>\n","protected":false},"featured_media":79515,"template":"","meta":{"_joinchat":[]},"product_brand":[],"product_cat":[2911,2931,2933,2483,3134,2480,3205,339,2399,3150,334,340],"product_tag":[3337,3146,2628,3287],"class_list":{"0":"post-79563","1":"product","2":"type-product","3":"status-publish","4":"has-post-thumbnail","6":"product_cat-equipamento-de-karate-personalizado","7":"product_cat-kaiten-chaqueta-bordado-pt-pt","8":"product_cat-kaiten-pantalon-bordado-pt-pt","9":"product_cat-fato-karate-kumite","10":"product_cat-karate-competicao","11":"product_cat-karategui-kumite-wkf","12":"product_cat-karateguis-tokaido-pt","13":"product_cat-karateguis-wkf","14":"product_cat-kumite-concurso","15":"product_cat-tokaido-pt","16":"product_cat-karateguis","17":"product_cat-marcas","18":"product_tag-blackfriday-club-25-pt","19":"product_tag-blackfriday-pt","20":"product_tag-club-20-pt-pt","21":"product_tag-shop-35-pt","23":"first","24":"instock","25":"taxable","26":"shipping-taxable","27":"purchasable","28":"product-type-variable"},"_links":{"self":[{"href":"https:\/\/hajimekarate.com\/pt-pt\/wp-json\/wp\/v2\/product\/79563","targetHints":{"allow":["GET"]}}],"collection":[{"href":"https:\/\/hajimekarate.com\/pt-pt\/wp-json\/wp\/v2\/product"}],"about":[{"href":"https:\/\/hajimekarate.com\/pt-pt\/wp-json\/wp\/v2\/types\/product"}],"wp:featuredmedia":[{"embeddable":true,"href":"https:\/\/hajimekarate.com\/pt-pt\/wp-json\/wp\/v2\/media\/79515"}],"wp:attachment":[{"href":"https:\/\/hajimekarate.com\/pt-pt\/wp-json\/wp\/v2\/media?parent=79563"}],"wp:term":[{"taxonomy":"product_brand","embeddable":true,"href":"https:\/\/hajimekarate.com\/pt-pt\/wp-json\/wp\/v2\/product_brand?post=79563"},{"taxonomy":"product_cat","embeddable":true,"href":"https:\/\/hajimekarate.com\/pt-pt\/wp-json\/wp\/v2\/product_cat?post=79563"},{"taxonomy":"product_tag","embeddable":true,"href":"https:\/\/hajimekarate.com\/pt-pt\/wp-json\/wp\/v2\/product_tag?post=79563"}],"curies":[{"name":"wp","href":"https:\/\/api.w.org\/{rel}","templated":true}]}}