{"id":7911,"date":"2018-09-10T21:08:15","date_gmt":"2018-09-10T19:08:15","guid":{"rendered":"https:\/\/hajimekarate.com\/comprar\/fato-shureido-new-wave-1\/"},"modified":"2026-02-26T11:51:05","modified_gmt":"2026-02-26T10:51:05","slug":"karategui-shureido-new-wave-1","status":"publish","type":"product","link":"https:\/\/hajimekarate.com\/pt-pt\/comprar\/karategui-shureido-new-wave-1\/","title":{"rendered":"Karategui Shureido New Wave 1"},"content":{"rendered":"<p>O Karategui Shureido New Wave 1 \u00e9 o mais leve da linha de Karateguis New Wave da Shureido.<\/p>\n<p>Tem a mesma composi\u00e7\u00e3o de tecido que o New Wave 3, mas com uma gramatura inferior, pelo que o conforto e a leveza seriam as suas duas melhores qualidades. Mas, ao mesmo tempo, ao utilizar o mesmo tecido continua a proporcionar ao Karateca o mesmo desempenho que o New Wave 3, mas com maior soltura e versatilidade.<\/p>\n<p>\u00c9 ideal para o treino e pr\u00e1tica de Kumite.<\/p>\n<p>Se procura um Gui de qualidade que lhe d\u00ea a liberdade e versatilidade para treinar o Karategui Shureido New Wave 1 \u00e9 a melhor op\u00e7\u00e3o.<\/p>\n<p><img loading=\"lazy\" decoding=\"async\" class=\"aligncenter wp-image-25727 size-full\" src=\"https:\/\/hajimekarate.com\/wp-content\/uploads\/2018\/09\/Shureido-New-Wave.png\" alt=\"guia de tamanhos new wave\" width=\"949\" height=\"323\" srcset=\"https:\/\/hajimekarate.com\/wp-content\/uploads\/2018\/09\/Shureido-New-Wave.png 949w, https:\/\/hajimekarate.com\/wp-content\/uploads\/2018\/09\/Shureido-New-Wave-600x204.png 600w, https:\/\/hajimekarate.com\/wp-content\/uploads\/2018\/09\/Shureido-New-Wave-300x102.png 300w, https:\/\/hajimekarate.com\/wp-content\/uploads\/2018\/09\/Shureido-New-Wave-768x261.png 768w\" sizes=\"auto, (max-width: 949px) 100vw, 949px\" \/><\/p>\n","protected":false},"excerpt":{"rendered":"<p>Karategui Shureido New Wave 1. Dentro da s\u00e9rie NEW WAVE este Karategui \u00e9 o mais leve de todos.<br \/>\n<a href=\"https:\/\/hajimekarate.com\/pt-pt\/diferencas-entre-os-karategis-shureido-new-wave-1-2-e-3-qual-e-o-melhor-para-voce\/\" target=\"_blank\" rel=\"noopener\">Descubra as diferen\u00e7as entre os modelos New Wave 1, 2 e 3 aqui.<\/a><\/p>\n","protected":false},"featured_media":7927,"template":"","meta":{"_joinchat":[]},"product_brand":[],"product_cat":[2911,2917,2912,1897,3113,337,3126,334,342],"product_tag":[3334,3146,2622],"class_list":{"0":"post-7911","1":"product","2":"type-product","3":"status-publish","4":"has-post-thumbnail","6":"product_cat-equipamento-de-karate-personalizado","7":"product_cat-shureido-calcas-a-medida","8":"product_cat-shureido-casaco-a-medida","9":"product_cat-fatos-shureido-personalizables","10":"product_cat-karate-tradicional-pt","11":"product_cat-karateguis-shureido","12":"product_cat-shureido-tradicional-pt-pt","13":"product_cat-karateguis","14":"product_cat-shureido","15":"product_tag-blackfriday-club-15-pt","16":"product_tag-blackfriday-pt","17":"product_tag-club-10-pt","19":"first","20":"instock","21":"taxable","22":"shipping-taxable","23":"purchasable","24":"product-type-variable"},"_links":{"self":[{"href":"https:\/\/hajimekarate.com\/pt-pt\/wp-json\/wp\/v2\/product\/7911","targetHints":{"allow":["GET"]}}],"collection":[{"href":"https:\/\/hajimekarate.com\/pt-pt\/wp-json\/wp\/v2\/product"}],"about":[{"href":"https:\/\/hajimekarate.com\/pt-pt\/wp-json\/wp\/v2\/types\/product"}],"wp:featuredmedia":[{"embeddable":true,"href":"https:\/\/hajimekarate.com\/pt-pt\/wp-json\/wp\/v2\/media\/7927"}],"wp:attachment":[{"href":"https:\/\/hajimekarate.com\/pt-pt\/wp-json\/wp\/v2\/media?parent=7911"}],"wp:term":[{"taxonomy":"product_brand","embeddable":true,"href":"https:\/\/hajimekarate.com\/pt-pt\/wp-json\/wp\/v2\/product_brand?post=7911"},{"taxonomy":"product_cat","embeddable":true,"href":"https:\/\/hajimekarate.com\/pt-pt\/wp-json\/wp\/v2\/product_cat?post=7911"},{"taxonomy":"product_tag","embeddable":true,"href":"https:\/\/hajimekarate.com\/pt-pt\/wp-json\/wp\/v2\/product_tag?post=7911"}],"curies":[{"name":"wp","href":"https:\/\/api.w.org\/{rel}","templated":true}]}}