{"id":7877,"date":"2018-09-10T21:09:03","date_gmt":"2018-09-10T19:09:03","guid":{"rendered":"https:\/\/hajimekarate.com\/comprar\/fato-shureido-new-wave-3\/"},"modified":"2026-04-02T16:40:18","modified_gmt":"2026-04-02T14:40:18","slug":"fato-shureido-new-wave-3","status":"publish","type":"product","link":"https:\/\/hajimekarate.com\/pt-pt\/comprar\/fato-shureido-new-wave-3\/","title":{"rendered":"Karategui Shureido New Wave 3 | Plain"},"content":{"rendered":"[vc_row type=&#8221;in_container&#8221; full_screen_row_position=&#8221;middle&#8221; column_margin=&#8221;default&#8221; column_direction=&#8221;default&#8221; column_direction_tablet=&#8221;default&#8221; column_direction_phone=&#8221;default&#8221; scene_position=&#8221;center&#8221; text_color=&#8221;dark&#8221; text_align=&#8221;left&#8221; row_border_radius=&#8221;none&#8221; row_border_radius_applies=&#8221;bg&#8221; overflow=&#8221;visible&#8221; overlay_strength=&#8221;0.3&#8243; gradient_direction=&#8221;left_to_right&#8221; shape_divider_position=&#8221;bottom&#8221; bg_image_animation=&#8221;none&#8221;][vc_column column_padding=&#8221;no-extra-padding&#8221; column_padding_tablet=&#8221;inherit&#8221; column_padding_phone=&#8221;inherit&#8221; column_padding_position=&#8221;all&#8221; column_element_direction_desktop=&#8221;default&#8221; column_element_spacing=&#8221;default&#8221; desktop_text_alignment=&#8221;default&#8221; tablet_text_alignment=&#8221;default&#8221; phone_text_alignment=&#8221;default&#8221; background_color_opacity=&#8221;1&#8243; background_hover_color_opacity=&#8221;1&#8243; column_backdrop_filter=&#8221;none&#8221; column_shadow=&#8221;none&#8221; column_border_radius=&#8221;none&#8221; column_link_target=&#8221;_self&#8221; column_position=&#8221;default&#8221; gradient_direction=&#8221;left_to_right&#8221; overlay_strength=&#8221;0.3&#8243; width=&#8221;1\/1&#8243; tablet_width_inherit=&#8221;default&#8221; animation_type=&#8221;default&#8221; bg_image_animation=&#8221;none&#8221; border_type=&#8221;simple&#8221; column_border_width=&#8221;none&#8221; column_border_style=&#8221;solid&#8221;][vc_column_text]Karategui Shureido New Wave 3. Vem SEM o bordado da marca Shureido no peito e na nuca e sem a etiqueta WKF. Adequado para Instrutores que procuram o mesmo corte e tecido que o New Wave 3, mas apenas com a etiqueta da Shureido na aba.<\/p>\n<p>O Karategui Shureido New Wave 3 \u00e9 um dos Karateguis mais populares para Kata. O seu efeito SNAP \u00e9 inigual\u00e1vel e o mesmo acontece com a sua presen\u00e7a. O Karategui real\u00e7a a pot\u00eancia do Karateca e a precis\u00e3o dos seus movimentos com cada som, em cada posi\u00e7\u00e3o. A aba fica \u00e0 altura certa e permanece esticada atr\u00e1s sem cair. O mesmo corte do Karategui est\u00e1 mais ajustado ao corpo do Karateka, mais adaptado.<\/p>\n<p>Caracter\u00edsticas especiais do tecido: O fio \u00e9 uma linha com estrutura dupla que cont\u00e9m grampos de poli\u00e9ster como n\u00facleo central cobertos com algod\u00e3o. Este material inovador tem uma textura agrad\u00e1vel para a pele e, ao mesmo tempo, apresenta um n\u00facleo central forte e \u00fanico. O Snap que este Karategui proporciona \u00e9 inigual\u00e1vel.<\/p>\n<p>\u00c9 um Karategui de peso pesado, composto por uma mistura de poli\u00e9ster e algod\u00e3o. Adequado para movimentos din\u00e2micos. O tecido \u00e9 excepcionalmente firme. Mant\u00e9m a sua forma com um sistema de costura especial que, por sua vez, absorve o suor nas costas.<\/p>\n<p>O grau de encolhimento no comprimento do casaco e das cal\u00e7as \u00e9 de 2 cm.NW-3 peso de refer\u00eancia: 1,5 kg \/ tamanho 4 &#8211; Casaco e cal\u00e7as<\/p>\n<p>&nbsp;<\/p>\n<div class=\"tabContainer\">\n<div class=\"formatoTab\">\n<table class=\"tallas\">\n<caption>* Pode variar cerca de 1 a 2 cm, uma vez que \u00e9 feito artesanalmente.<\/caption>\n<colgroup>\n<col class=\"cellFit1\" span=\"1\">\n<col class=\"cellFit1\" span=\"2\">\n<col> <\/colgroup>\n<thead>\n<tr>\n<th class=\"cellFit1\" rowspan=\"4\">Shureido:<br \/>\nNew Wave 3<\/th>\n<th class=\"cellFit2\" rowspan=\"4\">Encolhimento<\/th>\n<th class=\"cellFit3\" colspan=\"1\">Tamanho<\/th>\n<th colspan=\"11\"><\/th>\n<\/tr>\n<tr><!--\n\n\n<th>1,5<\/th>\n\n\n\n\n<th>2<\/th>\n\n\n\n\n<th>2,5<\/th>\n\n\n--><\/p>\n<th>3<\/th>\n<th>3,5<\/th>\n<th>4<\/th>\n<th>4,5<\/th>\n<th>5<\/th>\n<th>5,5<\/th>\n<th>6<\/th>\n<p><!--\n\n\n<th>6,5<\/th>\n\n\n\n\n<th>7<\/th>\n\n\n--><\/tr>\n<tr>\n<th class=\"cellFit3\" colspan=\"1\">cm.<\/th>\n<th colspan=\"11\"><\/th>\n<\/tr>\n<tr><!--\n\n\n<th>140<\/th>\n\n\n\n\n<th>150<\/th>\n\n\n\n\n<th>155<\/th>\n\n\n--><\/p>\n<th>160<\/th>\n<th>165<\/th>\n<th>170<\/th>\n<th>175<\/th>\n<th>180<\/th>\n<th>185<\/th>\n<th>190<\/th>\n<p><!--\n\n\n<th>195<\/th>\n\n\n\n\n<th>200<\/th>\n\n\n--><\/tr>\n<tr>\n<th colspan=\"14\"><\/th>\n<\/tr>\n<\/thead>\n<tbody>\n<tr>\n<td class=\"cellFit1\">Comprimento do casaco<\/td>\n<td class=\"cellFit2\">Cerca de 2 cm.<\/td>\n<p><!--\n\n\n<td>68<\/td>\n\n\n\n\n<td>72<\/td>\n\n\n\n\n<td>76<\/td>\n\n\n--><\/p>\n<td>80<\/td>\n<td>84<\/td>\n<td>87<\/td>\n<td>90<\/td>\n<td>93<\/td>\n<td>96<\/td>\n<td>99<\/td>\n<p><!--\n\n\n<td>102<\/td>\n\n\n\n\n<td>105<\/td>\n\n\n--><\/tr>\n<tr>\n<td class=\"cellFit1\">Largura do casaco<\/td>\n<td class=\"cellFit2\"><\/td>\n<p><!--\n\n\n<td>50<\/td>\n\n\n\n\n<td>53<\/td>\n\n\n\n\n<td>55<\/td>\n\n\n--><\/p>\n<td>57<\/td>\n<td>59<\/td>\n<td>61<\/td>\n<td>63<\/td>\n<td>65<\/td>\n<td>67<\/td>\n<td>69<\/td>\n<p><!--\n\n\n<td>71<\/td>\n\n\n\n\n<td>73<\/td>\n\n\n--><\/tr>\n<tr>\n<td class=\"cellFit1\">Manga<\/td>\n<td class=\"cellFit2\"><\/td>\n<p><!--\n\n\n<td>37<\/td>\n\n\n\n\n<td>38<\/td>\n\n\n\n\n<td>39<\/td>\n\n\n--><\/p>\n<td>41<\/td>\n<td>42<\/td>\n<td>43<\/td>\n<td>44<\/td>\n<td>46<\/td>\n<td>47<\/td>\n<td>49<\/td>\n<p><!--\n\n\n<td>50<\/td>\n\n\n\n\n<td>52<\/td>\n\n\n--><\/tr>\n<tr>\n<td class=\"cellFit1\">Comprimento das cal\u00e7as<\/td>\n<td class=\"cellFit2\">Cerca de 2 cm.<\/td>\n<p><!--\n\n\n<td>79<\/td>\n\n\n\n\n<td>82<\/td>\n\n\n\n\n<td>87<\/td>\n\n\n--><\/p>\n<td>86<\/td>\n<td>92<\/td>\n<td>96<\/td>\n<td>99<\/td>\n<td>102<\/td>\n<td>106<\/td>\n<td>110<\/td>\n<p><!--\n\n\n<td>114<\/td>\n\n\n\n\n<td>118<\/td>\n\n\n--><\/tr>\n<tr>\n<td class=\"cellFit1\">Cinta<\/td>\n<td class=\"cellFit2\"><\/td>\n<p><!--\n\n\n<td>38<\/td>\n\n\n\n\n<td>42<\/td>\n\n\n\n\n<td>46<\/td>\n\n\n--><\/p>\n<td>48<\/td>\n<td>50<\/td>\n<td>52<\/td>\n<td>54<\/td>\n<td>56<\/td>\n<td>58<\/td>\n<td>60<\/td>\n<p><!--\n\n\n<td>62<\/td>\n\n\n\n\n<td>64<\/td>\n\n\n--><\/tr>\n<\/tbody>\n<\/table>\n<\/div>\n<\/div>\n[\/vc_column_text][\/vc_column][\/vc_row]\n","protected":false},"excerpt":{"rendered":"<p>Karategui Shureido New Wave 3 Plain (sem bordados). Ideal para Senseis que procuram o mesmo estilo, tipo de corte e tecido que o New Wave 3 WKF, mas apenas com a etiqueta da Shureido na aba.<br \/>\n<strong><a href=\"https:\/\/hajimekarate.com\/pt-pt\/diferencas-entre-os-karategis-shureido-new-wave-1-2-e-3-qual-e-o-melhor-para-voce\/\" target=\"_blank\" rel=\"noopener\">Descubra as diferen\u00e7as entre os modelos New Wave 1, 2 e 3 aqui.<\/a><\/strong><\/p>\n","protected":false},"featured_media":34567,"template":"","meta":{"_joinchat":[]},"product_brand":[],"product_cat":[2911,2917,2918,2912,2921,1897,3113,337,2477,3126,334,342],"product_tag":[3146,2622],"class_list":{"0":"post-7877","1":"product","2":"type-product","3":"status-publish","4":"has-post-thumbnail","6":"product_cat-equipamento-de-karate-personalizado","7":"product_cat-shureido-calcas-a-medida","8":"product_cat-shureido-calcas-bordados","9":"product_cat-shureido-casaco-a-medida","10":"product_cat-shureido-casaco-bordados","11":"product_cat-fatos-shureido-personalizables","12":"product_cat-karate-tradicional-pt","13":"product_cat-karateguis-shureido","14":"product_cat-kata-treino","15":"product_cat-shureido-tradicional-pt-pt","16":"product_cat-karateguis","17":"product_cat-shureido","18":"product_tag-blackfriday-pt","19":"product_tag-club-10-pt","21":"first","22":"instock","23":"taxable","24":"shipping-taxable","25":"purchasable","26":"product-type-variable","27":"has-default-attributes"},"_links":{"self":[{"href":"https:\/\/hajimekarate.com\/pt-pt\/wp-json\/wp\/v2\/product\/7877","targetHints":{"allow":["GET"]}}],"collection":[{"href":"https:\/\/hajimekarate.com\/pt-pt\/wp-json\/wp\/v2\/product"}],"about":[{"href":"https:\/\/hajimekarate.com\/pt-pt\/wp-json\/wp\/v2\/types\/product"}],"wp:featuredmedia":[{"embeddable":true,"href":"https:\/\/hajimekarate.com\/pt-pt\/wp-json\/wp\/v2\/media\/34567"}],"wp:attachment":[{"href":"https:\/\/hajimekarate.com\/pt-pt\/wp-json\/wp\/v2\/media?parent=7877"}],"wp:term":[{"taxonomy":"product_brand","embeddable":true,"href":"https:\/\/hajimekarate.com\/pt-pt\/wp-json\/wp\/v2\/product_brand?post=7877"},{"taxonomy":"product_cat","embeddable":true,"href":"https:\/\/hajimekarate.com\/pt-pt\/wp-json\/wp\/v2\/product_cat?post=7877"},{"taxonomy":"product_tag","embeddable":true,"href":"https:\/\/hajimekarate.com\/pt-pt\/wp-json\/wp\/v2\/product_tag?post=7877"}],"curies":[{"name":"wp","href":"https:\/\/api.w.org\/{rel}","templated":true}]}}