{"id":7826,"date":"2018-09-10T21:19:19","date_gmt":"2018-09-10T19:19:19","guid":{"rendered":"https:\/\/hajimekarate.com\/comprar\/karategui-shureido-waza-wkf\/"},"modified":"2026-01-21T10:54:01","modified_gmt":"2026-01-21T09:54:01","slug":"shureido-waza-wkf","status":"publish","type":"product","link":"https:\/\/hajimekarate.com\/pt-pt\/comprar\/shureido-waza-wkf\/","title":{"rendered":"Karategui Shureido Waza Logo | Op\u00e7\u00e3o de etiqueta WKF"},"content":{"rendered":"[vc_row type=&#8221;in_container&#8221; full_screen_row_position=&#8221;middle&#8221; column_margin=&#8221;default&#8221; column_direction=&#8221;default&#8221; column_direction_tablet=&#8221;default&#8221; column_direction_phone=&#8221;default&#8221; scene_position=&#8221;center&#8221; text_color=&#8221;dark&#8221; text_align=&#8221;left&#8221; row_border_radius=&#8221;none&#8221; row_border_radius_applies=&#8221;bg&#8221; overflow=&#8221;visible&#8221; overlay_strength=&#8221;0.3&#8243; gradient_direction=&#8221;left_to_right&#8221; shape_divider_position=&#8221;bottom&#8221; bg_image_animation=&#8221;none&#8221;][vc_column column_padding=&#8221;no-extra-padding&#8221; column_padding_tablet=&#8221;inherit&#8221; column_padding_phone=&#8221;inherit&#8221; column_padding_position=&#8221;all&#8221; column_element_direction_desktop=&#8221;default&#8221; column_element_spacing=&#8221;default&#8221; desktop_text_alignment=&#8221;default&#8221; tablet_text_alignment=&#8221;default&#8221; phone_text_alignment=&#8221;default&#8221; background_color_opacity=&#8221;1&#8243; background_hover_color_opacity=&#8221;1&#8243; column_backdrop_filter=&#8221;none&#8221; column_shadow=&#8221;none&#8221; column_border_radius=&#8221;none&#8221; column_link_target=&#8221;_self&#8221; column_position=&#8221;default&#8221; gradient_direction=&#8221;left_to_right&#8221; overlay_strength=&#8221;0.3&#8243; width=&#8221;1\/1&#8243; tablet_width_inherit=&#8221;default&#8221; animation_type=&#8221;default&#8221; bg_image_animation=&#8221;none&#8221; border_type=&#8221;simple&#8221; column_border_width=&#8221;none&#8221; column_border_style=&#8221;solid&#8221;][vc_column_text]<span style=\"font-weight: 400;\">O Karategui Shureido Waza \u00e9 um fato de competi\u00e7\u00e3o fabricado em Okinawa.<\/span><\/p>\n<p><span style=\"font-weight: 400;\">\u00c9 um Karategui concebido pela Shureido especialmente para os competidores de Kumite. O Waza destaca-se pela sua leveza e respirabilidade, o que proporciona aos Karatecas uma excelente comodidade quando no Tatami.<\/span><\/p>\n<p><span style=\"font-weight: 400;\">O Shureido Waza \u00e9 um Karategui com um brilho espetacular, trata-se de um fato com um corte elegante e que se adapta totalmente ao corpo real\u00e7ando a tua figura. Al\u00e9m disso, tem um tom branco caracter\u00edstico de toda a gama de Karateguis da Shureido e que \u00e9 muito vistoso.<\/span><\/p>\n<p>Se estiveres \u00e0 procura de um fato para Kumite o Karategui Shureido Waza \u00e9 definitivamente a melhor escolha.<\/p>\n<div style=\"width: 1080px;\" class=\"wp-video\"><!--[if lt IE 9]><script>document.createElement('video');<\/script><![endif]-->\n<video class=\"wp-video-shortcode\" id=\"video-7826-1\" width=\"1080\" height=\"608\" preload=\"metadata\" controls=\"controls\"><source type=\"video\/mp4\" src=\"https:\/\/hajimekarate.com\/wp-content\/uploads\/2018\/09\/Kumite-Gi-Waza-baja.mp4?_=1\" \/><a href=\"https:\/\/hajimekarate.com\/wp-content\/uploads\/2018\/09\/Kumite-Gi-Waza-baja.mp4\">https:\/\/hajimekarate.com\/wp-content\/uploads\/2018\/09\/Kumite-Gi-Waza-baja.mp4<\/a><\/video><\/div>\n[\/vc_column_text][\/vc_column][\/vc_row]\n","protected":false},"excerpt":{"rendered":"<p>Karategui Shureido Waza. Vem com o log\u00f3tipo Shureido bordado no peito e na nuca. \u00c9 um Karategui concebido para os competidores do Kumite. O seu tecido ultraleve facilita o movimento, a respirabilidade e o conforto. N\u00e3o \u00e9 v\u00e1lido para competi\u00e7\u00f5es da WKF.<\/p>\n","protected":false},"featured_media":32358,"template":"","meta":{"_joinchat":[]},"product_brand":[],"product_cat":[2911,2918,2921,1892,2405,2483,1897,3134,2480,337,339,2399,1374,3138,334,342],"product_tag":[3334,3146,2622],"class_list":{"0":"post-7826","1":"product","2":"type-product","3":"status-publish","4":"has-post-thumbnail","6":"product_cat-equipamento-de-karate-personalizado","7":"product_cat-shureido-calcas-bordados","8":"product_cat-shureido-casaco-bordados","9":"product_cat-competidores-de-pouso-de-equipamentos-de-alta-competicao","10":"product_cat-competidores-landing-personalizacao","11":"product_cat-fato-karate-kumite","12":"product_cat-fatos-shureido-personalizables","13":"product_cat-karate-competicao","14":"product_cat-karategui-kumite-wkf","15":"product_cat-karateguis-shureido","16":"product_cat-karateguis-wkf","17":"product_cat-kumite-concurso","18":"product_cat-promocoes-pt-pt","19":"product_cat-shureido-competicao","20":"product_cat-karateguis","21":"product_cat-shureido","22":"product_tag-blackfriday-club-15-pt","23":"product_tag-blackfriday-pt","24":"product_tag-club-10-pt","26":"first","27":"instock","28":"sale","29":"taxable","30":"shipping-taxable","31":"purchasable","32":"product-type-variable","33":"has-default-attributes"},"_links":{"self":[{"href":"https:\/\/hajimekarate.com\/pt-pt\/wp-json\/wp\/v2\/product\/7826","targetHints":{"allow":["GET"]}}],"collection":[{"href":"https:\/\/hajimekarate.com\/pt-pt\/wp-json\/wp\/v2\/product"}],"about":[{"href":"https:\/\/hajimekarate.com\/pt-pt\/wp-json\/wp\/v2\/types\/product"}],"wp:featuredmedia":[{"embeddable":true,"href":"https:\/\/hajimekarate.com\/pt-pt\/wp-json\/wp\/v2\/media\/32358"}],"wp:attachment":[{"href":"https:\/\/hajimekarate.com\/pt-pt\/wp-json\/wp\/v2\/media?parent=7826"}],"wp:term":[{"taxonomy":"product_brand","embeddable":true,"href":"https:\/\/hajimekarate.com\/pt-pt\/wp-json\/wp\/v2\/product_brand?post=7826"},{"taxonomy":"product_cat","embeddable":true,"href":"https:\/\/hajimekarate.com\/pt-pt\/wp-json\/wp\/v2\/product_cat?post=7826"},{"taxonomy":"product_tag","embeddable":true,"href":"https:\/\/hajimekarate.com\/pt-pt\/wp-json\/wp\/v2\/product_tag?post=7826"}],"curies":[{"name":"wp","href":"https:\/\/api.w.org\/{rel}","templated":true}]}}