{"id":7771,"date":"2018-09-10T21:20:18","date_gmt":"2018-09-10T19:20:18","guid":{"rendered":"https:\/\/hajimekarate.com\/comprar\/karategui-kaiten-spirit-revolution\/"},"modified":"2026-01-20T17:20:48","modified_gmt":"2026-01-20T16:20:48","slug":"karategui-spirit-revolution","status":"publish","type":"product","link":"https:\/\/hajimekarate.com\/pt-pt\/comprar\/karategui-spirit-revolution\/","title":{"rendered":"Karategui Kaiten Spirit Revolution | Slim\/Regular"},"content":{"rendered":"<p>O Spirit Revolution Karategui tem um \u00f3timo corte com um tecido 100% algod\u00e3o de peso m\u00e9dio. Nas palavras dos nossos clientes, este fato kaiten \u00e9 imbat\u00edvel para esta gama de pre\u00e7os.<\/p>\n","protected":false},"excerpt":{"rendered":"<p>O Karategui Kaiten Spirit \u00e9 feito com tecido 100% algod\u00e3o, 12 on\u00e7as. A escolha ideal para treino ou exames de Dan. Dispon\u00edvel na vers\u00e3o Regular ou Slim, esta para pessoas magras e altas porque vem com as mangas, as cal\u00e7as e o casaco mais compridos e ligeiramente mais estreitos.<\/p>\n","protected":false},"featured_media":32650,"template":"","meta":{"_joinchat":[]},"product_brand":[],"product_cat":[2911,2932,2930,2931,2933,1896,3130,3113,335,2477,334,341],"product_tag":[2624],"class_list":{"0":"post-7771","1":"product","2":"type-product","3":"status-publish","4":"has-post-thumbnail","6":"product_cat-equipamento-de-karate-personalizado","7":"product_cat-kaiten-calcas-a-medida","8":"product_cat-kaiten-casaco-a-medida","9":"product_cat-kaiten-chaqueta-bordado-pt-pt","10":"product_cat-kaiten-pantalon-bordado-pt-pt","11":"product_cat-fatos-kaiten-personalizados","12":"product_cat-kaiten-tradicional-pt-pt","13":"product_cat-karate-tradicional-pt","14":"product_cat-karateguis-kaiten","15":"product_cat-kata-treino","16":"product_cat-karateguis","17":"product_cat-kaiten","18":"product_tag-club-13-pt","20":"first","21":"instock","22":"taxable","23":"shipping-taxable","24":"purchasable","25":"product-type-variable","26":"has-default-attributes"},"_links":{"self":[{"href":"https:\/\/hajimekarate.com\/pt-pt\/wp-json\/wp\/v2\/product\/7771","targetHints":{"allow":["GET"]}}],"collection":[{"href":"https:\/\/hajimekarate.com\/pt-pt\/wp-json\/wp\/v2\/product"}],"about":[{"href":"https:\/\/hajimekarate.com\/pt-pt\/wp-json\/wp\/v2\/types\/product"}],"wp:featuredmedia":[{"embeddable":true,"href":"https:\/\/hajimekarate.com\/pt-pt\/wp-json\/wp\/v2\/media\/32650"}],"wp:attachment":[{"href":"https:\/\/hajimekarate.com\/pt-pt\/wp-json\/wp\/v2\/media?parent=7771"}],"wp:term":[{"taxonomy":"product_brand","embeddable":true,"href":"https:\/\/hajimekarate.com\/pt-pt\/wp-json\/wp\/v2\/product_brand?post=7771"},{"taxonomy":"product_cat","embeddable":true,"href":"https:\/\/hajimekarate.com\/pt-pt\/wp-json\/wp\/v2\/product_cat?post=7771"},{"taxonomy":"product_tag","embeddable":true,"href":"https:\/\/hajimekarate.com\/pt-pt\/wp-json\/wp\/v2\/product_tag?post=7771"}],"curies":[{"name":"wp","href":"https:\/\/api.w.org\/{rel}","templated":true}]}}