{"id":7766,"date":"2018-09-15T13:35:36","date_gmt":"2018-09-15T11:35:36","guid":{"rendered":"https:\/\/hajimekarate.com\/comprar\/cinto-vermelho-e-branco-6o-7o-8o-dan-shureido\/"},"modified":"2025-04-28T10:02:09","modified_gmt":"2025-04-28T08:02:09","slug":"cinto-vermelho-e-branco-6o-7o-8o-dan-shureido","status":"publish","type":"product","link":"https:\/\/hajimekarate.com\/pt-pt\/comprar\/cinto-vermelho-e-branco-6o-7o-8o-dan-shureido\/","title":{"rendered":"Cinto Shureido Vermelho e Branco 6\u00ba, 7\u00ba e 8\u00ba DAN"},"content":{"rendered":"","protected":false},"excerpt":{"rendered":"<p>Cinto de Karat\u00e9 vermelho e branco, da Shureido, de grossura especial para 6\u00ba, 7\u00ba e 8\u00ba Dan, 100% algod\u00e3o. O prazo de entrega aproximado, seja personalizado ou n\u00e3o, \u00e9 de 4 meses.<\/p>\n<p>Se quiser <strong>personalizar o seu cinto de Karat\u00e9<\/strong>, oferecemos-lhe duas op\u00e7\u00f5es:<\/p>\n<ol>\n<li><strong>Bordado no Jap\u00e3o:<\/strong> Personaliza\u00e7\u00e3o feita na f\u00e1brica (Okinawa). Acabamento excepcional, artesanal e \u00fanico. O bordado n\u00e3o atravessa o cinto porque \u00e9 feito durante o processo de fabrico, exclusivamente para si. Tempo de espera: aproximadamente 4 meses.<\/li>\n<li><strong>Bordado na Europa:<\/strong> Personaliza\u00e7\u00e3o feita na Europa. Acabamento elegante e de elevada qualidade. O bordado atravessa o cinto uma vez que \u00e9 feito depois do fabrico deste. Tempo de espera: aproximadamente 1 m\u00eas. Para al\u00e9m do tempo de espera pelo cinto (3\/4 meses). Total de 4\/5 meses.<\/li>\n<\/ol>\n","protected":false},"featured_media":6714,"template":"","meta":{"_joinchat":[]},"product_brand":[],"product_cat":[1893,328,332,342],"product_tag":[],"class_list":{"0":"post-7766","1":"product","2":"type-product","3":"status-publish","4":"has-post-thumbnail","6":"product_cat-cintos-personalizados","7":"product_cat-cintos-karate","8":"product_cat-cintos-shureido","9":"product_cat-shureido","11":"first","12":"instock","13":"taxable","14":"shipping-taxable","15":"purchasable","16":"product-type-variable","17":"has-default-attributes"},"_links":{"self":[{"href":"https:\/\/hajimekarate.com\/pt-pt\/wp-json\/wp\/v2\/product\/7766","targetHints":{"allow":["GET"]}}],"collection":[{"href":"https:\/\/hajimekarate.com\/pt-pt\/wp-json\/wp\/v2\/product"}],"about":[{"href":"https:\/\/hajimekarate.com\/pt-pt\/wp-json\/wp\/v2\/types\/product"}],"wp:featuredmedia":[{"embeddable":true,"href":"https:\/\/hajimekarate.com\/pt-pt\/wp-json\/wp\/v2\/media\/6714"}],"wp:attachment":[{"href":"https:\/\/hajimekarate.com\/pt-pt\/wp-json\/wp\/v2\/media?parent=7766"}],"wp:term":[{"taxonomy":"product_brand","embeddable":true,"href":"https:\/\/hajimekarate.com\/pt-pt\/wp-json\/wp\/v2\/product_brand?post=7766"},{"taxonomy":"product_cat","embeddable":true,"href":"https:\/\/hajimekarate.com\/pt-pt\/wp-json\/wp\/v2\/product_cat?post=7766"},{"taxonomy":"product_tag","embeddable":true,"href":"https:\/\/hajimekarate.com\/pt-pt\/wp-json\/wp\/v2\/product_tag?post=7766"}],"curies":[{"name":"wp","href":"https:\/\/api.w.org\/{rel}","templated":true}]}}