{"id":77503,"date":"2024-10-24T15:41:05","date_gmt":"2024-10-24T13:41:05","guid":{"rendered":"https:\/\/hajimekarate.com\/comprar\/tatami-trocellen-progame-green-wkf\/"},"modified":"2025-08-08T14:57:58","modified_gmt":"2025-08-08T12:57:58","slug":"tatami-trocellen-green-wkf","status":"publish","type":"product","link":"https:\/\/hajimekarate.com\/pt-pt\/comprar\/tatami-trocellen-green-wkf\/","title":{"rendered":"Tatami Trocellen ProGame | Green WKF"},"content":{"rendered":"<p style=\"font-weight: 400;\">O design inovador de tr\u00eas camadas do novo Tatami Green WKF da Trocellen permite uma melhor ader\u00eancia ao tapete e uma precis\u00e3o de movimentos nunca antes alcan\u00e7ada pela ProGame. \u00c9 o primeiro Tatami sustent\u00e1vel com qualidade premium. Em compara\u00e7\u00e3o com o modelo anterior resulta em, pelo menos, uma redu\u00e7\u00e3o de 20% das emiss\u00f5es de CO\u2082. Al\u00e9m disso, a nova forma do sistema de uni\u00e3o, com um corte maior, garante um n\u00edvel de estabilidade nunca antes alcan\u00e7ado pela ProGame. Os Tatamis ProGame foram desenvolvidos, testados e aprovados para oferecer solu\u00e7\u00f5es de alta qualidade, tendo em conta as necessidades dos atletas, os requisitos da WKF e os regulamentos de competi\u00e7\u00e3o.    <\/p>\n<p>\u00c9 certificado como um produto de origem biol\u00f3gica, certificado GREEN KARATE pela WKF e \u00e9 homologado pela WKF.<\/p>\n<p><img loading=\"lazy\" decoding=\"async\" class=\"alignnone wp-image-77373 size-full\" src=\"https:\/\/hajimekarate.com\/wp-content\/uploads\/2024\/10\/Facts-Green-Tatami.png\" alt=\"\" width=\"1438\" height=\"766\" srcset=\"https:\/\/hajimekarate.com\/wp-content\/uploads\/2024\/10\/Facts-Green-Tatami.png 1438w, https:\/\/hajimekarate.com\/wp-content\/uploads\/2024\/10\/Facts-Green-Tatami-300x160.png 300w, https:\/\/hajimekarate.com\/wp-content\/uploads\/2024\/10\/Facts-Green-Tatami-1024x545.png 1024w, https:\/\/hajimekarate.com\/wp-content\/uploads\/2024\/10\/Facts-Green-Tatami-768x409.png 768w, https:\/\/hajimekarate.com\/wp-content\/uploads\/2024\/10\/Facts-Green-Tatami-600x320.png 600w\" sizes=\"auto, (max-width: 1438px) 100vw, 1438px\" \/><\/p>\n","protected":false},"excerpt":{"rendered":"<p>Criado para ser sustent\u00e1vel.<br \/>\nO design inovador de tr\u00eas camadas do novo Tatami Green WKF tem um centro de base biol\u00f3gica e n\u00e3o f\u00f3ssil. Trata-se da espuma verde TR-EECell da ProGame fabricada em polietileno derivado de res\u00edduos de cana-de-a\u00e7\u00facar, que garante uma redu\u00e7\u00e3o de 20% nas emiss\u00f5es de CO2 em compara\u00e7\u00e3o com o modelo anterior. Homologado pela WKF.  <\/p>\n","protected":false},"featured_media":77372,"template":"","meta":{"_joinchat":[]},"product_brand":[],"product_cat":[348],"product_tag":[],"class_list":{"0":"post-77503","1":"product","2":"type-product","3":"status-publish","4":"has-post-thumbnail","6":"product_cat-tatami","8":"first","9":"instock","10":"taxable","11":"shipping-taxable","12":"purchasable","13":"product-type-simple"},"_links":{"self":[{"href":"https:\/\/hajimekarate.com\/pt-pt\/wp-json\/wp\/v2\/product\/77503","targetHints":{"allow":["GET"]}}],"collection":[{"href":"https:\/\/hajimekarate.com\/pt-pt\/wp-json\/wp\/v2\/product"}],"about":[{"href":"https:\/\/hajimekarate.com\/pt-pt\/wp-json\/wp\/v2\/types\/product"}],"wp:featuredmedia":[{"embeddable":true,"href":"https:\/\/hajimekarate.com\/pt-pt\/wp-json\/wp\/v2\/media\/77372"}],"wp:attachment":[{"href":"https:\/\/hajimekarate.com\/pt-pt\/wp-json\/wp\/v2\/media?parent=77503"}],"wp:term":[{"taxonomy":"product_brand","embeddable":true,"href":"https:\/\/hajimekarate.com\/pt-pt\/wp-json\/wp\/v2\/product_brand?post=77503"},{"taxonomy":"product_cat","embeddable":true,"href":"https:\/\/hajimekarate.com\/pt-pt\/wp-json\/wp\/v2\/product_cat?post=77503"},{"taxonomy":"product_tag","embeddable":true,"href":"https:\/\/hajimekarate.com\/pt-pt\/wp-json\/wp\/v2\/product_tag?post=77503"}],"curies":[{"name":"wp","href":"https:\/\/api.w.org\/{rel}","templated":true}]}}