{"id":7747,"date":"2018-09-16T23:02:20","date_gmt":"2018-09-16T21:02:20","guid":{"rendered":"https:\/\/hajimekarate.com\/comprar\/kaiten-karategi-hiyaku-wkf\/"},"modified":"2026-01-20T17:01:43","modified_gmt":"2026-01-20T16:01:43","slug":"karategui-kaiten-hiyaku-kumite","status":"publish","type":"product","link":"https:\/\/hajimekarate.com\/pt-pt\/comprar\/karategui-kaiten-hiyaku-kumite\/","title":{"rendered":"Karategui Kaiten Hiyaku | Kumite"},"content":{"rendered":"<p><span style=\"font-weight: 400;\">O Karategui Kaiten Hiyaku \u00e9 um fato concebido para os competidores de Kumite.<\/span><\/p>\n<p>Os Karateguis v\u00eam com uma elegante bolsa com cord\u00e3o, pr\u00e1tica e leve.<\/p>\n<p>HIYAKU em japon\u00eas significa velocidade e dinamismo, exactamente o que este Karategui Kaiten oferece. Este fato de Karat\u00e9 \u00e9 ideal para competi\u00e7\u00f5es de Kumite.<\/p>\n<p>O seu tecido 100% poli\u00e9ster \u00e9 ultra-leve, com um corte para Kumite pensado para um melhor desempenho no Tatami. Gostas de velocidade? O Karategui Kaiten Hiyaku \u00e9 a tua melhor escolha.<\/p>\n<p>Cal\u00e7as com el\u00e1stico e cord\u00e3o.<\/p>\n<p>Corte: Kumite Cal\u00e7as: el\u00e1stico Casaco: comprido, mangas compridas Peso: aprox. 6 oz.<\/p>\n<p><span lang=\"de\">Material: 100% poli\u00e9ster<\/span><\/p>\n","protected":false},"excerpt":{"rendered":"<p>Karategui sin\u00f3nimo de velocidade e dinamismo, conforme o seu nome japon\u00eas indica. Tecido ultra-leve 100% poli\u00e9ster com corte para Kumite.<\/p>\n<p>&nbsp;<\/p>\n","protected":false},"featured_media":75976,"template":"","meta":{"_joinchat":[]},"product_brand":[],"product_cat":[2911,2932,2930,2931,2933,1892,2483,1896,3130,3113,335,334,341],"product_tag":[2622],"class_list":{"0":"post-7747","1":"product","2":"type-product","3":"status-publish","4":"has-post-thumbnail","6":"product_cat-equipamento-de-karate-personalizado","7":"product_cat-kaiten-calcas-a-medida","8":"product_cat-kaiten-casaco-a-medida","9":"product_cat-kaiten-chaqueta-bordado-pt-pt","10":"product_cat-kaiten-pantalon-bordado-pt-pt","11":"product_cat-competidores-de-pouso-de-equipamentos-de-alta-competicao","12":"product_cat-fato-karate-kumite","13":"product_cat-fatos-kaiten-personalizados","14":"product_cat-kaiten-tradicional-pt-pt","15":"product_cat-karate-tradicional-pt","16":"product_cat-karateguis-kaiten","17":"product_cat-karateguis","18":"product_cat-kaiten","19":"product_tag-club-10-pt","21":"first","22":"instock","23":"featured","24":"taxable","25":"shipping-taxable","26":"purchasable","27":"product-type-variable"},"_links":{"self":[{"href":"https:\/\/hajimekarate.com\/pt-pt\/wp-json\/wp\/v2\/product\/7747","targetHints":{"allow":["GET"]}}],"collection":[{"href":"https:\/\/hajimekarate.com\/pt-pt\/wp-json\/wp\/v2\/product"}],"about":[{"href":"https:\/\/hajimekarate.com\/pt-pt\/wp-json\/wp\/v2\/types\/product"}],"wp:featuredmedia":[{"embeddable":true,"href":"https:\/\/hajimekarate.com\/pt-pt\/wp-json\/wp\/v2\/media\/75976"}],"wp:attachment":[{"href":"https:\/\/hajimekarate.com\/pt-pt\/wp-json\/wp\/v2\/media?parent=7747"}],"wp:term":[{"taxonomy":"product_brand","embeddable":true,"href":"https:\/\/hajimekarate.com\/pt-pt\/wp-json\/wp\/v2\/product_brand?post=7747"},{"taxonomy":"product_cat","embeddable":true,"href":"https:\/\/hajimekarate.com\/pt-pt\/wp-json\/wp\/v2\/product_cat?post=7747"},{"taxonomy":"product_tag","embeddable":true,"href":"https:\/\/hajimekarate.com\/pt-pt\/wp-json\/wp\/v2\/product_tag?post=7747"}],"curies":[{"name":"wp","href":"https:\/\/api.w.org\/{rel}","templated":true}]}}