{"id":77302,"date":"2024-10-23T11:04:59","date_gmt":"2024-10-23T09:04:59","guid":{"rendered":"https:\/\/hajimekarate.com\/?post_type=product&#038;p=77302"},"modified":"2026-01-27T18:15:36","modified_gmt":"2026-01-27T17:15:36","slug":"conjunto-tokaido-kumite-master-recycled-homologado-wkf","status":"publish","type":"product","link":"https:\/\/hajimekarate.com\/pt-pt\/comprar\/conjunto-tokaido-kumite-master-recycled-homologado-wkf\/","title":{"rendered":"Conjunto Tokaido | Kumite Master Recycled | WKF Approved | 2 Casacos \u2013 1 Azul e 1 Vermelho + 1 Par de Cal\u00e7as"},"content":{"rendered":"<p><strong>Ficha t\u00e9cnica:<\/strong><\/p>\n<ul>\n<li>Cor Branco.<\/li>\n<li>Tecido 100% poli\u00e9ster.<\/li>\n<li>Adequado para Kumite.<\/li>\n<li>Corte: Slim Fit.<\/li>\n<li>Espessura: 3,5 on\u00e7as.<\/li>\n<li>Recomendado para profissionais.<\/li>\n<li>Um Karategui com um corte Slim Fit que se adapta perfeitamente. Casaco ajustado com \u201cSmart Shoulder\u201d. Mangas e pernas das cal\u00e7as mais estreitas.  <\/li>\n<li>As cal\u00e7as t\u00eam uma cinta el\u00e1stica extra larga e macia, que proporciona um elevado n\u00edvel de conforto sem pontos de press\u00e3o inc\u00f3modos.<\/li>\n<li>Ombros bordados em ambos os casacos (azul e vermelho).<\/li>\n<li>As inser\u00e7\u00f5es de malha el\u00e1stica nos casacos e nas cal\u00e7as garantem uma excelente durabilidade.<\/li>\n<li>Tamanho est\u00e1vel: n\u00e3o encolhe com as lavagens.<\/li>\n<li>Gui Ultraleve: A combina\u00e7\u00e3o do material leve (3,5 on\u00e7as) com o corte Slim Fit reduz o peso do Karategui.<\/li>\n<li>Homologado pela WKF.<\/li>\n<li>Log\u00f3tipo Tokaido bordado no peito, na gola e agora tamb\u00e9m nas cal\u00e7as.<\/li>\n<li>O produto inclui dois casacos de Karat\u00e9 e um par de cal\u00e7as.<\/li>\n<li>O conjunto \u00e9 entregue numa caixa de cart\u00e3o resistente.<\/li>\n<\/ul>\n","protected":false},"excerpt":{"rendered":"<p>Conjunto Karategui Tokaido Kumite Master Recycled WKF (2 casacos, 1 Azul e 1 Vermelho, mais um par de cal\u00e7as).<br \/>\nEste fato de Karat\u00e9 Tokaido permite aos profissionais de Kumite aproveitar todo o seu potencial e ter um desempenho ao mais alto n\u00edvel nas competi\u00e7\u00f5es. Fabricado com material de alta qualidade e durabilidade, o Karategui oferece uma combina\u00e7\u00e3o de leveza, flexibilidade e durabilidade. Fabricado com 70% de poli\u00e9ster reciclado, \u00e9 tamb\u00e9m amigo do ambiente e sustent\u00e1vel. O conjunto inclui dois casacos com ombros bordados, um a azul e um a vermelho, assim como um par de cal\u00e7as a combinar.   <span style=\"color: red;\"><br \/>\n<\/span><\/p>\n","protected":false},"featured_media":80562,"template":"","meta":{"_joinchat":[]},"product_brand":[],"product_cat":[2483,3142,3134,2480,3205,339,2399,3150,334,340],"product_tag":[3337,3146,2628],"class_list":{"0":"post-77302","1":"product","2":"type-product","3":"status-publish","4":"has-post-thumbnail","6":"product_cat-fato-karate-kumite","7":"product_cat-kaiten-competicao","8":"product_cat-karate-competicao","9":"product_cat-karategui-kumite-wkf","10":"product_cat-karateguis-tokaido-pt","11":"product_cat-karateguis-wkf","12":"product_cat-kumite-concurso","13":"product_cat-tokaido-pt","14":"product_cat-karateguis","15":"product_cat-marcas","16":"product_tag-blackfriday-club-25-pt","17":"product_tag-blackfriday-pt","18":"product_tag-club-20-pt-pt","20":"first","21":"instock","22":"taxable","23":"shipping-taxable","24":"purchasable","25":"product-type-variable"},"_links":{"self":[{"href":"https:\/\/hajimekarate.com\/pt-pt\/wp-json\/wp\/v2\/product\/77302","targetHints":{"allow":["GET"]}}],"collection":[{"href":"https:\/\/hajimekarate.com\/pt-pt\/wp-json\/wp\/v2\/product"}],"about":[{"href":"https:\/\/hajimekarate.com\/pt-pt\/wp-json\/wp\/v2\/types\/product"}],"wp:featuredmedia":[{"embeddable":true,"href":"https:\/\/hajimekarate.com\/pt-pt\/wp-json\/wp\/v2\/media\/80562"}],"wp:attachment":[{"href":"https:\/\/hajimekarate.com\/pt-pt\/wp-json\/wp\/v2\/media?parent=77302"}],"wp:term":[{"taxonomy":"product_brand","embeddable":true,"href":"https:\/\/hajimekarate.com\/pt-pt\/wp-json\/wp\/v2\/product_brand?post=77302"},{"taxonomy":"product_cat","embeddable":true,"href":"https:\/\/hajimekarate.com\/pt-pt\/wp-json\/wp\/v2\/product_cat?post=77302"},{"taxonomy":"product_tag","embeddable":true,"href":"https:\/\/hajimekarate.com\/pt-pt\/wp-json\/wp\/v2\/product_tag?post=77302"}],"curies":[{"name":"wp","href":"https:\/\/api.w.org\/{rel}","templated":true}]}}