{"id":7726,"date":"2018-09-17T08:55:25","date_gmt":"2018-09-17T06:55:25","guid":{"rendered":"https:\/\/hajimekarate.com\/comprar\/cinto-kaiten-azul-vermelho-para-kata-homologado-pela-wkf\/"},"modified":"2026-01-13T16:49:38","modified_gmt":"2026-01-13T15:49:38","slug":"cinturones-kaiten-azul-y-rojo-para-kata","status":"publish","type":"product","link":"https:\/\/hajimekarate.com\/pt-pt\/comprar\/cinturones-kaiten-azul-y-rojo-para-kata\/","title":{"rendered":"Cinto Kaiten azul ou vermelho para Kata | etiqueta WKF | n\u00e3o aprovado"},"content":{"rendered":"","protected":false},"excerpt":{"rendered":"<p>Cinto Kaiten vermelho e azul para competi\u00e7\u00e3o. Cinto ideal para Kata porque \u00e9 fabricado em algod\u00e3o com grossura especial.<\/p>\n","protected":false},"featured_media":65507,"template":"","meta":{"_joinchat":[]},"product_brand":[],"product_cat":[3369,1374,328,330,341],"product_tag":[2627],"class_list":{"0":"post-7726","1":"product","2":"type-product","3":"status-publish","4":"has-post-thumbnail","6":"product_cat-cintos-de-cor","7":"product_cat-promocoes-pt-pt","8":"product_cat-cintos-karate","9":"product_cat-cintos-kaiten","10":"product_cat-kaiten","11":"product_tag-club-15-pt","13":"first","14":"instock","15":"sale","16":"taxable","17":"shipping-taxable","18":"purchasable","19":"product-type-variable"},"_links":{"self":[{"href":"https:\/\/hajimekarate.com\/pt-pt\/wp-json\/wp\/v2\/product\/7726","targetHints":{"allow":["GET"]}}],"collection":[{"href":"https:\/\/hajimekarate.com\/pt-pt\/wp-json\/wp\/v2\/product"}],"about":[{"href":"https:\/\/hajimekarate.com\/pt-pt\/wp-json\/wp\/v2\/types\/product"}],"wp:featuredmedia":[{"embeddable":true,"href":"https:\/\/hajimekarate.com\/pt-pt\/wp-json\/wp\/v2\/media\/65507"}],"wp:attachment":[{"href":"https:\/\/hajimekarate.com\/pt-pt\/wp-json\/wp\/v2\/media?parent=7726"}],"wp:term":[{"taxonomy":"product_brand","embeddable":true,"href":"https:\/\/hajimekarate.com\/pt-pt\/wp-json\/wp\/v2\/product_brand?post=7726"},{"taxonomy":"product_cat","embeddable":true,"href":"https:\/\/hajimekarate.com\/pt-pt\/wp-json\/wp\/v2\/product_cat?post=7726"},{"taxonomy":"product_tag","embeddable":true,"href":"https:\/\/hajimekarate.com\/pt-pt\/wp-json\/wp\/v2\/product_tag?post=7726"}],"curies":[{"name":"wp","href":"https:\/\/api.w.org\/{rel}","templated":true}]}}