{"id":77057,"date":"2024-10-17T17:22:52","date_gmt":"2024-10-17T15:22:52","guid":{"rendered":"https:\/\/hajimekarate.com\/?post_type=product&#038;p=77057"},"modified":"2026-01-27T18:15:35","modified_gmt":"2026-01-27T17:15:35","slug":"karategui-tokaido-kumite-master-junior-wkf","status":"publish","type":"product","link":"https:\/\/hajimekarate.com\/pt-pt\/comprar\/karategui-tokaido-kumite-master-junior-wkf\/","title":{"rendered":"Karategui Tokaido | Kumite Master Junior | WKF"},"content":{"rendered":"<p><strong>Ficha t\u00e9cnica:<\/strong><br \/>\n\u2013 Cor: Branco<br \/>\n\u2013 Adequado para Kumite.<br \/>\n\u2013 Corte Kumite.<br \/>\n\u2013 Tecido 75% poli\u00e9ster e 25% viscose.<br \/>\n\u2013 Recomendado para principiantes e n\u00edveis interm\u00e9dios.<br \/>\n\u2013 Peso: 4 on\u00e7as.<br \/>\n\u2013 Rela\u00e7\u00e3o qualidade\/pre\u00e7o: muito boa<\/p>\n<p>Corte especial adaptado ao f\u00edsico dos adolescentes.<br \/>\n\u2013 Tecido misto leve: tecido respir\u00e1vel, agradavelmente macio e n\u00e3o fricciona.<br \/>\n\u2013 N\u00e3o deixa transparecer com a transpira\u00e7\u00e3o.<br \/>\n\u2013 Homologado pela WKF.<br \/>\n\u2013 Log\u00f3tipo Tokaido bordado no lado direito do peito e na nuca.<br \/>\n\u2013 Uma boa escolha para usar como fato de substitui\u00e7\u00e3o para adultos.<br \/>\n\u2013 Secagem r\u00e1pida.<br \/>\n\u2013 Op\u00e7\u00e3o de bordado no ombro por um custo adicional.<br \/>\n\u2013 O produto inclui casaco e cal\u00e7as (sem cinto).<\/p>\n<p>&nbsp;<\/p>\n","protected":false},"excerpt":{"rendered":"<p>Karategui Tokaido Kumite Master Junior WKF para principiantes.<br \/>\nO Karategui Tokaido Kumite Master Junior foi especialmente desenvolvido para principiantes e n\u00edveis interm\u00e9dios de Karat\u00e9. As suas caracter\u00edsticas fazem dele um Gui perfeito n\u00e3o s\u00f3 para o treino di\u00e1rio, mas tamb\u00e9m para participar em competi\u00e7\u00f5es nacionais e internacionais. Homologado pela WKF. Excelente rela\u00e7\u00e3o qualidade\/pre\u00e7o.   <\/p>\n<p>Pode acrescentar o log\u00f3tipo TOKAIDO <strong>bordado nos ombros, essencial para as competi\u00e7\u00f5es internacionais da WKF.<\/strong><span style=\"color: red;\"><br \/>\n<\/span><\/p>\n","protected":false},"featured_media":77017,"template":"","meta":{"_joinchat":[]},"product_brand":[],"product_cat":[2911,2931,2933,2483,3142,3134,2480,336,3205,339,2399,3150,340],"product_tag":[3337,3146,2628],"class_list":{"0":"post-77057","1":"product","2":"type-product","3":"status-publish","4":"has-post-thumbnail","6":"product_cat-equipamento-de-karate-personalizado","7":"product_cat-kaiten-chaqueta-bordado-pt-pt","8":"product_cat-kaiten-pantalon-bordado-pt-pt","9":"product_cat-fato-karate-kumite","10":"product_cat-kaiten-competicao","11":"product_cat-karate-competicao","12":"product_cat-karategui-kumite-wkf","13":"product_cat-karateguis-principiantes","14":"product_cat-karateguis-tokaido-pt","15":"product_cat-karateguis-wkf","16":"product_cat-kumite-concurso","17":"product_cat-tokaido-pt","18":"product_cat-marcas","19":"product_tag-blackfriday-club-25-pt","20":"product_tag-blackfriday-pt","21":"product_tag-club-20-pt-pt","23":"first","24":"instock","25":"taxable","26":"shipping-taxable","27":"purchasable","28":"product-type-variable"},"_links":{"self":[{"href":"https:\/\/hajimekarate.com\/pt-pt\/wp-json\/wp\/v2\/product\/77057","targetHints":{"allow":["GET"]}}],"collection":[{"href":"https:\/\/hajimekarate.com\/pt-pt\/wp-json\/wp\/v2\/product"}],"about":[{"href":"https:\/\/hajimekarate.com\/pt-pt\/wp-json\/wp\/v2\/types\/product"}],"wp:featuredmedia":[{"embeddable":true,"href":"https:\/\/hajimekarate.com\/pt-pt\/wp-json\/wp\/v2\/media\/77017"}],"wp:attachment":[{"href":"https:\/\/hajimekarate.com\/pt-pt\/wp-json\/wp\/v2\/media?parent=77057"}],"wp:term":[{"taxonomy":"product_brand","embeddable":true,"href":"https:\/\/hajimekarate.com\/pt-pt\/wp-json\/wp\/v2\/product_brand?post=77057"},{"taxonomy":"product_cat","embeddable":true,"href":"https:\/\/hajimekarate.com\/pt-pt\/wp-json\/wp\/v2\/product_cat?post=77057"},{"taxonomy":"product_tag","embeddable":true,"href":"https:\/\/hajimekarate.com\/pt-pt\/wp-json\/wp\/v2\/product_tag?post=77057"}],"curies":[{"name":"wp","href":"https:\/\/api.w.org\/{rel}","templated":true}]}}