{"id":76616,"date":"2024-10-03T16:39:05","date_gmt":"2024-10-03T14:39:05","guid":{"rendered":"https:\/\/hajimekarate.com\/comprar\/protecao-feminina-de-peito-ultraleve-tokaido-wkf\/"},"modified":"2026-03-04T16:23:06","modified_gmt":"2026-03-04T15:23:06","slug":"protecao-feminina-de-peito-ultraleve-tokaido-homologada-wkf","status":"publish","type":"product","link":"https:\/\/hajimekarate.com\/pt-pt\/comprar\/protecao-feminina-de-peito-ultraleve-tokaido-homologada-wkf\/","title":{"rendered":"Prote\u00e7\u00e3o Feminina de Peito Ultraleve Tokaido Homologada WKF"},"content":{"rendered":"","protected":false},"excerpt":{"rendered":"<p>Prote\u00e7\u00e3o feminina de peito para Karat\u00e9, forte e ultraleve oferecendo um maior conforto \u00e0s Karatecas, uma vez que \u00e9 feita de uma s\u00f3 pe\u00e7a. Com esta prote\u00e7\u00e3o de peito evitar\u00e1s andar com duas pe\u00e7as para te protegeres, uma vez que esta prote\u00e7\u00e3o protege ao mesmo tempo o peito, as costelas e o abd\u00f3men. Agora, com este <strong>novo design,<\/strong> numa s\u00f3 prote\u00e7\u00e3o de peito tens tudo e com maior comodidade e de forma mais econ\u00f3mica.<\/p>\n<p>Fabricado num material super flex\u00edvel que permite um melhor ajuste e conforto para lidar com as duras exig\u00eancias do Karat\u00e9.<\/p>\n<p><strong>Esta prote\u00e7ao N\u00c3O INCLUI A CARCA\u00c7A EM PL\u00c1STICO.<\/strong><\/p>\n<p><a href=\"https:\/\/hajimekarate.com\/pt-pt\/comprar\/protetor-de-peito-feminino-kaiten\/\">Prote\u00e7\u00e3o Pl\u00e1stica De Peito Feminino Kaiten Homologada RFEK<\/a><\/p>\n<p><strong>Como escolheres o tamanho correto?<\/strong><br \/>\nEscolhe o teu tamanho de acordo com a tua altura:<br \/>\nS: 130-152 cm, M: 152-170 cm, L: 170-188 cm, XL: +188 cm.<\/p>\n","protected":false},"featured_media":76588,"template":"","meta":{"_joinchat":[]},"product_brand":[],"product_cat":[2399,345,3150,340,343],"product_tag":[3337,3146,2628],"class_list":{"0":"post-76616","1":"product","2":"type-product","3":"status-publish","4":"has-post-thumbnail","6":"product_cat-kumite-concurso","7":"product_cat-homologadas-wkf","8":"product_cat-tokaido-pt","9":"product_cat-marcas","10":"product_cat-protecoes-pt","11":"product_tag-blackfriday-club-25-pt","12":"product_tag-blackfriday-pt","13":"product_tag-club-20-pt-pt","15":"first","16":"instock","17":"taxable","18":"shipping-taxable","19":"purchasable","20":"product-type-variable","21":"has-default-attributes"},"_links":{"self":[{"href":"https:\/\/hajimekarate.com\/pt-pt\/wp-json\/wp\/v2\/product\/76616","targetHints":{"allow":["GET"]}}],"collection":[{"href":"https:\/\/hajimekarate.com\/pt-pt\/wp-json\/wp\/v2\/product"}],"about":[{"href":"https:\/\/hajimekarate.com\/pt-pt\/wp-json\/wp\/v2\/types\/product"}],"wp:featuredmedia":[{"embeddable":true,"href":"https:\/\/hajimekarate.com\/pt-pt\/wp-json\/wp\/v2\/media\/76588"}],"wp:attachment":[{"href":"https:\/\/hajimekarate.com\/pt-pt\/wp-json\/wp\/v2\/media?parent=76616"}],"wp:term":[{"taxonomy":"product_brand","embeddable":true,"href":"https:\/\/hajimekarate.com\/pt-pt\/wp-json\/wp\/v2\/product_brand?post=76616"},{"taxonomy":"product_cat","embeddable":true,"href":"https:\/\/hajimekarate.com\/pt-pt\/wp-json\/wp\/v2\/product_cat?post=76616"},{"taxonomy":"product_tag","embeddable":true,"href":"https:\/\/hajimekarate.com\/pt-pt\/wp-json\/wp\/v2\/product_tag?post=76616"}],"curies":[{"name":"wp","href":"https:\/\/api.w.org\/{rel}","templated":true}]}}