{"id":76549,"date":"2024-10-03T13:39:11","date_gmt":"2024-10-03T11:39:11","guid":{"rendered":"https:\/\/hajimekarate.com\/comprar\/protecao-ligeira-tokaido-wkf\/"},"modified":"2026-01-27T18:17:28","modified_gmt":"2026-01-27T17:17:28","slug":"protecao-de-peito-ligeira-tokaido-wkf","status":"publish","type":"product","link":"https:\/\/hajimekarate.com\/pt-pt\/comprar\/protecao-de-peito-ligeira-tokaido-wkf\/","title":{"rendered":"Prote\u00e7\u00e3o De Peito Ligeira Tokaido | WKF | Cadete"},"content":{"rendered":"<p class=\"table\" align=\"justify\">Prote\u00e7\u00e3o de peito para Karat\u00e9, muito leve para garantir o m\u00e1ximo conforto. \u00c9 muito flex\u00edvel, o que lhe permite adaptar-se melhor ao corpo. E muito resistente para a m\u00e1xima seguran\u00e7a. Espuma especial interior respir\u00e1vel e de dupla densidade, camada exterior de nylon altamente resistente.<\/p>\n<p class=\"table\" align=\"justify\">O tamanho \u00e9 calculado em fun\u00e7\u00e3o da altura da pessoa em cm:<\/p>\n<p class=\"table\" align=\"justify\">XS: at\u00e9 134 cm<\/p>\n<p class=\"table\" align=\"justify\">S: de 134 a 152 cm<\/p>\n<p class=\"table\" align=\"justify\">M: 152 a 170 cm<\/p>\n<p class=\"table\" align=\"justify\">L: 170 a 188 cm<\/p>\n<p class=\"table\" align=\"justify\">XL: mais de 188 cm<\/p>\n","protected":false},"excerpt":{"rendered":"<p>Peto Peso Ligeiro TOKAIDO, homologado pela Federa\u00e7\u00e3o Mundial de Karat\u00e9 (WKF), para as Categorias de Kumite Cadete, J\u00fanior, Sub-21 e S\u00e9nior, tanto masculinas como femininas. Unisexo. <span style=\"color: red;\"><br \/>\n<\/span><\/p>\n","protected":false},"featured_media":77678,"template":"","meta":{"_joinchat":[]},"product_brand":[],"product_cat":[2399,345,3150,340,343],"product_tag":[3337,3146,2628],"class_list":{"0":"post-76549","1":"product","2":"type-product","3":"status-publish","4":"has-post-thumbnail","6":"product_cat-kumite-concurso","7":"product_cat-homologadas-wkf","8":"product_cat-tokaido-pt","9":"product_cat-marcas","10":"product_cat-protecoes-pt","11":"product_tag-blackfriday-club-25-pt","12":"product_tag-blackfriday-pt","13":"product_tag-club-20-pt-pt","15":"first","16":"instock","17":"taxable","18":"shipping-taxable","19":"purchasable","20":"product-type-variable","21":"has-default-attributes"},"_links":{"self":[{"href":"https:\/\/hajimekarate.com\/pt-pt\/wp-json\/wp\/v2\/product\/76549","targetHints":{"allow":["GET"]}}],"collection":[{"href":"https:\/\/hajimekarate.com\/pt-pt\/wp-json\/wp\/v2\/product"}],"about":[{"href":"https:\/\/hajimekarate.com\/pt-pt\/wp-json\/wp\/v2\/types\/product"}],"wp:featuredmedia":[{"embeddable":true,"href":"https:\/\/hajimekarate.com\/pt-pt\/wp-json\/wp\/v2\/media\/77678"}],"wp:attachment":[{"href":"https:\/\/hajimekarate.com\/pt-pt\/wp-json\/wp\/v2\/media?parent=76549"}],"wp:term":[{"taxonomy":"product_brand","embeddable":true,"href":"https:\/\/hajimekarate.com\/pt-pt\/wp-json\/wp\/v2\/product_brand?post=76549"},{"taxonomy":"product_cat","embeddable":true,"href":"https:\/\/hajimekarate.com\/pt-pt\/wp-json\/wp\/v2\/product_cat?post=76549"},{"taxonomy":"product_tag","embeddable":true,"href":"https:\/\/hajimekarate.com\/pt-pt\/wp-json\/wp\/v2\/product_tag?post=76549"}],"curies":[{"name":"wp","href":"https:\/\/api.w.org\/{rel}","templated":true}]}}