{"id":76079,"date":"2024-09-19T17:15:06","date_gmt":"2024-09-19T15:15:06","guid":{"rendered":"https:\/\/hajimekarate.com\/comprar\/kama-metalica-shureido\/"},"modified":"2026-04-09T11:33:43","modified_gmt":"2026-04-09T09:33:43","slug":"kama-metalica-shureido","status":"publish","type":"product","link":"https:\/\/hajimekarate.com\/pt-pt\/comprar\/kama-metalica-shureido\/","title":{"rendered":"Kama Shureido com Ha Met\u00e1lica"},"content":{"rendered":"<p>A Kama \u00e9 um utens\u00edlio de Okinawa (Jap\u00e3o) que teve a sua origem na agricultura. \u00c9 uma ferramenta agr\u00edcola, uma foice, que foi adaptada para uma arma de Kobudo.  Diz-se que a t\u00e9cnica do Kama (Kamajutsu) foi desenvolvida pelo facto de ter sido proibida a posse de armas no arquipelago das ilhas Ryukyu.<\/p>\n","protected":false},"excerpt":{"rendered":"<p>Kama met\u00e1lica com Tsuka (pega) em madeira de carvalho vermelho, fabricada artesanalmente em Okinawa. Os tamanhos dispon\u00edveis s\u00e3o: M (35 cm de pega e 17,5 cm de l\u00e2mina) e L (42 cm de pega e 17,5 cm de l\u00e2mina).<\/p>\n<p><em>IMPORTANTE: Todas as nossas armas e utens\u00edlios s\u00e3o vendidos como artigos de cole\u00e7\u00e3o e \u00e9 proibida a sua utiliza\u00e7\u00e3o ou transporte como armas.<br \/>\n<\/em><em>** Produto n\u00e3o dispon\u00edvel fora da UE.<\/em><\/p>\n","protected":false},"featured_media":76062,"template":"","meta":{"_joinchat":[]},"product_brand":[],"product_cat":[800,1391,340,342],"product_tag":[2622],"class_list":{"0":"post-76079","1":"product","2":"type-product","3":"status-publish","4":"has-post-thumbnail","6":"product_cat-armas-e-utensilios","7":"product_cat-armas-e-utensilios-shureido","8":"product_cat-marcas","9":"product_cat-shureido","10":"product_tag-club-10-pt","12":"first","13":"onbackorder","14":"taxable","15":"shipping-taxable","16":"purchasable","17":"product-type-variable"},"_links":{"self":[{"href":"https:\/\/hajimekarate.com\/pt-pt\/wp-json\/wp\/v2\/product\/76079","targetHints":{"allow":["GET"]}}],"collection":[{"href":"https:\/\/hajimekarate.com\/pt-pt\/wp-json\/wp\/v2\/product"}],"about":[{"href":"https:\/\/hajimekarate.com\/pt-pt\/wp-json\/wp\/v2\/types\/product"}],"wp:featuredmedia":[{"embeddable":true,"href":"https:\/\/hajimekarate.com\/pt-pt\/wp-json\/wp\/v2\/media\/76062"}],"wp:attachment":[{"href":"https:\/\/hajimekarate.com\/pt-pt\/wp-json\/wp\/v2\/media?parent=76079"}],"wp:term":[{"taxonomy":"product_brand","embeddable":true,"href":"https:\/\/hajimekarate.com\/pt-pt\/wp-json\/wp\/v2\/product_brand?post=76079"},{"taxonomy":"product_cat","embeddable":true,"href":"https:\/\/hajimekarate.com\/pt-pt\/wp-json\/wp\/v2\/product_cat?post=76079"},{"taxonomy":"product_tag","embeddable":true,"href":"https:\/\/hajimekarate.com\/pt-pt\/wp-json\/wp\/v2\/product_tag?post=76079"}],"curies":[{"name":"wp","href":"https:\/\/api.w.org\/{rel}","templated":true}]}}