{"id":76038,"date":"2024-09-18T17:21:32","date_gmt":"2024-09-18T15:21:32","guid":{"rendered":"https:\/\/hajimekarate.com\/comprar\/diploma-bilingue-escrita-tradicional-japonesa\/"},"modified":"2025-06-03T15:46:35","modified_gmt":"2025-06-03T13:46:35","slug":"diploma-bilingue-escritura-tradicional-japonesa","status":"publish","type":"product","link":"https:\/\/hajimekarate.com\/pt-pt\/comprar\/diploma-bilingue-escritura-tradicional-japonesa\/","title":{"rendered":"Diploma | Bil\u00edngue | Escrita Tradicional Japonesa"},"content":{"rendered":"","protected":false},"excerpt":{"rendered":"<p>Ofere\u00e7a aos seus alunos diplomas \u00fanicos que comemorem os seus progressos no Karat\u00e9, personalizados e em duas l\u00ednguas, japon\u00eas manuscrito e na sua l\u00edngua. Perfeitos para entregar em cerim\u00f3nias e destacar cada conquista. Op\u00e7\u00f5es dispon\u00edveis:   <\/p>\n<ol>\n<li><strong>Apenas o modelo: <\/strong>Para Dojos que preferem escrever as informa\u00e7\u00f5es \u00e0 m\u00e3o.<\/li>\n<li><strong>Modelo + diploma personalizado a computador<\/strong>: Inclui o nome do aluno e a sua gradua\u00e7\u00e3o escritos digitalmente.<\/li>\n<li><strong>Modelo + diploma manuscrito<\/strong>: Diploma em caligrafia tradicional, personalizado \u00e0 m\u00e3o para um toque aut\u00eantico.<\/li>\n<\/ol>\n<p> Contacte-nos para pedir um or\u00e7amento e ter diplomas originais para o seu Dojo.<\/p>\n","protected":false},"featured_media":76031,"template":"","meta":{"_joinchat":[]},"product_brand":[],"product_cat":[1129,802],"product_tag":[],"class_list":{"0":"post-76038","1":"product","2":"type-product","3":"status-publish","4":"has-post-thumbnail","6":"product_cat-decoracao","7":"product_cat-exclusivo-hajime","9":"first","10":"instock","11":"taxable","12":"shipping-taxable","13":"purchasable","14":"product-type-simple"},"_links":{"self":[{"href":"https:\/\/hajimekarate.com\/pt-pt\/wp-json\/wp\/v2\/product\/76038","targetHints":{"allow":["GET"]}}],"collection":[{"href":"https:\/\/hajimekarate.com\/pt-pt\/wp-json\/wp\/v2\/product"}],"about":[{"href":"https:\/\/hajimekarate.com\/pt-pt\/wp-json\/wp\/v2\/types\/product"}],"wp:featuredmedia":[{"embeddable":true,"href":"https:\/\/hajimekarate.com\/pt-pt\/wp-json\/wp\/v2\/media\/76031"}],"wp:attachment":[{"href":"https:\/\/hajimekarate.com\/pt-pt\/wp-json\/wp\/v2\/media?parent=76038"}],"wp:term":[{"taxonomy":"product_brand","embeddable":true,"href":"https:\/\/hajimekarate.com\/pt-pt\/wp-json\/wp\/v2\/product_brand?post=76038"},{"taxonomy":"product_cat","embeddable":true,"href":"https:\/\/hajimekarate.com\/pt-pt\/wp-json\/wp\/v2\/product_cat?post=76038"},{"taxonomy":"product_tag","embeddable":true,"href":"https:\/\/hajimekarate.com\/pt-pt\/wp-json\/wp\/v2\/product_tag?post=76038"}],"curies":[{"name":"wp","href":"https:\/\/api.w.org\/{rel}","templated":true}]}}