{"id":75860,"date":"2023-08-24T17:31:58","date_gmt":"2023-08-24T15:31:58","guid":{"rendered":"https:\/\/hajimekarate.com\/comprar\/kakemono-caligrafia-personalizada\/"},"modified":"2026-03-10T10:34:00","modified_gmt":"2026-03-10T09:34:00","slug":"kakemono-caligrafia-personalizada","status":"publish","type":"product","link":"https:\/\/hajimekarate.com\/pt-pt\/comprar\/kakemono-caligrafia-personalizada\/","title":{"rendered":"Kakemono | Caligrafia Personalizada"},"content":{"rendered":"<p>Um kakemono \u00e9 uma forma de arte e decora\u00e7\u00e3o tradicional japonesa que consiste numa pintura ou caligrafia montada num rolo de tecido ou papel que \u00e9 exibido verticalmente. \u00c9 uma forma de arte que teve origem na China e foi adotada pelo Jap\u00e3o durante a dinastia Tang. Os kakemonos s\u00e3o usados principalmente como decora\u00e7\u00e3o em interiores e podem ser encontrados em locais como templos, dojos, salas de ch\u00e1, resid\u00eancias particulares e outros espa\u00e7os tradicionais.  <\/p>\n<p>A caracter\u00edstica distintiva de um kakemono \u00e9 a sua apresenta\u00e7\u00e3o vertical. A obra de arte \u00e9 montada num rolo de tecido ou papel e pendurada numa barra horizontal na parte superior, permitindo que seja desenrolada de cima para baixo. Este tipo de apresenta\u00e7\u00e3o ajuda a concentrar a aten\u00e7\u00e3o na obra de arte e a criar uma experi\u00eancia contemplativa.  <\/p>\n<p>Os kakemonos podem apresentar uma variedade de temas, incluindo pinturas de paisagens, flores, p\u00e1ssaros, cenas da natureza, caracteres caligr\u00e1ficos e muito mais. S\u00e3o apreciados pela sua eleg\u00e2ncia e subtileza, e s\u00e3o frequentemente utilizados na cerim\u00f3nia do ch\u00e1 e noutros aspetos da cultura tradicional japonesa. <\/p>\n","protected":false},"excerpt":{"rendered":"<p>Kakemono personalizado com caligrafia original pintada \u00e0 m\u00e3o. Escolha uma cor e a mensagem e n\u00f3s personalizaremos \u00e0 m\u00e3o com caligrafia japonesa. <\/p>\n<p>DIMENS\u00d5ES: 72-78 cm de altura x 32 cm de largura, aproximadamente.<\/p>\n<p>Espa\u00e7o para escrita: 45 cm x 32 cm<\/p>\n","protected":false},"featured_media":75858,"template":"","meta":{"_joinchat":[]},"product_brand":[],"product_cat":[1129,802],"product_tag":[],"class_list":{"0":"post-75860","1":"product","2":"type-product","3":"status-publish","4":"has-post-thumbnail","6":"product_cat-decoracao","7":"product_cat-exclusivo-hajime","9":"first","10":"instock","11":"taxable","12":"shipping-taxable","13":"purchasable","14":"product-type-variable"},"_links":{"self":[{"href":"https:\/\/hajimekarate.com\/pt-pt\/wp-json\/wp\/v2\/product\/75860","targetHints":{"allow":["GET"]}}],"collection":[{"href":"https:\/\/hajimekarate.com\/pt-pt\/wp-json\/wp\/v2\/product"}],"about":[{"href":"https:\/\/hajimekarate.com\/pt-pt\/wp-json\/wp\/v2\/types\/product"}],"wp:featuredmedia":[{"embeddable":true,"href":"https:\/\/hajimekarate.com\/pt-pt\/wp-json\/wp\/v2\/media\/75858"}],"wp:attachment":[{"href":"https:\/\/hajimekarate.com\/pt-pt\/wp-json\/wp\/v2\/media?parent=75860"}],"wp:term":[{"taxonomy":"product_brand","embeddable":true,"href":"https:\/\/hajimekarate.com\/pt-pt\/wp-json\/wp\/v2\/product_brand?post=75860"},{"taxonomy":"product_cat","embeddable":true,"href":"https:\/\/hajimekarate.com\/pt-pt\/wp-json\/wp\/v2\/product_cat?post=75860"},{"taxonomy":"product_tag","embeddable":true,"href":"https:\/\/hajimekarate.com\/pt-pt\/wp-json\/wp\/v2\/product_tag?post=75860"}],"curies":[{"name":"wp","href":"https:\/\/api.w.org\/{rel}","templated":true}]}}