{"id":73176,"date":"2024-08-20T13:10:29","date_gmt":"2024-08-20T11:10:29","guid":{"rendered":"https:\/\/hajimekarate.com\/?post_type=product&#038;p=73176"},"modified":"2025-08-11T11:09:28","modified_gmt":"2025-08-11T09:09:28","slug":"oferta-protecao-plastica-de-peito-feminino-shureido-amanho-xl","status":"publish","type":"product","link":"https:\/\/hajimekarate.com\/pt-pt\/comprar\/oferta-protecao-plastica-de-peito-feminino-shureido-amanho-xl\/","title":{"rendered":"Oferta | Prote\u00e7\u00e3o Pl\u00e1stica de Peito Feminino Shureido | Tamanho XL"},"content":{"rendered":"","protected":false},"excerpt":{"rendered":"<p>Prote\u00e7\u00e3o Pl\u00e1stica de Peito Feminino Shureido Apenas tamanho XL<\/p>\n<p><em>*As prote\u00e7\u00f5es do SHUREIDO j\u00e1n\u00e3o s\u00e3o aprovadas pela WKF. Mas ser\u00e3o v\u00e1lidos para eventos oficiais da RFEK durante o ano de 2025. <\/em><\/p>\n","protected":false},"featured_media":73185,"template":"","meta":{"_joinchat":[]},"product_brand":[],"product_cat":[2399,1374,344,343],"product_tag":[],"class_list":{"0":"post-73176","1":"product","2":"type-product","3":"status-publish","4":"has-post-thumbnail","6":"product_cat-kumite-concurso","7":"product_cat-promocoes-pt-pt","8":"product_cat-homologadas-rfek","9":"product_cat-protecoes-pt","11":"first","12":"outofstock","13":"sale","14":"taxable","15":"shipping-taxable","16":"purchasable","17":"product-type-simple"},"_links":{"self":[{"href":"https:\/\/hajimekarate.com\/pt-pt\/wp-json\/wp\/v2\/product\/73176","targetHints":{"allow":["GET"]}}],"collection":[{"href":"https:\/\/hajimekarate.com\/pt-pt\/wp-json\/wp\/v2\/product"}],"about":[{"href":"https:\/\/hajimekarate.com\/pt-pt\/wp-json\/wp\/v2\/types\/product"}],"wp:featuredmedia":[{"embeddable":true,"href":"https:\/\/hajimekarate.com\/pt-pt\/wp-json\/wp\/v2\/media\/73185"}],"wp:attachment":[{"href":"https:\/\/hajimekarate.com\/pt-pt\/wp-json\/wp\/v2\/media?parent=73176"}],"wp:term":[{"taxonomy":"product_brand","embeddable":true,"href":"https:\/\/hajimekarate.com\/pt-pt\/wp-json\/wp\/v2\/product_brand?post=73176"},{"taxonomy":"product_cat","embeddable":true,"href":"https:\/\/hajimekarate.com\/pt-pt\/wp-json\/wp\/v2\/product_cat?post=73176"},{"taxonomy":"product_tag","embeddable":true,"href":"https:\/\/hajimekarate.com\/pt-pt\/wp-json\/wp\/v2\/product_tag?post=73176"}],"curies":[{"name":"wp","href":"https:\/\/api.w.org\/{rel}","templated":true}]}}