{"id":72729,"date":"2024-08-01T10:45:19","date_gmt":"2024-08-01T08:45:19","guid":{"rendered":"https:\/\/hajimekarate.com\/?post_type=product&#038;p=72729"},"modified":"2025-11-24T16:46:14","modified_gmt":"2025-11-24T15:46:14","slug":"solo-pantalon-talla-4-5-shureido-sensei-tournament-tk-10-bordado-3-kanjis","status":"publish","type":"product","link":"https:\/\/hajimekarate.com\/pt-pt\/comprar\/solo-pantalon-talla-4-5-shureido-sensei-tournament-tk-10-bordado-3-kanjis\/","title":{"rendered":"Cal\u00e7as Solo Tamanho 4.5 | Shureido Sensei Tournament TK-10 | Bordado 3 kanji"},"content":{"rendered":"","protected":false},"excerpt":{"rendered":"<p><strong>OFERTA<\/strong>: <strong> Cal\u00e7as Karategui Shureido Sensei Tournament tamanho 4.5 apenas, TK-10. <\/strong>Modelo cl\u00e1ssico Shureido de peso m\u00e9dio, 100% algod\u00e3o com cal\u00e7as pr\u00e9-cortadas. <\/p>\n","protected":false},"featured_media":34846,"template":"","meta":{"_joinchat":[]},"product_brand":[],"product_cat":[1897,337,2477,1374,334,342],"product_tag":[],"class_list":{"0":"post-72729","1":"product","2":"type-product","3":"status-publish","4":"has-post-thumbnail","6":"product_cat-fatos-shureido-personalizables","7":"product_cat-karateguis-shureido","8":"product_cat-kata-treino","9":"product_cat-promocoes-pt-pt","10":"product_cat-karateguis","11":"product_cat-shureido","13":"first","14":"outofstock","15":"sale","16":"taxable","17":"shipping-taxable","18":"purchasable","19":"product-type-simple"},"_links":{"self":[{"href":"https:\/\/hajimekarate.com\/pt-pt\/wp-json\/wp\/v2\/product\/72729","targetHints":{"allow":["GET"]}}],"collection":[{"href":"https:\/\/hajimekarate.com\/pt-pt\/wp-json\/wp\/v2\/product"}],"about":[{"href":"https:\/\/hajimekarate.com\/pt-pt\/wp-json\/wp\/v2\/types\/product"}],"wp:featuredmedia":[{"embeddable":true,"href":"https:\/\/hajimekarate.com\/pt-pt\/wp-json\/wp\/v2\/media\/34846"}],"wp:attachment":[{"href":"https:\/\/hajimekarate.com\/pt-pt\/wp-json\/wp\/v2\/media?parent=72729"}],"wp:term":[{"taxonomy":"product_brand","embeddable":true,"href":"https:\/\/hajimekarate.com\/pt-pt\/wp-json\/wp\/v2\/product_brand?post=72729"},{"taxonomy":"product_cat","embeddable":true,"href":"https:\/\/hajimekarate.com\/pt-pt\/wp-json\/wp\/v2\/product_cat?post=72729"},{"taxonomy":"product_tag","embeddable":true,"href":"https:\/\/hajimekarate.com\/pt-pt\/wp-json\/wp\/v2\/product_tag?post=72729"}],"curies":[{"name":"wp","href":"https:\/\/api.w.org\/{rel}","templated":true}]}}