{"id":72394,"date":"2024-07-31T16:54:00","date_gmt":"2024-07-31T14:54:00","guid":{"rendered":"https:\/\/hajimekarate.com\/?post_type=product&#038;p=72394"},"modified":"2024-08-01T11:11:21","modified_gmt":"2024-08-01T09:11:21","slug":"chaqueta-kaiten-hiyaku-kumite-talla-160","status":"publish","type":"product","link":"https:\/\/hajimekarate.com\/pt-pt\/comprar\/chaqueta-kaiten-hiyaku-kumite-talla-160\/","title":{"rendered":"Apenas casaco | Kaiten Hiyaku | Kumite | Tamanho160"},"content":{"rendered":"<p><span style=\"font-weight: 400;\">O Karategui Kaiten Hiyaku \u00e9 um fato concebido para os competidores de Kumite.<\/span> Os Karateguis v\u00eam com uma elegante bolsa com cord\u00e3o, pr\u00e1tica e leve. HIYAKU em japon\u00eas significa velocidade e dinamismo, exactamente o que este Karategui Kaiten oferece. Este fato de Karat\u00e9 \u00e9 ideal para competi\u00e7\u00f5es de Kumite. O seu tecido 100% poli\u00e9ster \u00e9 ultra-leve, com um corte para Kumite pensado para um melhor desempenho no Tatami. Gostas de velocidade? O Karategui Kaiten Hiyaku \u00e9 a tua melhor escolha. Corte: Kumite Casaco: manga comprida e comprida Peso: aprox. 6 oz. <span lang=\"de\">Material: 100% poli\u00e9ster<\/span><\/p>\n","protected":false},"excerpt":{"rendered":"<p>Apenas o casaco tamanho 160 cm Karategui \u00e9 sin\u00f3nimo de velocidade e dinamismo, como o seu nome japon\u00eas indica. Tecido ultra-leve 100% poli\u00e9ster com corte para Kumite.<\/p>\n","protected":false},"featured_media":6692,"template":"","meta":{"_joinchat":[]},"product_brand":[],"product_cat":[2911,1892,2483,1896,335,1374,334,341],"product_tag":[],"class_list":{"0":"post-72394","1":"product","2":"type-product","3":"status-publish","4":"has-post-thumbnail","6":"product_cat-equipamento-de-karate-personalizado","7":"product_cat-competidores-de-pouso-de-equipamentos-de-alta-competicao","8":"product_cat-fato-karate-kumite","9":"product_cat-fatos-kaiten-personalizados","10":"product_cat-karateguis-kaiten","11":"product_cat-promocoes-pt-pt","12":"product_cat-karateguis","13":"product_cat-kaiten","15":"first","16":"instock","17":"sale","18":"featured","19":"taxable","20":"shipping-taxable","21":"purchasable","22":"product-type-simple"},"_links":{"self":[{"href":"https:\/\/hajimekarate.com\/pt-pt\/wp-json\/wp\/v2\/product\/72394","targetHints":{"allow":["GET"]}}],"collection":[{"href":"https:\/\/hajimekarate.com\/pt-pt\/wp-json\/wp\/v2\/product"}],"about":[{"href":"https:\/\/hajimekarate.com\/pt-pt\/wp-json\/wp\/v2\/types\/product"}],"wp:featuredmedia":[{"embeddable":true,"href":"https:\/\/hajimekarate.com\/pt-pt\/wp-json\/wp\/v2\/media\/6692"}],"wp:attachment":[{"href":"https:\/\/hajimekarate.com\/pt-pt\/wp-json\/wp\/v2\/media?parent=72394"}],"wp:term":[{"taxonomy":"product_brand","embeddable":true,"href":"https:\/\/hajimekarate.com\/pt-pt\/wp-json\/wp\/v2\/product_brand?post=72394"},{"taxonomy":"product_cat","embeddable":true,"href":"https:\/\/hajimekarate.com\/pt-pt\/wp-json\/wp\/v2\/product_cat?post=72394"},{"taxonomy":"product_tag","embeddable":true,"href":"https:\/\/hajimekarate.com\/pt-pt\/wp-json\/wp\/v2\/product_tag?post=72394"}],"curies":[{"name":"wp","href":"https:\/\/api.w.org\/{rel}","templated":true}]}}