{"id":72328,"date":"2024-07-31T13:37:47","date_gmt":"2024-07-31T11:37:47","guid":{"rendered":"https:\/\/hajimekarate.com\/?post_type=product&#038;p=72328"},"modified":"2024-08-01T11:11:55","modified_gmt":"2024-08-01T09:11:55","slug":"solo-pantalon-kaiten-hiyaku-para-kumite-talla175cm","status":"publish","type":"product","link":"https:\/\/hajimekarate.com\/pt-pt\/comprar\/solo-pantalon-kaiten-hiyaku-para-kumite-talla175cm\/","title":{"rendered":"Cal\u00e7as Kaiten Hiyaku para Kumite | Kaiten Hiyaku para Kumite | Tamanho 175 cm"},"content":{"rendered":"<p>Com os novos regulamentos WKF 2023 aumentamos as possibilidades para que possas renovar e adaptar o teu equipamento para competi\u00e7\u00f5es internacionais da WKF. Com esta op\u00e7\u00e3o pode escolher apenas as cal\u00e7as do seu karategui Kaiten Hiyaku para Kumite. Na Hajime Karate Hajime poder\u00e1s, tamb\u00e9m, comprar s\u00f3 o casaco de acordo com os novos regulamentos WKF, com os bordado da Shureido nos ombros, se n\u00e3o precisas de renovar o fato completo. Ou poder\u00e1s comprar umas cal\u00e7as soltas caso necessites de renovar apenas esta parte do teu Gui.<\/p>\n","protected":false},"excerpt":{"rendered":"<p>Karategi Kaiten Hiyaku Cal\u00e7as Karategi para Kumite. \u00daltimo tamanho dispon\u00edvel Tecido ultraleve 100% poli\u00e9ster com corte Kumite. Cintura el\u00e1stica.<\/p>\n","protected":false},"featured_media":51438,"template":"","meta":{"_joinchat":[]},"product_brand":[],"product_cat":[2911,2483,335,2399,1374,334,340,341],"product_tag":[],"class_list":{"0":"post-72328","1":"product","2":"type-product","3":"status-publish","4":"has-post-thumbnail","6":"product_cat-equipamento-de-karate-personalizado","7":"product_cat-fato-karate-kumite","8":"product_cat-karateguis-kaiten","9":"product_cat-kumite-concurso","10":"product_cat-promocoes-pt-pt","11":"product_cat-karateguis","12":"product_cat-marcas","13":"product_cat-kaiten","15":"first","16":"outofstock","17":"sale","18":"taxable","19":"shipping-taxable","20":"purchasable","21":"product-type-simple"},"_links":{"self":[{"href":"https:\/\/hajimekarate.com\/pt-pt\/wp-json\/wp\/v2\/product\/72328","targetHints":{"allow":["GET"]}}],"collection":[{"href":"https:\/\/hajimekarate.com\/pt-pt\/wp-json\/wp\/v2\/product"}],"about":[{"href":"https:\/\/hajimekarate.com\/pt-pt\/wp-json\/wp\/v2\/types\/product"}],"wp:featuredmedia":[{"embeddable":true,"href":"https:\/\/hajimekarate.com\/pt-pt\/wp-json\/wp\/v2\/media\/51438"}],"wp:attachment":[{"href":"https:\/\/hajimekarate.com\/pt-pt\/wp-json\/wp\/v2\/media?parent=72328"}],"wp:term":[{"taxonomy":"product_brand","embeddable":true,"href":"https:\/\/hajimekarate.com\/pt-pt\/wp-json\/wp\/v2\/product_brand?post=72328"},{"taxonomy":"product_cat","embeddable":true,"href":"https:\/\/hajimekarate.com\/pt-pt\/wp-json\/wp\/v2\/product_cat?post=72328"},{"taxonomy":"product_tag","embeddable":true,"href":"https:\/\/hajimekarate.com\/pt-pt\/wp-json\/wp\/v2\/product_tag?post=72328"}],"curies":[{"name":"wp","href":"https:\/\/api.w.org\/{rel}","templated":true}]}}