{"id":70444,"date":"2024-05-31T12:10:17","date_gmt":"2024-05-31T10:10:17","guid":{"rendered":"https:\/\/hajimekarate.com\/comprar\/protetor-bucal-sisu-max\/"},"modified":"2025-11-03T11:32:14","modified_gmt":"2025-11-03T10:32:14","slug":"protecao-bucal-sisu-max","status":"publish","type":"product","link":"https:\/\/hajimekarate.com\/pt-pt\/comprar\/protecao-bucal-sisu-max\/","title":{"rendered":"Prote\u00e7\u00e3o Bucal SISU MAX"},"content":{"rendered":"<h3>TECNOLOGIA AVAN\u00c7ADA<\/h3>\n<p>A prote\u00e7\u00e3o bucal SISU Max \u00e9 a mais recente evolu\u00e7\u00e3o na engenharia de prote\u00e7\u00f5es bucais dos fabricantes do SISU Guard. \u00c9 a prote\u00e7\u00e3o bucal mais eficaz da marca. Com uma qualidade e funcionalidade inigual\u00e1veis, a SISU Max foi concebida a pensar no atleta e as suas caracter\u00edsticas \u00fanicas centram-se na obten\u00e7\u00e3o de prote\u00e7\u00e3o extra e no conforto.<\/p>\n<h3>MAIS PROTE\u00c7\u00c3O<\/h3>\n<p>A prote\u00e7\u00e3o bucal SISU Max \u00e9 feita de material termopl\u00e1stico de alta tecnologia que \u00e9 50% mais forte e tem 8 vezes mais resist\u00eancia \u00e0 tra\u00e7\u00e3o do que os materiais de prote\u00e7\u00f5es bucais convencionais. Se procuras a m\u00e1xima prote\u00e7\u00e3o para todos os tipos de desportos de contacto, esta \u00e9 a prote\u00e7\u00e3o ideal para ti.<\/p>\n<h3>COMO SE N\u00c3O O ESTIVESSES A USAR<\/h3>\n<p>O modelo SISU Max tem apenas 2,4 mm de espessura, o que o torna 30% mais fino do que uma prote\u00e7\u00e3o bucal normal. Ajusta-se \u00e0 tua medida e podes falar, respirar e beber como se n\u00e3o estivesses a usar nada.<\/p>\n<h3>USAS APARELHO DENT\u00c1RIO? <a href=\"https:\/\/www.sisuguard.com\/fitting-with-braces\/\" target=\"_blank\" rel=\"noopener\">CLICA AQUI<\/a><\/h3>\n<p>Com 2,4 mm de espessura, a prote\u00e7\u00e3o bucal SISU Max oferece a maior prote\u00e7\u00e3o de todos as prote\u00e7\u00f5es bucais SISU, mas continua a ser 30% mais fina do que as prote\u00e7\u00f5es bucais desportivos convencionais. Moldas \u00e0 tua medida, assim consegues falar, respirar e beber como se n\u00e3o o estivesses a usar. Esta \u00e9 a prote\u00e7\u00e3o SISU mais recomendada caso uses aparelho dent\u00e1rio.<\/p>\n<p><img loading=\"lazy\" decoding=\"async\" class=\"alignnone wp-image-68390 size-full\" src=\"https:\/\/hajimekarate.com\/wp-content\/uploads\/2018\/09\/SISU-comparativa.png\" alt=\"\" width=\"1152\" height=\"714\" srcset=\"https:\/\/hajimekarate.com\/wp-content\/uploads\/2018\/09\/SISU-comparativa.png 1152w, https:\/\/hajimekarate.com\/wp-content\/uploads\/2018\/09\/SISU-comparativa-300x186.png 300w, https:\/\/hajimekarate.com\/wp-content\/uploads\/2018\/09\/SISU-comparativa-1024x635.png 1024w, https:\/\/hajimekarate.com\/wp-content\/uploads\/2018\/09\/SISU-comparativa-768x476.png 768w, https:\/\/hajimekarate.com\/wp-content\/uploads\/2018\/09\/SISU-comparativa-600x372.png 600w\" sizes=\"auto, (max-width: 1152px) 100vw, 1152px\" \/><\/p>\n<p><iframe loading=\"lazy\" title=\"SISU Mouthguard | Max Guards\" width=\"1080\" height=\"608\" src=\"https:\/\/www.youtube.com\/embed\/I1jno8DF9yk?feature=oembed\" frameborder=\"0\" allow=\"accelerometer; autoplay; clipboard-write; encrypted-media; gyroscope; picture-in-picture; web-share\" referrerpolicy=\"strict-origin-when-cross-origin\" allowfullscreen><\/iframe><\/p>\n<p>&nbsp;<\/p>\n","protected":false},"excerpt":{"rendered":"<p>O modelo <strong>SISU Max <\/strong>tem apenas <strong>2,4 mm de espessura<\/strong>, o que o torna 30% mais fino do que uma prote\u00e7\u00e3o bucal t\u00edpica. Ajusta-se \u00e0 tua medida. E podes falar, respirar e beber como se n\u00e3o estivesses a usar nada. Com este modelo de <strong>prote\u00e7\u00e3o m\u00e1xima<\/strong> n\u00e3o ter\u00e1s que comprometer o teu conforto. Remold\u00e1vel at\u00e9 20 vezes. <strong>Modelo recomendado para Karat\u00e9.<\/strong><\/p>\n<p><img loading=\"lazy\" decoding=\"async\" class=\"wp-image-43731 size-thumbnail alignright\" src=\"https:\/\/hajimekarate.com\/wp-content\/uploads\/2018\/09\/hajimekarate-150x150.png\" alt=\"\" width=\"150\" height=\"150\" srcset=\"https:\/\/hajimekarate.com\/wp-content\/uploads\/2018\/09\/hajimekarate-150x150.png 150w, https:\/\/hajimekarate.com\/wp-content\/uploads\/2018\/09\/hajimekarate-300x300.png 300w, https:\/\/hajimekarate.com\/wp-content\/uploads\/2018\/09\/hajimekarate-70x70.png 70w, https:\/\/hajimekarate.com\/wp-content\/uploads\/2018\/09\/hajimekarate-100x100.png 100w, https:\/\/hajimekarate.com\/wp-content\/uploads\/2018\/09\/hajimekarate-140x140.png 140w, https:\/\/hajimekarate.com\/wp-content\/uploads\/2018\/09\/hajimekarate-350x350.png 350w, https:\/\/hajimekarate.com\/wp-content\/uploads\/2018\/09\/hajimekarate.png 358w\" sizes=\"auto, (max-width: 150px) 100vw, 150px\" \/><\/p>\n","protected":false},"featured_media":70303,"template":"","meta":{"_joinchat":[]},"product_brand":[],"product_cat":[2346,2399,2430,343],"product_tag":[2627],"class_list":{"0":"post-70444","1":"product","2":"type-product","3":"status-publish","4":"has-post-thumbnail","6":"product_cat-sem-categoria-pt-pt","7":"product_cat-kumite-concurso","8":"product_cat-protecoes-para-a-boca","9":"product_cat-protecoes-pt","10":"product_tag-club-15-pt","12":"first","13":"instock","14":"taxable","15":"shipping-taxable","16":"purchasable","17":"product-type-variable"},"_links":{"self":[{"href":"https:\/\/hajimekarate.com\/pt-pt\/wp-json\/wp\/v2\/product\/70444","targetHints":{"allow":["GET"]}}],"collection":[{"href":"https:\/\/hajimekarate.com\/pt-pt\/wp-json\/wp\/v2\/product"}],"about":[{"href":"https:\/\/hajimekarate.com\/pt-pt\/wp-json\/wp\/v2\/types\/product"}],"wp:featuredmedia":[{"embeddable":true,"href":"https:\/\/hajimekarate.com\/pt-pt\/wp-json\/wp\/v2\/media\/70303"}],"wp:attachment":[{"href":"https:\/\/hajimekarate.com\/pt-pt\/wp-json\/wp\/v2\/media?parent=70444"}],"wp:term":[{"taxonomy":"product_brand","embeddable":true,"href":"https:\/\/hajimekarate.com\/pt-pt\/wp-json\/wp\/v2\/product_brand?post=70444"},{"taxonomy":"product_cat","embeddable":true,"href":"https:\/\/hajimekarate.com\/pt-pt\/wp-json\/wp\/v2\/product_cat?post=70444"},{"taxonomy":"product_tag","embeddable":true,"href":"https:\/\/hajimekarate.com\/pt-pt\/wp-json\/wp\/v2\/product_tag?post=70444"}],"curies":[{"name":"wp","href":"https:\/\/api.w.org\/{rel}","templated":true}]}}