{"id":70402,"date":"2024-06-04T11:59:34","date_gmt":"2024-06-04T09:59:34","guid":{"rendered":"https:\/\/hajimekarate.com\/comprar\/protetor-bucal-sisu-aero-adulto-crianca\/"},"modified":"2025-01-20T17:41:57","modified_gmt":"2025-01-20T16:41:57","slug":"protecao-bucal-sisu-aero-infantil-adulto","status":"publish","type":"product","link":"https:\/\/hajimekarate.com\/pt-pt\/comprar\/protecao-bucal-sisu-aero-infantil-adulto\/","title":{"rendered":"Prote\u00e7\u00e3o Bucal SISU Aero | Infantil | Adulto"},"content":{"rendered":"<h3>TECNOLOGIA AVAN\u00c7ADA<\/h3>\n<p>A prote\u00e7\u00e3o bucal SISU Aero \u00e9 a mais recente evolu\u00e7\u00e3o na engenharia de prote\u00e7\u00f5es bucais dos fabricantes do SISU Guard. Em poucas palavras, \u00e9 a prote\u00e7\u00e3o bucal mais eficaz que a marca alguma vez fabricou. Com uma qualidade e funcionalidade inigual\u00e1veis, o modelo SISU Aero foi concebido a pensar no atleta e as suas novas caracter\u00edsticas \u00fanicas centram-se na prote\u00e7\u00e3o e conforto adicionais.<\/p>\n<h3>MAIS PROTE\u00c7\u00c3O<\/h3>\n<p>O modelo Aero \u00e9 fabricado com um material termopl\u00e1stico de alta tecnologia que \u00e9 30% mais forte e tem 8 vezes mais resist\u00eancia \u00e0 tra\u00e7\u00e3o do que os materiais de prote\u00e7\u00f5es bucais convencionais. Isto significa que, independentemente da intensidade do combate, o modelo SISU Aero proteger\u00e1 os teus dentes.<\/p>\n<h3>MUITO MENOS VOLUME<\/h3>\n<p>A carater\u00edstica mais exclusiva do modelo SISU Aero \u00e9 o seu design superfino e ultraleve. Com 1,6 mm, o modelo Aero \u00e9 50% mais fino do que uma prote\u00e7\u00e3o bucal normal. Combinado com o seu ajuste r\u00e1pido, personaliz\u00e1vel e remold\u00e1vel esquecer\u00e1s completamente que existe algo em pl\u00e1stico e t\u00e3o eficaz dentro da tua boca.<\/p>\n<h3>PROTE\u00c7\u00c3O INFANTIL<\/h3>\n<p>Com 1,6 mm de espessura, a prote\u00e7\u00e3o bucal SISU Aero Infantil \u00e9 t\u00e3o pequena e confort\u00e1vel que as crian\u00e7as n\u00e3o sentem a necessidade constante de o retirar, tornando esta prote\u00e7\u00e3o mais higi\u00e9nica e saud\u00e1vel. O tamanho desta prote\u00e7\u00e3o bucal Infantil \u00e9 ideal para crian\u00e7as dos 7 aos 10 anos. Se o seu filho usa aparelho ortod\u00f4ntico, opte por outros modelos SISU, independentemente da idade.<\/p>\n<p><img loading=\"lazy\" decoding=\"async\" class=\"alignnone wp-image-68390 size-full\" src=\"https:\/\/hajimekarate.com\/wp-content\/uploads\/2018\/09\/SISU-comparativa.png\" alt=\"\" width=\"1152\" height=\"714\" srcset=\"https:\/\/hajimekarate.com\/wp-content\/uploads\/2018\/09\/SISU-comparativa.png 1152w, https:\/\/hajimekarate.com\/wp-content\/uploads\/2018\/09\/SISU-comparativa-300x186.png 300w, https:\/\/hajimekarate.com\/wp-content\/uploads\/2018\/09\/SISU-comparativa-1024x635.png 1024w, https:\/\/hajimekarate.com\/wp-content\/uploads\/2018\/09\/SISU-comparativa-768x476.png 768w, https:\/\/hajimekarate.com\/wp-content\/uploads\/2018\/09\/SISU-comparativa-600x372.png 600w\" sizes=\"auto, (max-width: 1152px) 100vw, 1152px\" \/><\/p>\n<p>&nbsp;<\/p>\n<p><iframe loading=\"lazy\" title=\"SISU Mouthguard | Fitting Guide\" width=\"1080\" height=\"608\" src=\"https:\/\/www.youtube.com\/embed\/LdW_FAlyMAA?feature=oembed\" frameborder=\"0\" allow=\"accelerometer; autoplay; clipboard-write; encrypted-media; gyroscope; picture-in-picture; web-share\" referrerpolicy=\"strict-origin-when-cross-origin\" allowfullscreen><\/iframe><br \/>\n<iframe loading=\"lazy\" title=\"SISU Mouthguard | NextGen\" width=\"1080\" height=\"608\" src=\"https:\/\/www.youtube.com\/embed\/CgqDat6r7YQ?start=4&#038;feature=oembed\" frameborder=\"0\" allow=\"accelerometer; autoplay; clipboard-write; encrypted-media; gyroscope; picture-in-picture; web-share\" referrerpolicy=\"strict-origin-when-cross-origin\" allowfullscreen><\/iframe><\/p>\n","protected":false},"excerpt":{"rendered":"<p>Com apenas 1,6 mm de espessura e design ultrafino e ultraleve, o modelo SISU Aero \u00e9 50% mais fino do que as prote\u00e7\u00f5es bucais desportivas convencionais, proporcionando m\u00e1ximo conforto e comodidade. O ajuste fino e personalizado faz com que seja mais f\u00e1cil falar, respirar e beber sem retirar a prote\u00e7\u00e3o, contribuindo para uma melhor higiene. A carater\u00edstica mais exclusiva do modelo SISU Aero \u00e9 o seu design superfino e ultraleve.<\/p>\n<p><img loading=\"lazy\" decoding=\"async\" class=\"wp-image-43731 size-thumbnail alignright\" src=\"https:\/\/hajimekarate.com\/wp-content\/uploads\/2018\/09\/hajimekarate-150x150.png\" alt=\"\" width=\"150\" height=\"150\" srcset=\"https:\/\/hajimekarate.com\/wp-content\/uploads\/2018\/09\/hajimekarate-150x150.png 150w, https:\/\/hajimekarate.com\/wp-content\/uploads\/2018\/09\/hajimekarate-300x300.png 300w, https:\/\/hajimekarate.com\/wp-content\/uploads\/2018\/09\/hajimekarate-70x70.png 70w, https:\/\/hajimekarate.com\/wp-content\/uploads\/2018\/09\/hajimekarate-100x100.png 100w, https:\/\/hajimekarate.com\/wp-content\/uploads\/2018\/09\/hajimekarate-140x140.png 140w, https:\/\/hajimekarate.com\/wp-content\/uploads\/2018\/09\/hajimekarate-350x350.png 350w, https:\/\/hajimekarate.com\/wp-content\/uploads\/2018\/09\/hajimekarate.png 358w\" sizes=\"auto, (max-width: 150px) 100vw, 150px\" \/><\/p>\n","protected":false},"featured_media":6620,"template":"","meta":{"_joinchat":[]},"product_brand":[],"product_cat":[2346,2399,2430,343],"product_tag":[2627],"class_list":{"0":"post-70402","1":"product","2":"type-product","3":"status-publish","4":"has-post-thumbnail","6":"product_cat-sem-categoria-pt-pt","7":"product_cat-kumite-concurso","8":"product_cat-protecoes-para-a-boca","9":"product_cat-protecoes-pt","10":"product_tag-club-15-pt","12":"first","13":"instock","14":"taxable","15":"shipping-taxable","16":"purchasable","17":"product-type-variable"},"_links":{"self":[{"href":"https:\/\/hajimekarate.com\/pt-pt\/wp-json\/wp\/v2\/product\/70402","targetHints":{"allow":["GET"]}}],"collection":[{"href":"https:\/\/hajimekarate.com\/pt-pt\/wp-json\/wp\/v2\/product"}],"about":[{"href":"https:\/\/hajimekarate.com\/pt-pt\/wp-json\/wp\/v2\/types\/product"}],"wp:featuredmedia":[{"embeddable":true,"href":"https:\/\/hajimekarate.com\/pt-pt\/wp-json\/wp\/v2\/media\/6620"}],"wp:attachment":[{"href":"https:\/\/hajimekarate.com\/pt-pt\/wp-json\/wp\/v2\/media?parent=70402"}],"wp:term":[{"taxonomy":"product_brand","embeddable":true,"href":"https:\/\/hajimekarate.com\/pt-pt\/wp-json\/wp\/v2\/product_brand?post=70402"},{"taxonomy":"product_cat","embeddable":true,"href":"https:\/\/hajimekarate.com\/pt-pt\/wp-json\/wp\/v2\/product_cat?post=70402"},{"taxonomy":"product_tag","embeddable":true,"href":"https:\/\/hajimekarate.com\/pt-pt\/wp-json\/wp\/v2\/product_tag?post=70402"}],"curies":[{"name":"wp","href":"https:\/\/api.w.org\/{rel}","templated":true}]}}