{"id":70339,"date":"2024-05-31T12:46:22","date_gmt":"2024-05-31T10:46:22","guid":{"rendered":"https:\/\/hajimekarate.com\/comprar\/protetor-bucal-sisu-3d-adultos-criancas\/"},"modified":"2025-10-13T15:39:47","modified_gmt":"2025-10-13T13:39:47","slug":"protecao-bucal-sisu-3d-adulto-infantil","status":"publish","type":"product","link":"https:\/\/hajimekarate.com\/pt-pt\/comprar\/protecao-bucal-sisu-3d-adulto-infantil\/","title":{"rendered":"Prote\u00e7\u00e3o Bucal SISU 3D | Infantil | Adulto"},"content":{"rendered":"<h3>Ajuste f\u00e1cil e sem esfor\u00e7o<\/h3>\n<p>As prote\u00e7\u00f5es bucais SISU s\u00e3o famosas pela sua prote\u00e7\u00e3o inigual\u00e1vel, comodidade, limpeza e possibilidade de se remodelar. <\/p>\n<p>Embora possa parecer imposs\u00edvel, o modelo SISU 3D melhora os modelos SISU anteriores e acrescenta uma s\u00e9rie de novas funcionalidades: &#8211; Protetor pr\u00e9-moldado para um ajuste r\u00e1pido e sem esfor\u00e7o &#8211; Espessura vari\u00e1vel do material para colocar a prote\u00e7\u00e3o onde precisa e o conforto onde quer.<\/p>\n<p>Caracter\u00edsticas:<\/p>\n<ul>\n<li>2,0 mm de espessura<\/li>\n<li>Pr\u00e9-moldada para um ajuste f\u00e1cil, perfeito e personalizado \u00e0 medida em qualquer momento.<\/li>\n<li>Funciona com aparelho ortod\u00f4ntico (devendo ser ajustado por um dentista) <em>* deve ajustar-se no tamanho adulto para atletas com menos e 152,4 cm de altura<\/em><\/li>\n<li>N\u00e3o t\u00f3xico: sem BPA, BPS, l\u00e1tex, PVC e ftalatos.<\/li>\n<\/ul>\n<p>&nbsp;<\/p>\n<p><img loading=\"lazy\" decoding=\"async\" class=\"alignnone wp-image-68390 size-full\" src=\"https:\/\/hajimekarate.com\/wp-content\/uploads\/2018\/09\/SISU-comparativa.png\" alt=\"\" width=\"1152\" height=\"714\" srcset=\"https:\/\/hajimekarate.com\/wp-content\/uploads\/2018\/09\/SISU-comparativa.png 1152w, https:\/\/hajimekarate.com\/wp-content\/uploads\/2018\/09\/SISU-comparativa-300x186.png 300w, https:\/\/hajimekarate.com\/wp-content\/uploads\/2018\/09\/SISU-comparativa-1024x635.png 1024w, https:\/\/hajimekarate.com\/wp-content\/uploads\/2018\/09\/SISU-comparativa-768x476.png 768w, https:\/\/hajimekarate.com\/wp-content\/uploads\/2018\/09\/SISU-comparativa-600x372.png 600w\" sizes=\"auto, (max-width: 1152px) 100vw, 1152px\" \/><\/p>\n<p>&nbsp;<\/p>\n<p><iframe loading=\"lazy\" title=\"SISU 3D Mouthguard - Overview\" width=\"1080\" height=\"608\" src=\"https:\/\/www.youtube.com\/embed\/ydqlNIRffv4?feature=oembed\" frameborder=\"0\" allow=\"accelerometer; autoplay; clipboard-write; encrypted-media; gyroscope; picture-in-picture; web-share\" referrerpolicy=\"strict-origin-when-cross-origin\" allowfullscreen><\/iframe><\/p>\n<p><iframe loading=\"lazy\" title=\"SISU 3D - Fitting Guide\" width=\"1080\" height=\"608\" src=\"https:\/\/www.youtube.com\/embed\/XLCsYStfO64?start=13&#038;feature=oembed\" frameborder=\"0\" allow=\"accelerometer; autoplay; clipboard-write; encrypted-media; gyroscope; picture-in-picture; web-share\" referrerpolicy=\"strict-origin-when-cross-origin\" allowfullscreen><\/iframe><\/p>\n<p>&nbsp;<\/p>\n","protected":false},"excerpt":{"rendered":"<p>O modelo SISU 3D tem 2,0 mm de espessura e<strong> \u00e9 pr\u00e9-moldado, o que facilita ainda mais a sua adapta\u00e7\u00e3o e fixa\u00e7\u00e3o<\/strong>. Molda-se da mesma forma que o modelo Aero, mas, como j\u00e1 tem o formato dos dentes, \u00e9 mais f\u00e1cil de ajustar do que o modelo Aero, que \u00e9 completamente plano. Al\u00e9m disso, a espessura \u00e9 vari\u00e1vel para proporcionar mais prote\u00e7\u00e3o onde \u00e9 necess\u00e1rio e mais conforto noutras partes. <strong>Remold\u00e1vel at\u00e9 20 vezes. <\/strong>Por ser de ajuste e adapta\u00e7\u00e3o f\u00e1cil, recomendamos este modelo para crian\u00e7as.<\/p>\n<p><img loading=\"lazy\" decoding=\"async\" class=\"wp-image-43731 size-thumbnail alignright\" src=\"https:\/\/hajimekarate.com\/wp-content\/uploads\/2018\/09\/hajimekarate-150x150.png\" alt=\"\" width=\"150\" height=\"150\" srcset=\"https:\/\/hajimekarate.com\/wp-content\/uploads\/2018\/09\/hajimekarate-150x150.png 150w, https:\/\/hajimekarate.com\/wp-content\/uploads\/2018\/09\/hajimekarate-300x300.png 300w, https:\/\/hajimekarate.com\/wp-content\/uploads\/2018\/09\/hajimekarate-70x70.png 70w, https:\/\/hajimekarate.com\/wp-content\/uploads\/2018\/09\/hajimekarate-100x100.png 100w, https:\/\/hajimekarate.com\/wp-content\/uploads\/2018\/09\/hajimekarate-140x140.png 140w, https:\/\/hajimekarate.com\/wp-content\/uploads\/2018\/09\/hajimekarate-350x350.png 350w, https:\/\/hajimekarate.com\/wp-content\/uploads\/2018\/09\/hajimekarate.png 358w\" sizes=\"auto, (max-width: 150px) 100vw, 150px\" \/><\/p>\n","protected":false},"featured_media":65615,"template":"","meta":{"_joinchat":[]},"product_brand":[],"product_cat":[2346,2399,2430,343],"product_tag":[2627],"class_list":{"0":"post-70339","1":"product","2":"type-product","3":"status-publish","4":"has-post-thumbnail","6":"product_cat-sem-categoria-pt-pt","7":"product_cat-kumite-concurso","8":"product_cat-protecoes-para-a-boca","9":"product_cat-protecoes-pt","10":"product_tag-club-15-pt","12":"first","13":"instock","14":"taxable","15":"shipping-taxable","16":"purchasable","17":"product-type-variable"},"_links":{"self":[{"href":"https:\/\/hajimekarate.com\/pt-pt\/wp-json\/wp\/v2\/product\/70339","targetHints":{"allow":["GET"]}}],"collection":[{"href":"https:\/\/hajimekarate.com\/pt-pt\/wp-json\/wp\/v2\/product"}],"about":[{"href":"https:\/\/hajimekarate.com\/pt-pt\/wp-json\/wp\/v2\/types\/product"}],"wp:featuredmedia":[{"embeddable":true,"href":"https:\/\/hajimekarate.com\/pt-pt\/wp-json\/wp\/v2\/media\/65615"}],"wp:attachment":[{"href":"https:\/\/hajimekarate.com\/pt-pt\/wp-json\/wp\/v2\/media?parent=70339"}],"wp:term":[{"taxonomy":"product_brand","embeddable":true,"href":"https:\/\/hajimekarate.com\/pt-pt\/wp-json\/wp\/v2\/product_brand?post=70339"},{"taxonomy":"product_cat","embeddable":true,"href":"https:\/\/hajimekarate.com\/pt-pt\/wp-json\/wp\/v2\/product_cat?post=70339"},{"taxonomy":"product_tag","embeddable":true,"href":"https:\/\/hajimekarate.com\/pt-pt\/wp-json\/wp\/v2\/product_tag?post=70339"}],"curies":[{"name":"wp","href":"https:\/\/api.w.org\/{rel}","templated":true}]}}