{"id":69086,"date":"2024-04-29T16:48:56","date_gmt":"2024-04-29T14:48:56","guid":{"rendered":"https:\/\/hajimekarate.com\/?post_type=product&#038;p=69086"},"modified":"2026-02-11T10:55:22","modified_gmt":"2026-02-11T09:55:22","slug":"conjunto-2-cintos-karate-competicao-kata-shureido-wkf-vermelho-azul","status":"publish","type":"product","link":"https:\/\/hajimekarate.com\/pt-pt\/comprar\/conjunto-2-cintos-karate-competicao-kata-shureido-wkf-vermelho-azul\/","title":{"rendered":"Conjunto de 2 cintos de karat\u00e9 de competi\u00e7\u00e3o | Kata | SHUREIDO | WKF | Vermelho e azul"},"content":{"rendered":"<p><strong>Caracter\u00edsticas:<\/strong><\/p>\n<ul>\n<li>Obi homologado pela WKF.<\/li>\n<li>11 costuras.<\/li>\n<li>Cor resistente e duradoura.<\/li>\n<li>100% algod\u00e3o de grossura especial.<\/li>\n<li>Ideal para competi\u00e7\u00f5es de KATA<\/li>\n<li>Largura aproximada: 4,5 cm.<\/li>\n<\/ul>\n","protected":false},"excerpt":{"rendered":"<p>Conjunto de cintos de karat\u00e9 Shureido vermelho e azul para competi\u00e7\u00e3o. Ideal para Kata, pois s\u00e3o confeccionados em algod\u00e3o com espessura especial. Com etiqueta da WKF.<\/p>\n","protected":false},"featured_media":91442,"template":"","meta":{"_joinchat":[]},"product_brand":[],"product_cat":[329,1892,2401,2954,1374,328,332,342],"product_tag":[2621],"class_list":{"0":"post-69086","1":"product","2":"type-product","3":"status-publish","4":"has-post-thumbnail","6":"product_cat-cintos-competicao-wkf","7":"product_cat-competidores-de-pouso-de-equipamentos-de-alta-competicao","8":"product_cat-kata-concurso","9":"product_cat-packs-pt-pt","10":"product_cat-promocoes-pt-pt","11":"product_cat-cintos-karate","12":"product_cat-cintos-shureido","13":"product_cat-shureido","14":"product_tag-club-05-pt","16":"first","17":"instock","18":"sale","19":"taxable","20":"shipping-taxable","21":"purchasable","22":"product-type-variable","23":"has-default-attributes"},"_links":{"self":[{"href":"https:\/\/hajimekarate.com\/pt-pt\/wp-json\/wp\/v2\/product\/69086","targetHints":{"allow":["GET"]}}],"collection":[{"href":"https:\/\/hajimekarate.com\/pt-pt\/wp-json\/wp\/v2\/product"}],"about":[{"href":"https:\/\/hajimekarate.com\/pt-pt\/wp-json\/wp\/v2\/types\/product"}],"wp:featuredmedia":[{"embeddable":true,"href":"https:\/\/hajimekarate.com\/pt-pt\/wp-json\/wp\/v2\/media\/91442"}],"wp:attachment":[{"href":"https:\/\/hajimekarate.com\/pt-pt\/wp-json\/wp\/v2\/media?parent=69086"}],"wp:term":[{"taxonomy":"product_brand","embeddable":true,"href":"https:\/\/hajimekarate.com\/pt-pt\/wp-json\/wp\/v2\/product_brand?post=69086"},{"taxonomy":"product_cat","embeddable":true,"href":"https:\/\/hajimekarate.com\/pt-pt\/wp-json\/wp\/v2\/product_cat?post=69086"},{"taxonomy":"product_tag","embeddable":true,"href":"https:\/\/hajimekarate.com\/pt-pt\/wp-json\/wp\/v2\/product_tag?post=69086"}],"curies":[{"name":"wp","href":"https:\/\/api.w.org\/{rel}","templated":true}]}}