{"id":66589,"date":"2024-02-12T11:10:46","date_gmt":"2024-02-12T10:10:46","guid":{"rendered":"https:\/\/hajimekarate.com\/comprar\/karategui-basico-san\/"},"modified":"2025-08-08T10:04:43","modified_gmt":"2025-08-08T08:04:43","slug":"karategui-hajime-basico-san","status":"publish","type":"product","link":"https:\/\/hajimekarate.com\/pt-pt\/comprar\/karategui-hajime-basico-san\/","title":{"rendered":"Karategui Hajime San"},"content":{"rendered":"<p>San, que significa &#8220;tr\u00eas&#8221; em japon\u00eas, representa a tr\u00edade de for\u00e7a, equil\u00edbrio e destreza. O nosso Karategui San \u00e9 mais do que um simples fato, representa o culminar da pr\u00e1tica, a fus\u00e3o harmoniosa da t\u00e9cnica, mente e esp\u00edrito na arte do Karat\u00e9. Fabricado com precis\u00e3o e dedica\u00e7\u00e3o, este Karategui \u00e9 o companheiro ideal para aqueles que aspiram alcan\u00e7ar n\u00edveis avan\u00e7ados de mestria no apaixonante mundo do Karat\u00e9. Descobre a distin\u00e7\u00e3o, a autenticidade e o empenho que caracterizam o nosso Karategui San, o teu aliado essencial para avan\u00e7ares na tua viagem pela arte marcial japonesa.<\/p>\n","protected":false},"excerpt":{"rendered":"<p>Karategui b\u00e1sico para principiantes. Tecido 100% algod\u00e3o de 9 on\u00e7as em bruto, que oferece rigidez e volume sem sacrificar a ligeireza. Perfeito para obter um excelente Snap em cada movimento. Com costuras refor\u00e7adas nas mangas e cal\u00e7as para garantir maior durabilidade. Ideal para te iniciares no mundo do Kata e para te acompanhar nos teus primeiros exames e competi\u00e7\u00f5es. Inclui o cinto branco e uma bolsa com os n\u00fameros de 1 a 10 inscritos em japon\u00eas, o que faz deste conjunto a escolha ideal para te iniciares ou continuares no Karat\u00e9 e aprenderes com conforto e estilo.<\/p>\n","protected":false},"featured_media":66487,"template":"","meta":{"_joinchat":[]},"product_brand":[],"product_cat":[336,334],"product_tag":[2809],"class_list":{"0":"post-66589","1":"product","2":"type-product","3":"status-publish","4":"has-post-thumbnail","6":"product_cat-karateguis-principiantes","7":"product_cat-karateguis","8":"product_tag-club-30-pt-pt","10":"first","11":"instock","12":"taxable","13":"shipping-taxable","14":"purchasable","15":"product-type-variable","16":"has-default-attributes"},"_links":{"self":[{"href":"https:\/\/hajimekarate.com\/pt-pt\/wp-json\/wp\/v2\/product\/66589","targetHints":{"allow":["GET"]}}],"collection":[{"href":"https:\/\/hajimekarate.com\/pt-pt\/wp-json\/wp\/v2\/product"}],"about":[{"href":"https:\/\/hajimekarate.com\/pt-pt\/wp-json\/wp\/v2\/types\/product"}],"wp:featuredmedia":[{"embeddable":true,"href":"https:\/\/hajimekarate.com\/pt-pt\/wp-json\/wp\/v2\/media\/66487"}],"wp:attachment":[{"href":"https:\/\/hajimekarate.com\/pt-pt\/wp-json\/wp\/v2\/media?parent=66589"}],"wp:term":[{"taxonomy":"product_brand","embeddable":true,"href":"https:\/\/hajimekarate.com\/pt-pt\/wp-json\/wp\/v2\/product_brand?post=66589"},{"taxonomy":"product_cat","embeddable":true,"href":"https:\/\/hajimekarate.com\/pt-pt\/wp-json\/wp\/v2\/product_cat?post=66589"},{"taxonomy":"product_tag","embeddable":true,"href":"https:\/\/hajimekarate.com\/pt-pt\/wp-json\/wp\/v2\/product_tag?post=66589"}],"curies":[{"name":"wp","href":"https:\/\/api.w.org\/{rel}","templated":true}]}}