{"id":66533,"date":"2024-02-07T17:38:58","date_gmt":"2024-02-07T16:38:58","guid":{"rendered":"https:\/\/hajimekarate.com\/comprar\/karategui-basico-ichi\/"},"modified":"2025-08-08T11:24:02","modified_gmt":"2025-08-08T09:24:02","slug":"karategui-hajime-basico-ichi","status":"publish","type":"product","link":"https:\/\/hajimekarate.com\/pt-pt\/comprar\/karategui-hajime-basico-ichi\/","title":{"rendered":"Karategui Hajime Ichi"},"content":{"rendered":"<p>Ichi, que significa &#8220;um&#8221; em japon\u00eas, representa o in\u00edcio, o come\u00e7o de uma nova viagem. O nosso Karategui Ichi \u00e9 mais do que um simples fato, \u00e9 o s\u00edmbolo dos nossos primeiros passos no caminho do Karat\u00e9. Fabricado com precis\u00e3o e cuidado, este Karategui \u00e9 o companheiro ideal para aqueles que embarcam na viagem de esfor\u00e7o e dedica\u00e7\u00e3o no fascinante mundo do Karat\u00e9. Descobre a qualidade, a tradi\u00e7\u00e3o e o empenho que representa o nosso Karategui Ichi, o teu aliado perfeito para iniciares a tua aventura na arte marcial japonesa.<\/p>\n","protected":false},"excerpt":{"rendered":"<p>Inicia-te ou d\u00e1 continuidade no mundo do Karat\u00e9 com o nosso Karategui Ni. Fabricado em tecido 100% algod\u00e3o de 7 on\u00e7as, este fato oferece durabilidade e conforto. As cal\u00e7as t\u00eam uma cinta el\u00e1stica para um ajuste confort\u00e1vel e seguro, as costuras nas mangas e nas cal\u00e7as garantem a sua resist\u00eancia. Com um corte a direito e uma cinta el\u00e1stica, este Karategui proporciona liberdade de movimentos para uma pr\u00e1tica f\u00e1cil. Inclui o cinto branco e uma bolsa com os n\u00fameros de 1 a 10 inscritos em japon\u00eas, o que faz deste conjunto a escolha ideal para te iniciares no Karat\u00e9 e aprenderes com conforto e estilo.<\/p>\n","protected":false},"featured_media":66255,"template":"","meta":{"_joinchat":[]},"product_brand":[],"product_cat":[336,334],"product_tag":[3283],"class_list":{"0":"post-66533","1":"product","2":"type-product","3":"status-publish","4":"has-post-thumbnail","6":"product_cat-karateguis-principiantes","7":"product_cat-karateguis","8":"product_tag-club-36-pt","10":"first","11":"instock","12":"taxable","13":"shipping-taxable","14":"purchasable","15":"product-type-variable","16":"has-default-attributes"},"_links":{"self":[{"href":"https:\/\/hajimekarate.com\/pt-pt\/wp-json\/wp\/v2\/product\/66533","targetHints":{"allow":["GET"]}}],"collection":[{"href":"https:\/\/hajimekarate.com\/pt-pt\/wp-json\/wp\/v2\/product"}],"about":[{"href":"https:\/\/hajimekarate.com\/pt-pt\/wp-json\/wp\/v2\/types\/product"}],"wp:featuredmedia":[{"embeddable":true,"href":"https:\/\/hajimekarate.com\/pt-pt\/wp-json\/wp\/v2\/media\/66255"}],"wp:attachment":[{"href":"https:\/\/hajimekarate.com\/pt-pt\/wp-json\/wp\/v2\/media?parent=66533"}],"wp:term":[{"taxonomy":"product_brand","embeddable":true,"href":"https:\/\/hajimekarate.com\/pt-pt\/wp-json\/wp\/v2\/product_brand?post=66533"},{"taxonomy":"product_cat","embeddable":true,"href":"https:\/\/hajimekarate.com\/pt-pt\/wp-json\/wp\/v2\/product_cat?post=66533"},{"taxonomy":"product_tag","embeddable":true,"href":"https:\/\/hajimekarate.com\/pt-pt\/wp-json\/wp\/v2\/product_tag?post=66533"}],"curies":[{"name":"wp","href":"https:\/\/api.w.org\/{rel}","templated":true}]}}