{"id":65820,"date":"2024-01-18T12:34:07","date_gmt":"2024-01-18T11:34:07","guid":{"rendered":"https:\/\/hajimekarate.com\/comprar\/coquilha-de-protecao-kaiten-de-competicao-e-treino-branca\/"},"modified":"2025-03-24T09:39:28","modified_gmt":"2025-03-24T08:39:28","slug":"coquilha-kaiten-competicao-e-treino-branca","status":"publish","type":"product","link":"https:\/\/hajimekarate.com\/pt-pt\/comprar\/coquilha-kaiten-competicao-e-treino-branca\/","title":{"rendered":"Coquilha de Prote\u00e7\u00e3o Kaiten para Competi\u00e7\u00e3o e Treino | Branca"},"content":{"rendered":"<p>Gra\u00e7as \u00e0 larga cintura el\u00e1stica, o protetor mant\u00e9m-se firmemente e no lugar, sem constrangimentos desagrad\u00e1veis. O tecido de malha permite que a pele respire e permite que o suor escape. Como a prote\u00e7\u00e3o pl\u00e1stica \u00e9 amov\u00edvel, consegue-se limpar facilmente a coquilha. Por outro lado, n\u00e3o sendo a prote\u00e7\u00e3o pl\u00e1stica fixa, oferece liberdade de movimentos em todas as situa\u00e7\u00e3o as situa\u00e7\u00f5es. Recomendamos o tamanho S para crian\u00e7as, uma vez que se adapta muito bem e \u00e9 muito confort\u00e1vel.<\/p>\n","protected":false},"excerpt":{"rendered":"<p>Coquilha Kaiten branca de prote\u00e7\u00e3o genital masculina. Adequada para competi\u00e7\u00e3o e treino de karat\u00e9.<br \/>\nO tamanho S \u00e9 o recomendado para crian\u00e7as.<\/p>\n<p><em>Por raz\u00f5es higi\u00e9nicas, este artigo n\u00e3o pode ser trocado ou devolvido.<\/em><\/p>\n","protected":false},"featured_media":8166,"template":"","meta":{"_joinchat":[]},"product_brand":[],"product_cat":[1374,343],"product_tag":[2630],"class_list":{"0":"post-65820","1":"product","2":"type-product","3":"status-publish","4":"has-post-thumbnail","6":"product_cat-promocoes-pt-pt","7":"product_cat-protecoes-pt","8":"product_tag-club-25-pt-pt-2","10":"first","11":"instock","12":"sale","13":"taxable","14":"shipping-taxable","15":"purchasable","16":"product-type-variable"},"_links":{"self":[{"href":"https:\/\/hajimekarate.com\/pt-pt\/wp-json\/wp\/v2\/product\/65820","targetHints":{"allow":["GET"]}}],"collection":[{"href":"https:\/\/hajimekarate.com\/pt-pt\/wp-json\/wp\/v2\/product"}],"about":[{"href":"https:\/\/hajimekarate.com\/pt-pt\/wp-json\/wp\/v2\/types\/product"}],"wp:featuredmedia":[{"embeddable":true,"href":"https:\/\/hajimekarate.com\/pt-pt\/wp-json\/wp\/v2\/media\/8166"}],"wp:attachment":[{"href":"https:\/\/hajimekarate.com\/pt-pt\/wp-json\/wp\/v2\/media?parent=65820"}],"wp:term":[{"taxonomy":"product_brand","embeddable":true,"href":"https:\/\/hajimekarate.com\/pt-pt\/wp-json\/wp\/v2\/product_brand?post=65820"},{"taxonomy":"product_cat","embeddable":true,"href":"https:\/\/hajimekarate.com\/pt-pt\/wp-json\/wp\/v2\/product_cat?post=65820"},{"taxonomy":"product_tag","embeddable":true,"href":"https:\/\/hajimekarate.com\/pt-pt\/wp-json\/wp\/v2\/product_tag?post=65820"}],"curies":[{"name":"wp","href":"https:\/\/api.w.org\/{rel}","templated":true}]}}