{"id":65500,"date":"2024-01-08T12:21:32","date_gmt":"2024-01-08T11:21:32","guid":{"rendered":"https:\/\/hajimekarate.com\/?post_type=product&#038;p=65500"},"modified":"2025-06-03T11:43:20","modified_gmt":"2025-06-03T09:43:20","slug":"pack-2-cinturones-kata-rojo-azul-kaiten","status":"publish","type":"product","link":"https:\/\/hajimekarate.com\/pt-pt\/comprar\/pack-2-cinturones-kata-rojo-azul-kaiten\/","title":{"rendered":"Pack 2 cintos de Kaiten Kata vermelhos e azuis para competi\u00e7\u00e3o com etiqueta WKF | N\u00e3o homologado"},"content":{"rendered":"","protected":false},"excerpt":{"rendered":"<p>Pack de dois cintos de Kata vermelhos e azuis da Kaiten. Com a etiqueta da WKF, mas j\u00e1 n\u00e3o \u00e9 homologado.  O pack inclui:<\/p>\n<p>-1 cintur\u00e3o de Kata Rojo Kaiten<br \/>\n-1 cintur\u00e3o de Kata Azul Kaiten<\/p>\n","protected":false},"featured_media":65512,"template":"","meta":{"_joinchat":[]},"product_brand":[],"product_cat":[2954,1374,328,330,340,341],"product_tag":[2809],"class_list":{"0":"post-65500","1":"product","2":"type-product","3":"status-publish","4":"has-post-thumbnail","6":"product_cat-packs-pt-pt","7":"product_cat-promocoes-pt-pt","8":"product_cat-cintos-karate","9":"product_cat-cintos-kaiten","10":"product_cat-marcas","11":"product_cat-kaiten","12":"product_tag-club-30-pt-pt","14":"first","15":"outofstock","16":"sale","17":"taxable","18":"shipping-taxable","19":"purchasable","20":"product-type-variable"},"_links":{"self":[{"href":"https:\/\/hajimekarate.com\/pt-pt\/wp-json\/wp\/v2\/product\/65500","targetHints":{"allow":["GET"]}}],"collection":[{"href":"https:\/\/hajimekarate.com\/pt-pt\/wp-json\/wp\/v2\/product"}],"about":[{"href":"https:\/\/hajimekarate.com\/pt-pt\/wp-json\/wp\/v2\/types\/product"}],"wp:featuredmedia":[{"embeddable":true,"href":"https:\/\/hajimekarate.com\/pt-pt\/wp-json\/wp\/v2\/media\/65512"}],"wp:attachment":[{"href":"https:\/\/hajimekarate.com\/pt-pt\/wp-json\/wp\/v2\/media?parent=65500"}],"wp:term":[{"taxonomy":"product_brand","embeddable":true,"href":"https:\/\/hajimekarate.com\/pt-pt\/wp-json\/wp\/v2\/product_brand?post=65500"},{"taxonomy":"product_cat","embeddable":true,"href":"https:\/\/hajimekarate.com\/pt-pt\/wp-json\/wp\/v2\/product_cat?post=65500"},{"taxonomy":"product_tag","embeddable":true,"href":"https:\/\/hajimekarate.com\/pt-pt\/wp-json\/wp\/v2\/product_tag?post=65500"}],"curies":[{"name":"wp","href":"https:\/\/api.w.org\/{rel}","templated":true}]}}