{"id":64299,"date":"2023-11-27T12:11:14","date_gmt":"2023-11-27T11:11:14","guid":{"rendered":"https:\/\/hajimekarate.com\/?post_type=product&#038;p=64299"},"modified":"2026-01-21T12:18:52","modified_gmt":"2026-01-21T11:18:52","slug":"sacos-de-armas-e-utensilios-shureido","status":"publish","type":"product","link":"https:\/\/hajimekarate.com\/pt-pt\/comprar\/sacos-de-armas-e-utensilios-shureido\/","title":{"rendered":"Bolsas Shureido para Armas e Utens\u00edlios"},"content":{"rendered":"","protected":false},"excerpt":{"rendered":"<p>Bolsas Shureido para Armas e Utens\u00edlios: Bo | Kama | Sosetsukon | Tonfa | Sai | Eku | (n\u00e3o inclui a arma ou utens\u00edlio). Fabricadas artesanalmente em Okinawa (Jap\u00e3o) com tecido algod\u00e3o 100% de alta qualidade.<br \/>\nPrazo aproximado de entrega 6 semanas.<\/p>\n<p>IMPORTANTE: Todas as nossas armas e utens\u00edlios s\u00e3o vendidos como artigos de cole\u00e7\u00e3o e \u00e9 proibida a sua utiliza\u00e7\u00e3o ou transporte como armas.<\/p>\n","protected":false},"featured_media":46920,"template":"","meta":{"_joinchat":[]},"product_brand":[],"product_cat":[800,1391],"product_tag":[2622],"class_list":{"0":"post-64299","1":"product","2":"type-product","3":"status-publish","4":"has-post-thumbnail","6":"product_cat-armas-e-utensilios","7":"product_cat-armas-e-utensilios-shureido","8":"product_tag-club-10-pt","10":"first","11":"instock","12":"taxable","13":"shipping-taxable","14":"purchasable","15":"product-type-variable"},"_links":{"self":[{"href":"https:\/\/hajimekarate.com\/pt-pt\/wp-json\/wp\/v2\/product\/64299","targetHints":{"allow":["GET"]}}],"collection":[{"href":"https:\/\/hajimekarate.com\/pt-pt\/wp-json\/wp\/v2\/product"}],"about":[{"href":"https:\/\/hajimekarate.com\/pt-pt\/wp-json\/wp\/v2\/types\/product"}],"wp:featuredmedia":[{"embeddable":true,"href":"https:\/\/hajimekarate.com\/pt-pt\/wp-json\/wp\/v2\/media\/46920"}],"wp:attachment":[{"href":"https:\/\/hajimekarate.com\/pt-pt\/wp-json\/wp\/v2\/media?parent=64299"}],"wp:term":[{"taxonomy":"product_brand","embeddable":true,"href":"https:\/\/hajimekarate.com\/pt-pt\/wp-json\/wp\/v2\/product_brand?post=64299"},{"taxonomy":"product_cat","embeddable":true,"href":"https:\/\/hajimekarate.com\/pt-pt\/wp-json\/wp\/v2\/product_cat?post=64299"},{"taxonomy":"product_tag","embeddable":true,"href":"https:\/\/hajimekarate.com\/pt-pt\/wp-json\/wp\/v2\/product_tag?post=64299"}],"curies":[{"name":"wp","href":"https:\/\/api.w.org\/{rel}","templated":true}]}}