{"id":63759,"date":"2023-11-21T11:50:14","date_gmt":"2023-11-21T10:50:14","guid":{"rendered":"https:\/\/hajimekarate.com\/?post_type=product&#038;p=63759"},"modified":"2025-11-11T17:13:07","modified_gmt":"2025-11-11T16:13:07","slug":"2-karategui-kaiten-spirit-vermelho-e-azul","status":"publish","type":"product","link":"https:\/\/hajimekarate.com\/pt-pt\/comprar\/2-karategui-kaiten-spirit-vermelho-e-azul\/","title":{"rendered":"Conjunto Kaiten Spirit Kata | 2 Karateguis Completos | Azul e Vermelho"},"content":{"rendered":"","protected":false},"excerpt":{"rendered":"<p style=\"color: red;\">\u00daLTIMOS TAMANHOS DISPON\u00cdVEIS.<\/p>\n<p>Conjunto de <strong>2 karateguis completos vermelho e azul Kaiten Spirit<\/strong>, corte justo e corte regular.<br \/>\nO Karategui Kaiten Spirit \u00e9 feito com tecido 100% algod\u00e3o, 12 on\u00e7as. Uma op\u00e7\u00e3o econ\u00f3mica e de alta qualidade para competir em Kata. \u00c9 tamb\u00e9m ideal para treino ou exames de Dan. Dispon\u00edvel em dois tipos de corte. A vers\u00e3o slim \u00e9 adequada para pessoas muito magras e altas, porque tem mangas, cal\u00e7as e casaco mais compridos e ligeiramente mais estreitos. O log\u00f3tipo Kaiten \u00e9 bordado no peito, nuca e ombros em vermelho ou azul.<\/p>\n<p>N\u00e3o homologado pela WKF.<\/p>\n<p><strong><span style=\"color: #76b82a;\">REFER\u00caNCIA DE TAMANHOS: <\/span><\/strong><span style=\"color: #76b82a;\"><em>(Escolhe o corte, o tamanho e a cor para visualizares a foto)<\/em><\/span><strong><span style=\"color: #76b82a;\"><br \/>\nCorte Slim<br \/>\n<\/span><\/strong><span style=\"color: #76b82a;\">O modelo com o Karategui azul mede 133 cm, pesa 25 Kg e veste o tamanho 0\/130.<\/span><span style=\"color: #76b82a;\"><br \/>\nO modelo com o Karategui vermelho mede 132 cm, pesa 30 Kg e veste o tamanho 0\/130.<br \/>\n<strong>Corte Regular<\/strong><br \/>\nO modelo com o Karategui azul mede 155 cm, e veste o tamanho 2\/150.<br \/>\nO modelo com o Karategui vermelho mede 130 cm, pesa 23 Kg e veste o tamanho 0\/130.<\/span><\/p>\n<p>&nbsp;<\/p>\n","protected":false},"featured_media":65784,"template":"","meta":{"_joinchat":[]},"product_brand":[],"product_cat":[2346,3142,3134,335,2954,1374,334,340,341],"product_tag":[2627],"class_list":{"0":"post-63759","1":"product","2":"type-product","3":"status-publish","4":"has-post-thumbnail","6":"product_cat-sem-categoria-pt-pt","7":"product_cat-kaiten-competicao","8":"product_cat-karate-competicao","9":"product_cat-karateguis-kaiten","10":"product_cat-packs-pt-pt","11":"product_cat-promocoes-pt-pt","12":"product_cat-karateguis","13":"product_cat-marcas","14":"product_cat-kaiten","15":"product_tag-club-15-pt","17":"first","18":"instock","19":"sale","20":"taxable","21":"shipping-taxable","22":"purchasable","23":"product-type-variable"},"_links":{"self":[{"href":"https:\/\/hajimekarate.com\/pt-pt\/wp-json\/wp\/v2\/product\/63759","targetHints":{"allow":["GET"]}}],"collection":[{"href":"https:\/\/hajimekarate.com\/pt-pt\/wp-json\/wp\/v2\/product"}],"about":[{"href":"https:\/\/hajimekarate.com\/pt-pt\/wp-json\/wp\/v2\/types\/product"}],"wp:featuredmedia":[{"embeddable":true,"href":"https:\/\/hajimekarate.com\/pt-pt\/wp-json\/wp\/v2\/media\/65784"}],"wp:attachment":[{"href":"https:\/\/hajimekarate.com\/pt-pt\/wp-json\/wp\/v2\/media?parent=63759"}],"wp:term":[{"taxonomy":"product_brand","embeddable":true,"href":"https:\/\/hajimekarate.com\/pt-pt\/wp-json\/wp\/v2\/product_brand?post=63759"},{"taxonomy":"product_cat","embeddable":true,"href":"https:\/\/hajimekarate.com\/pt-pt\/wp-json\/wp\/v2\/product_cat?post=63759"},{"taxonomy":"product_tag","embeddable":true,"href":"https:\/\/hajimekarate.com\/pt-pt\/wp-json\/wp\/v2\/product_tag?post=63759"}],"curies":[{"name":"wp","href":"https:\/\/api.w.org\/{rel}","templated":true}]}}