{"id":63504,"date":"2023-11-21T10:39:30","date_gmt":"2023-11-21T09:39:30","guid":{"rendered":"https:\/\/hajimekarate.com\/?post_type=product&#038;p=63504"},"modified":"2026-04-02T16:32:40","modified_gmt":"2026-04-02T14:32:40","slug":"conjunto-shureido-new-wave-3-wkf-2-casacos-azul-e-vermelho-1-calcas","status":"publish","type":"product","link":"https:\/\/hajimekarate.com\/pt-pt\/comprar\/conjunto-shureido-new-wave-3-wkf-2-casacos-azul-e-vermelho-1-calcas\/","title":{"rendered":"Conjunto Karategui Shureido New Wave 3 WKF | WKF Approved 2025 &#8211; 2025 |2 Casacos &#8211; 1 Azul e 1 Vermelho + 1 Par de Cal\u00e7as"},"content":{"rendered":"<p>O Karategui Shureido New Wave 3 WKF \u00e9 o fato mais popular nas competi\u00e7\u00f5es de Kata. \u00c9 utilizado pelos Karatecas e equipas do mais alto n\u00edvel no ranking de Kata. Equipas do Jap\u00e3o, Turquia ou Hong Kong n\u00e3o hesitam em competir com este Karategui incompar\u00e1vel. O seu efeito SNAP \u00e9 inigual\u00e1vel e o mesmo acontece com a sua presen\u00e7a. O Karategui real\u00e7a a pot\u00eancia do Karateca e a precis\u00e3o dos seus movimentos com cada som, em cada posi\u00e7\u00e3o. A aba fica \u00e0 altura certa e permanece esticada atr\u00e1s sem cair. As mangas s\u00e3o pr\u00e9-cortadas \u00e0 medida que a WKF indica para as competi\u00e7\u00f5es, ajustadas a um padr\u00e3o por tamanho. O mesmo corte do Karategui est\u00e1 mais ajustado ao corpo do Karateka, mais adaptado.<\/p>\n<h3>Que caracter\u00edsticas especiais tem o tecido do New Wave 3?<\/h3>\n<p>O fio \u00e9 uma linha com estrutura dupla que cont\u00e9m grampos de poli\u00e9ster como n\u00facleo central cobertos com algod\u00e3o. Este material inovador tem uma textura agrad\u00e1vel para a pele e, ao mesmo tempo, apresenta um n\u00facleo central forte e \u00fanico. O Snap que este Karategui proporciona \u00e9 inigual\u00e1vel.<\/p>\n<p>\u00c9 um Karategui de peso pesado, composto por uma mistura de poli\u00e9ster e algod\u00e3o. Adequado para movimentos din\u00e2micos.<\/p>\n<p>O tecido \u00e9 excepcionalmente firme. Mant\u00e9m a sua forma com um sistema de costura especial que, por sua vez, absorve o suor nas costas.<\/p>\n<p>O grau de encolhimento do comprimento do casaco e das cal\u00e7as \u00e9 de 2 cm.<br \/>\nRefer\u00eancia de peso para o NW-3: 1,5 kg \/ tamanho 4 (casaco e cal\u00e7as).<\/p>\n<div class=\"tabContainer\">\n<div class=\"formatoTab\">\n<table class=\"tallas\">\n<caption>* Pode variar cerca de 1 a 2 cm, uma vez que \u00e9 feito artesanalmente.<\/caption>\n<colgroup>\n<col class=\"cellFit1\" span=\"1\">\n<col class=\"cellFit1\" span=\"2\">\n<col> <\/colgroup>\n<thead>\n<tr>\n<th class=\"cellFit1\" rowspan=\"4\">Shureido:<br \/>\nNew Wave 3<\/th>\n<th class=\"cellFit2\" rowspan=\"4\">Encolhimento<\/th>\n<th class=\"cellFit3\" colspan=\"1\">Tamanho<\/th>\n<th colspan=\"11\"><\/th>\n<\/tr>\n<tr><!--\n\n\n<th>1,5<\/th>\n\n\n\n\n<th>2<\/th>\n\n\n\n\n<th>2,5<\/th>\n\n\n--><\/p>\n<th>3<\/th>\n<th>3,5<\/th>\n<th>4<\/th>\n<th>4,5<\/th>\n<th>5<\/th>\n<th>5,5<\/th>\n<th>6<\/th>\n<p><!--\n\n\n<th>6,5<\/th>\n\n\n\n\n<th>7<\/th>\n\n\n--><\/tr>\n<tr>\n<th class=\"cellFit3\" colspan=\"1\">cm.<\/th>\n<th colspan=\"11\"><\/th>\n<\/tr>\n<tr><!--\n\n\n<th>140<\/th>\n\n\n\n\n<th>150<\/th>\n\n\n\n\n<th>155<\/th>\n\n\n--><\/p>\n<th>160<\/th>\n<th>165<\/th>\n<th>170<\/th>\n<th>175<\/th>\n<th>180<\/th>\n<th>185<\/th>\n<th>190<\/th>\n<p><!--\n\n\n<th>195<\/th>\n\n\n\n\n<th>200<\/th>\n\n\n--><\/tr>\n<tr>\n<th colspan=\"14\"><\/th>\n<\/tr>\n<\/thead>\n<tbody>\n<tr>\n<td class=\"cellFit1\">Comprimento do casaco<\/td>\n<td class=\"cellFit2\">Cerca de 2 cm.<\/td>\n<p><!--\n\n\n<td>68<\/td>\n\n\n\n\n<td>72<\/td>\n\n\n\n\n<td>76<\/td>\n\n\n--><\/p>\n<td>80<\/td>\n<td>84<\/td>\n<td>87<\/td>\n<td>90<\/td>\n<td>93<\/td>\n<td>96<\/td>\n<td>99<\/td>\n<p><!--\n\n\n<td>102<\/td>\n\n\n\n\n<td>105<\/td>\n\n\n--><\/tr>\n<tr>\n<td class=\"cellFit1\">Largura do casaco<\/td>\n<td class=\"cellFit2\"><\/td>\n<p><!--\n\n\n<td>50<\/td>\n\n\n\n\n<td>53<\/td>\n\n\n\n\n<td>55<\/td>\n\n\n--><\/p>\n<td>57<\/td>\n<td>59<\/td>\n<td>61<\/td>\n<td>63<\/td>\n<td>65<\/td>\n<td>67<\/td>\n<td>69<\/td>\n<p><!--\n\n\n<td>71<\/td>\n\n\n\n\n<td>73<\/td>\n\n\n--><\/tr>\n<tr>\n<td class=\"cellFit1\">Manga<\/td>\n<td class=\"cellFit2\"><\/td>\n<p><!--\n\n\n<td>37<\/td>\n\n\n\n\n<td>38<\/td>\n\n\n\n\n<td>39<\/td>\n\n\n--><\/p>\n<td>41<\/td>\n<td>42<\/td>\n<td>43<\/td>\n<td>44<\/td>\n<td>46<\/td>\n<td>47<\/td>\n<td>49<\/td>\n<p><!--\n\n\n<td>50<\/td>\n\n\n\n\n<td>52<\/td>\n\n\n--><\/tr>\n<tr>\n<td class=\"cellFit1\">Comprimento das cal\u00e7as<\/td>\n<td class=\"cellFit2\">Cerca de 2 cm.<\/td>\n<p><!--\n\n\n<td>79<\/td>\n\n\n\n\n<td>82<\/td>\n\n\n\n\n<td>87<\/td>\n\n\n--><\/p>\n<td>86<\/td>\n<td>92<\/td>\n<td>96<\/td>\n<td>99<\/td>\n<td>102<\/td>\n<td>106<\/td>\n<td>110<\/td>\n<p><!--\n\n\n<td>114<\/td>\n\n\n\n\n<td>118<\/td>\n\n\n--><\/tr>\n<tr>\n<td class=\"cellFit1\">Cinta<\/td>\n<td class=\"cellFit2\"><\/td>\n<p><!--\n\n\n<td>38<\/td>\n\n\n\n\n<td>42<\/td>\n\n\n\n\n<td>46<\/td>\n\n\n--><\/p>\n<td>48<\/td>\n<td>50<\/td>\n<td>52<\/td>\n<td>54<\/td>\n<td>56<\/td>\n<td>58<\/td>\n<td>60<\/td>\n<p><!--\n\n\n<td>62<\/td>\n\n\n\n\n<td>64<\/td>\n\n\n--><\/tr>\n<\/tbody>\n<\/table>\n<\/div>\n<\/div>\n<h3>Homologado pela WKF para o per\u00edodo de 2025 a 2029.<\/h3>\n<p>Os Karateguis Shureido renovaram a certifica\u00e7\u00e3o \u201cWKF Approved\u201d para o per\u00edodo de 2025 a 2029. A utiliza\u00e7\u00e3o de Karateguis com licen\u00e7a da WKF ser\u00e1 obrigat\u00f3ria em todos os eventos oficiais da WKF e n\u00e3o poder\u00e1 ser recusada em qualquer competi\u00e7\u00e3o ou atividade organizada pelas federa\u00e7\u00f5es nacionais membros da WKF, de acordo com os regulamentos da WKF.  <a href=\"https:\/\/hajimekarate.com\/wp-content\/uploads\/2024\/12\/PHOTO-2024-12-04-16-12-42.jpg\" target=\"_blank\" rel=\"noopener\">Ver certificado.<\/a><\/p>\n","protected":false},"excerpt":{"rendered":"<p>Conjunto composto por dois casacos, 1 vermelho e 1 azul, e 1 par de cal\u00e7as do emblem\u00e1tico modelo Karategui Shureido New Wave 3 para Kata \u2013 WKF Approved 2025 \u2013 2029.<br \/>\nO log\u00f3tipo da Shureido vem bordado no peito, na nuca e nos ombros.<br \/>\n<strong>Homologado pela Federa\u00e7\u00e3o Mundial de Karat\u00e9 para o per\u00edodo de 2025 a 2029.<\/p>\n<p><\/strong><\/p>\n","protected":false},"featured_media":84593,"template":"","meta":{"_joinchat":[]},"product_brand":[],"product_cat":[2911,1892,1897,3134,337,339,2401,3138,334,340,342],"product_tag":[2622],"class_list":{"0":"post-63504","1":"product","2":"type-product","3":"status-publish","4":"has-post-thumbnail","6":"product_cat-equipamento-de-karate-personalizado","7":"product_cat-competidores-de-pouso-de-equipamentos-de-alta-competicao","8":"product_cat-fatos-shureido-personalizables","9":"product_cat-karate-competicao","10":"product_cat-karateguis-shureido","11":"product_cat-karateguis-wkf","12":"product_cat-kata-concurso","13":"product_cat-shureido-competicao","14":"product_cat-karateguis","15":"product_cat-marcas","16":"product_cat-shureido","17":"product_tag-club-10-pt","19":"first","20":"instock","21":"taxable","22":"shipping-taxable","23":"purchasable","24":"product-type-variable","25":"has-default-attributes"},"_links":{"self":[{"href":"https:\/\/hajimekarate.com\/pt-pt\/wp-json\/wp\/v2\/product\/63504","targetHints":{"allow":["GET"]}}],"collection":[{"href":"https:\/\/hajimekarate.com\/pt-pt\/wp-json\/wp\/v2\/product"}],"about":[{"href":"https:\/\/hajimekarate.com\/pt-pt\/wp-json\/wp\/v2\/types\/product"}],"wp:featuredmedia":[{"embeddable":true,"href":"https:\/\/hajimekarate.com\/pt-pt\/wp-json\/wp\/v2\/media\/84593"}],"wp:attachment":[{"href":"https:\/\/hajimekarate.com\/pt-pt\/wp-json\/wp\/v2\/media?parent=63504"}],"wp:term":[{"taxonomy":"product_brand","embeddable":true,"href":"https:\/\/hajimekarate.com\/pt-pt\/wp-json\/wp\/v2\/product_brand?post=63504"},{"taxonomy":"product_cat","embeddable":true,"href":"https:\/\/hajimekarate.com\/pt-pt\/wp-json\/wp\/v2\/product_cat?post=63504"},{"taxonomy":"product_tag","embeddable":true,"href":"https:\/\/hajimekarate.com\/pt-pt\/wp-json\/wp\/v2\/product_tag?post=63504"}],"curies":[{"name":"wp","href":"https:\/\/api.w.org\/{rel}","templated":true}]}}