{"id":63098,"date":"2023-11-16T17:54:36","date_gmt":"2023-11-16T16:54:36","guid":{"rendered":"https:\/\/hajimekarate.com\/?post_type=product&#038;p=63098"},"modified":"2026-01-21T10:47:22","modified_gmt":"2026-01-21T09:47:22","slug":"conjunto-shureido-waza-2-casacos-vermelho-e-azul-1-calcas","status":"publish","type":"product","link":"https:\/\/hajimekarate.com\/pt-pt\/comprar\/conjunto-shureido-waza-2-casacos-vermelho-e-azul-1-calcas\/","title":{"rendered":"Conjunto Karategui Shureido Waza WKF | WKF Approved | 2 Casacos \u2013 1 Azul e 1 Vermelho + 1 Par de Cal\u00e7as"},"content":{"rendered":"<p>O Karategui Shureido Waza \u00e9 um fato de competi\u00e7\u00e3o homologado pela Federa\u00e7\u00e3o Mundial de Karat\u00e9 (WKF) fabricado em Okinawa. E cumpre com os regulamentos da WKF, est\u00e1 homologado para o per\u00edodo de 2025 a 2029, com bordado nos ombros a Azul ou Vermelho.<\/p>\n<p>\u00c9 um Karategui concebido pela Shureido especialmente para os competidores de Kumite. O Waza destaca-se pela sua leveza e respirabilidade, o que proporciona aos Karatecas uma excelente comodidade quando no Tatami.<\/p>\n<p>O Shureido Waza \u00e9 um Karategui com um brilho espetacular, trata-se de um fato com um corte elegante e que se adapta totalmente ao corpo real\u00e7ando a tua figura. Al\u00e9m disso, tem um tom branco caracter\u00edstico de toda a gama de Karateguis da Shureido e que \u00e9 muito vistoso.<\/p>\n<p>Se estiveres \u00e0 procura de um fato para competir em Kumite o Karategui Shureido Waza WKF \u00e9 definitivamente a melhor escolha.<\/p>\n<h3>Homologado pela WKF para o per\u00edodo de 2025 a 2029.<\/h3>\n<p>Os Karateguis Shureido renovaram a certifica\u00e7\u00e3o \u201cWKF Approved\u201d para o per\u00edodo de 2025 a 2029. A utiliza\u00e7\u00e3o de Karateguis com licen\u00e7a da WKF ser\u00e1 obrigat\u00f3ria em todos os eventos oficiais da WKF e n\u00e3o poder\u00e1 ser recusada em qualquer competi\u00e7\u00e3o ou atividade organizada pelas federa\u00e7\u00f5es nacionais membros da WKF, de acordo com os regulamentos da WKF.  <a href=\"https:\/\/hajimekarate.com\/wp-content\/uploads\/2024\/12\/PHOTO-2024-12-04-16-12-42.jpg\" target=\"_blank\" rel=\"noopener\">Ver certificado.<\/a><\/p>\n<p>&nbsp;<\/p>\n<p>&nbsp;<\/p>\n","protected":false},"excerpt":{"rendered":"<p>Conjunto de 2 casacos, 1 vermelho e 1 azul + 1 par de cal\u00e7as do Karategui Shureido Waza para Kumite &#8211; WKF Approved 2025 &#8211; 2029.<br \/>\nLog\u00f3tipo da Shureido bordado no peito, na nuca e nos ombros do Karategui. \u00c9 um Karategui concebido para os competidores do Kumite. O seu tecido ultraleve facilita o movimento, a respirabilidade e o conforto.<br \/>\n<strong>Homologado pela Federa\u00e7\u00e3o Mundial de Karat\u00e9 (WKF).<\/strong><\/p>\n","protected":false},"featured_media":63207,"template":"","meta":{"_joinchat":[]},"product_brand":[],"product_cat":[2911,2917,3134,2480,337,339,2399,2954,2995,3138,334,340,342],"product_tag":[3334,3146,2622],"class_list":{"0":"post-63098","1":"product","2":"type-product","3":"status-publish","4":"has-post-thumbnail","6":"product_cat-equipamento-de-karate-personalizado","7":"product_cat-shureido-calcas-a-medida","8":"product_cat-karate-competicao","9":"product_cat-karategui-kumite-wkf","10":"product_cat-karateguis-shureido","11":"product_cat-karateguis-wkf","12":"product_cat-kumite-concurso","13":"product_cat-packs-pt-pt","14":"product_cat-shureido-2casacos-a-medida","15":"product_cat-shureido-competicao","16":"product_cat-karateguis","17":"product_cat-marcas","18":"product_cat-shureido","19":"product_tag-blackfriday-club-15-pt","20":"product_tag-blackfriday-pt","21":"product_tag-club-10-pt","23":"first","24":"instock","25":"taxable","26":"shipping-taxable","27":"purchasable","28":"product-type-variable","29":"has-default-attributes"},"_links":{"self":[{"href":"https:\/\/hajimekarate.com\/pt-pt\/wp-json\/wp\/v2\/product\/63098","targetHints":{"allow":["GET"]}}],"collection":[{"href":"https:\/\/hajimekarate.com\/pt-pt\/wp-json\/wp\/v2\/product"}],"about":[{"href":"https:\/\/hajimekarate.com\/pt-pt\/wp-json\/wp\/v2\/types\/product"}],"wp:featuredmedia":[{"embeddable":true,"href":"https:\/\/hajimekarate.com\/pt-pt\/wp-json\/wp\/v2\/media\/63207"}],"wp:attachment":[{"href":"https:\/\/hajimekarate.com\/pt-pt\/wp-json\/wp\/v2\/media?parent=63098"}],"wp:term":[{"taxonomy":"product_brand","embeddable":true,"href":"https:\/\/hajimekarate.com\/pt-pt\/wp-json\/wp\/v2\/product_brand?post=63098"},{"taxonomy":"product_cat","embeddable":true,"href":"https:\/\/hajimekarate.com\/pt-pt\/wp-json\/wp\/v2\/product_cat?post=63098"},{"taxonomy":"product_tag","embeddable":true,"href":"https:\/\/hajimekarate.com\/pt-pt\/wp-json\/wp\/v2\/product_tag?post=63098"}],"curies":[{"name":"wp","href":"https:\/\/api.w.org\/{rel}","templated":true}]}}