{"id":62825,"date":"2023-11-16T17:16:50","date_gmt":"2023-11-16T16:16:50","guid":{"rendered":"https:\/\/hajimekarate.com\/?post_type=product&#038;p=62825"},"modified":"2025-11-12T11:26:22","modified_gmt":"2025-11-12T10:26:22","slug":"2-karategui-kaiten-hiyaku-kumite-homologado-vermelho-e-azul","status":"publish","type":"product","link":"https:\/\/hajimekarate.com\/pt-pt\/comprar\/2-karategui-kaiten-hiyaku-kumite-homologado-vermelho-e-azul\/","title":{"rendered":"Conjunto Kaiten Hiyaku Kumite | 2 Karateguis Completos | Azul e Vermelho"},"content":{"rendered":"<p>O Karategui Kaiten Hiyaku \u00e9 um kimono especialmente concebido para os praticantes de kumite. O nome da marca \u00e9 bordado nos ombros. <\/p>\n<p>Os Karateguis v\u00eam com uma elegante bolsa com cord\u00e3o, pr\u00e1tica e leve.<\/p>\n<p>HIYAKU em japon\u00eas significa velocidade e dinamismo, exactamente o que este Karategui Kaiten oferece.<\/p>\n<p>O seu tecido 100% poli\u00e9ster \u00e9 ultra-leve, com um corte para Kumite pensado para um melhor desempenho no Tatami.<\/p>\n<p>Cal\u00e7as com el\u00e1stico e cord\u00e3o.<\/p>\n<p>Corte: Kumite Cal\u00e7as: el\u00e1stico Casaco: comprido, mangas compridas Peso: aprox. 6 oz.<\/p>\n<p><span lang=\"de\">Material: 100% poli\u00e9ster<\/span><\/p>\n","protected":false},"excerpt":{"rendered":"<p>Conjunto de 2 karateguis completos Vermelho e Azul Kaiten Hiyaku para Kumite.<\/p>\n<p style=\"color: red;\">\u00daLTIMOS TAMANHOS DISPON\u00cdVEIS.<\/p>\n<p>Este Karategui \u00e9 sin\u00f3nimo de velocidade e dinamismo, conforme indica o seu nome Japon\u00eas: Hiyaku. Tecido ultra-leve 100% poli\u00e9ster com corte para Kumite. Tem o log\u00f3tipo Kaiten bordado no peito, nas costas do karategi e nos ombros, em vermelho ou azul.<br \/>\nInclui saco.<\/p>\n<p>N\u00e3o homologado pela WKF.<\/p>\n<p><strong><span style=\"color: #76b82a;\">REFERENCIA DE TAMANHO:<br \/>\n<\/span><\/strong><span style=\"color: #76b82a;\">O nosso modelo fotogr\u00e1fico com o azul tem 14 anos de idade, 180 cm de altura, pesa 63 kg e usa o tamanho 5\/180.<\/span><span style=\"color: #76b82a;\"><br \/>\n O nosso modelo fotogr\u00e1fico com o vermelho tem 15 anos de idade, 170 cm de altura, pesa 51 kg e usa o tamanho 4\/170.<\/span><\/p>\n","protected":false},"featured_media":51178,"template":"","meta":{"_joinchat":[]},"product_brand":[],"product_cat":[2911,1892,3142,3134,335,2399,2954,1374,334,341],"product_tag":[2971],"class_list":{"0":"post-62825","1":"product","2":"type-product","3":"status-publish","4":"has-post-thumbnail","6":"product_cat-equipamento-de-karate-personalizado","7":"product_cat-competidores-de-pouso-de-equipamentos-de-alta-competicao","8":"product_cat-kaiten-competicao","9":"product_cat-karate-competicao","10":"product_cat-karateguis-kaiten","11":"product_cat-kumite-concurso","12":"product_cat-packs-pt-pt","13":"product_cat-promocoes-pt-pt","14":"product_cat-karateguis","15":"product_cat-kaiten","16":"product_tag-club-39-pt","18":"first","19":"instock","20":"sale","21":"taxable","22":"shipping-taxable","23":"purchasable","24":"product-type-variable"},"_links":{"self":[{"href":"https:\/\/hajimekarate.com\/pt-pt\/wp-json\/wp\/v2\/product\/62825","targetHints":{"allow":["GET"]}}],"collection":[{"href":"https:\/\/hajimekarate.com\/pt-pt\/wp-json\/wp\/v2\/product"}],"about":[{"href":"https:\/\/hajimekarate.com\/pt-pt\/wp-json\/wp\/v2\/types\/product"}],"wp:featuredmedia":[{"embeddable":true,"href":"https:\/\/hajimekarate.com\/pt-pt\/wp-json\/wp\/v2\/media\/51178"}],"wp:attachment":[{"href":"https:\/\/hajimekarate.com\/pt-pt\/wp-json\/wp\/v2\/media?parent=62825"}],"wp:term":[{"taxonomy":"product_brand","embeddable":true,"href":"https:\/\/hajimekarate.com\/pt-pt\/wp-json\/wp\/v2\/product_brand?post=62825"},{"taxonomy":"product_cat","embeddable":true,"href":"https:\/\/hajimekarate.com\/pt-pt\/wp-json\/wp\/v2\/product_cat?post=62825"},{"taxonomy":"product_tag","embeddable":true,"href":"https:\/\/hajimekarate.com\/pt-pt\/wp-json\/wp\/v2\/product_tag?post=62825"}],"curies":[{"name":"wp","href":"https:\/\/api.w.org\/{rel}","templated":true}]}}