{"id":60572,"date":"2023-08-22T14:47:49","date_gmt":"2023-08-22T12:47:49","guid":{"rendered":"https:\/\/hajimekarate.com\/comprar\/saco-shureido-2\/"},"modified":"2024-09-30T16:43:17","modified_gmt":"2024-09-30T14:43:17","slug":"saco-shureido-2","status":"publish","type":"product","link":"https:\/\/hajimekarate.com\/pt-pt\/comprar\/saco-shureido-2\/","title":{"rendered":"Saco Shureido"},"content":{"rendered":"","protected":false},"excerpt":{"rendered":"<p>Saco Shureido com cord\u00e3o para fechar. Ideal para organizares o teu material desportivo na mochila: cal\u00e7ado, equipamento de Karat\u00e9, roupa ou artigos de higiene pessoal. Poli\u00e9ster.<\/p>\n","protected":false},"featured_media":60547,"template":"","meta":{"_joinchat":[]},"product_brand":[],"product_cat":[2493,333],"product_tag":[2621],"class_list":{"0":"post-60572","1":"product","2":"type-product","3":"status-publish","4":"has-post-thumbnail","6":"product_cat-sacos-karate","7":"product_cat-acessorios-pt","8":"product_tag-club-05-pt","10":"first","11":"outofstock","12":"taxable","13":"shipping-taxable","14":"purchasable","15":"product-type-variable"},"_links":{"self":[{"href":"https:\/\/hajimekarate.com\/pt-pt\/wp-json\/wp\/v2\/product\/60572","targetHints":{"allow":["GET"]}}],"collection":[{"href":"https:\/\/hajimekarate.com\/pt-pt\/wp-json\/wp\/v2\/product"}],"about":[{"href":"https:\/\/hajimekarate.com\/pt-pt\/wp-json\/wp\/v2\/types\/product"}],"wp:featuredmedia":[{"embeddable":true,"href":"https:\/\/hajimekarate.com\/pt-pt\/wp-json\/wp\/v2\/media\/60547"}],"wp:attachment":[{"href":"https:\/\/hajimekarate.com\/pt-pt\/wp-json\/wp\/v2\/media?parent=60572"}],"wp:term":[{"taxonomy":"product_brand","embeddable":true,"href":"https:\/\/hajimekarate.com\/pt-pt\/wp-json\/wp\/v2\/product_brand?post=60572"},{"taxonomy":"product_cat","embeddable":true,"href":"https:\/\/hajimekarate.com\/pt-pt\/wp-json\/wp\/v2\/product_cat?post=60572"},{"taxonomy":"product_tag","embeddable":true,"href":"https:\/\/hajimekarate.com\/pt-pt\/wp-json\/wp\/v2\/product_tag?post=60572"}],"curies":[{"name":"wp","href":"https:\/\/api.w.org\/{rel}","templated":true}]}}