{"id":60536,"date":"2023-08-22T13:38:37","date_gmt":"2023-08-22T11:38:37","guid":{"rendered":"https:\/\/hajimekarate.com\/comprar\/mochila-saco-com-cordao-shureido\/"},"modified":"2024-09-30T16:40:59","modified_gmt":"2024-09-30T14:40:59","slug":"saco-mochila-shureido-com-cordao","status":"publish","type":"product","link":"https:\/\/hajimekarate.com\/pt-pt\/comprar\/saco-mochila-shureido-com-cordao\/","title":{"rendered":"Saco Mochila Shureido com Cord\u00e3o"},"content":{"rendered":"","protected":false},"excerpt":{"rendered":"<p>Saco mochila Shureido com cord\u00e3o para usar \u00e0s costas. Poli\u00e9ster.<\/p>\n","protected":false},"featured_media":60514,"template":"","meta":{"_joinchat":[]},"product_brand":[],"product_cat":[2493,333],"product_tag":[2621],"class_list":{"0":"post-60536","1":"product","2":"type-product","3":"status-publish","4":"has-post-thumbnail","6":"product_cat-sacos-karate","7":"product_cat-acessorios-pt","8":"product_tag-club-05-pt","10":"first","11":"outofstock","12":"taxable","13":"shipping-taxable","14":"purchasable","15":"product-type-variable"},"_links":{"self":[{"href":"https:\/\/hajimekarate.com\/pt-pt\/wp-json\/wp\/v2\/product\/60536","targetHints":{"allow":["GET"]}}],"collection":[{"href":"https:\/\/hajimekarate.com\/pt-pt\/wp-json\/wp\/v2\/product"}],"about":[{"href":"https:\/\/hajimekarate.com\/pt-pt\/wp-json\/wp\/v2\/types\/product"}],"wp:featuredmedia":[{"embeddable":true,"href":"https:\/\/hajimekarate.com\/pt-pt\/wp-json\/wp\/v2\/media\/60514"}],"wp:attachment":[{"href":"https:\/\/hajimekarate.com\/pt-pt\/wp-json\/wp\/v2\/media?parent=60536"}],"wp:term":[{"taxonomy":"product_brand","embeddable":true,"href":"https:\/\/hajimekarate.com\/pt-pt\/wp-json\/wp\/v2\/product_brand?post=60536"},{"taxonomy":"product_cat","embeddable":true,"href":"https:\/\/hajimekarate.com\/pt-pt\/wp-json\/wp\/v2\/product_cat?post=60536"},{"taxonomy":"product_tag","embeddable":true,"href":"https:\/\/hajimekarate.com\/pt-pt\/wp-json\/wp\/v2\/product_tag?post=60536"}],"curies":[{"name":"wp","href":"https:\/\/api.w.org\/{rel}","templated":true}]}}