{"id":59450,"date":"2023-06-20T16:32:13","date_gmt":"2023-06-20T14:32:13","guid":{"rendered":"https:\/\/hajimekarate.com\/comprar\/sais-shureido\/"},"modified":"2026-04-08T11:43:04","modified_gmt":"2026-04-08T09:43:04","slug":"sais-shureido","status":"publish","type":"product","link":"https:\/\/hajimekarate.com\/pt-pt\/comprar\/sais-shureido\/","title":{"rendered":"Sai Shureido"},"content":{"rendered":"<p><em><span style=\"color: red\">IMPORTANTE: Todas as nossas armas e utens\u00edlios s\u00e3o vendidos como artigos de cole\u00e7\u00e3o e \u00e9 proibida a sua utiliza\u00e7\u00e3o ou transporte como armas.<\/span><\/em><\/p>\n<p>Fabricado artesanalmente em Okinawa, Jap\u00e3o. A <span class=\"a-list-item\">pega vem forrada com corda. Forma o<\/span><span class=\"a-list-item\">ctogonal.<\/span><\/p>\n<p><em><span style=\"color: red\">* NOTA: Os Sai s\u00e3o revestidos com um verniz preto para proteger o produto, trata-se de uma camada perec\u00edvel que se vai desgastando com o uso e desaparecendo com o tempo, mas n\u00e3o se trata de um defeito do produto, trata-se simplesmente de um banho de verniz preto que protege o artigo, especialmente no transporte, uma vez que se trata de um produto artesanal que importamos de Okinawa, e que ir\u00e1 saindo com o uso. Por conseguinte, a rece\u00e7\u00e3o deste produto com partes em que o verniz tenha sa\u00eddo n\u00e3o ser\u00e1 motivo de devolu\u00e7\u00e3o em nenhum caso. <\/span><\/em><\/p>\n<p><strong>Como guardar os Sai ap\u00f3s cada utiliza\u00e7\u00e3o:<br \/>\n<\/strong><\/p>\n<ul>\n<li>Limpe-os bem com um pano seco para remover qualquer resto de humidade no produto.<\/li>\n<li>Aplicar um pouco de \u00f3leo sobre os Sai, especialmente de prote\u00e7\u00e3o de metais.<\/li>\n<li>Retirar o excesso de \u00f3leo com um pano macio.<\/li>\n<\/ul>\n<h2>Hist\u00f3ria dos Sai<\/h2>\n<p>Um Sai japon\u00eas, tamb\u00e9m conhecido como &#8220;Sai Juko&#8221; ou &#8220;Sai Ki&#8221;, \u00e9 um tipo de utens\u00edlio tradicional japon\u00eas utilizado em artes marciais como o Kobudo e o Ninjutsu. A palavra &#8220;Sai&#8221; traduz-se por &#8220;ponta&#8221; ou &#8220;apunhalar&#8221; e \u00e9 um utens\u00edlio de ataque e de defesa originalmente concebido para defender e desviar ataques de espadas ou outros utens\u00edlios.<\/p>\n<p>O Sai japon\u00eas consiste numa haste met\u00e1lica, geralmente feita em ferro ou a\u00e7o, com um comprimento de cerca de 50 a 60 cent\u00edmetros. Tem uma base curta e larga na extremidade junto \u00e0 pega, que \u00e9 utilizada para defender ou atacar, e um cabo longo e reto na outra extremidade. Variantes do Sai podem ter uma ou duas pontas laterais afiadas na base junto \u00e0 pega, que podem ser usadas para prender ou desviar armas inimigas.<\/p>\n<p>O Sai \u00e9 um utens\u00edlio vers\u00e1til que permite defender e desviar ataques, bem como executar golpes contundentes e fazer controlo articular em combates corpo a corpo. O seu design compacto e o seu equil\u00edbrio proporcionam uma boa manobrabilidade e facilidade de utiliza\u00e7\u00e3o.<\/p>\n<p>Atualmente, o Sai japon\u00eas \u00e9 utilizado principalmente na pr\u00e1tica de artes marciais tradicionais e em apresenta\u00e7\u00f5es de artes marciais.<\/p>\n","protected":false},"excerpt":{"rendered":"<p>Sai octogonal preto Shureido. Fabricado artesanalmente e importado de Okinawa, Jap\u00e3o. Vendido aos pares.<\/p>\n<p><em>* Produto n\u00e3o dispon\u00edvel fora da UE.<\/em><\/p>\n<p>IMPORTANTE: Todas as nossas armas e utens\u00edlios s\u00e3o vendidos como artigos de cole\u00e7\u00e3o e \u00e9 proibida a sua utiliza\u00e7\u00e3o ou transporte como armas.<\/p>\n<p>Medidas de acordo com a imagem abaixo:<br \/>\nTamanho S &#8211; A: 30 cm \/ B: 8,5 cm<br \/>\nTamanho M &#8211; A: 34 cm \/ B: 9,5 cm<br \/>\nTamanho L &#8211; A: 37 cm \/ B: 10 cm<br \/>\nTamanho XL &#8211; A: 42 cm \/ B: 11,5 cm<br \/>\n<img loading=\"lazy\" decoding=\"async\" class=\"alignnone size-medium wp-image-85032\" src=\"https:\/\/hajimekarate.com\/wp-content\/uploads\/2023\/06\/Sai-A-B-OK-300x131.jpg\" alt=\"\" width=\"300\" height=\"131\" srcset=\"https:\/\/hajimekarate.com\/wp-content\/uploads\/2023\/06\/Sai-A-B-OK-300x131.jpg 300w, https:\/\/hajimekarate.com\/wp-content\/uploads\/2023\/06\/Sai-A-B-OK-1024x446.jpg 1024w, https:\/\/hajimekarate.com\/wp-content\/uploads\/2023\/06\/Sai-A-B-OK-768x335.jpg 768w, https:\/\/hajimekarate.com\/wp-content\/uploads\/2023\/06\/Sai-A-B-OK-600x261.jpg 600w, https:\/\/hajimekarate.com\/wp-content\/uploads\/2023\/06\/Sai-A-B-OK-80x35.jpg 80w, https:\/\/hajimekarate.com\/wp-content\/uploads\/2023\/06\/Sai-A-B-OK.jpg 1402w\" sizes=\"auto, (max-width: 300px) 100vw, 300px\" \/><\/p>\n","protected":false},"featured_media":59436,"template":"","meta":{"_joinchat":[]},"product_brand":[],"product_cat":[2346,800,1391],"product_tag":[2622],"class_list":{"0":"post-59450","1":"product","2":"type-product","3":"status-publish","4":"has-post-thumbnail","6":"product_cat-sem-categoria-pt-pt","7":"product_cat-armas-e-utensilios","8":"product_cat-armas-e-utensilios-shureido","9":"product_tag-club-10-pt","10":"product_shipping_class-tools_metal","12":"first","13":"onbackorder","14":"taxable","15":"shipping-taxable","16":"purchasable","17":"product-type-variable"},"_links":{"self":[{"href":"https:\/\/hajimekarate.com\/pt-pt\/wp-json\/wp\/v2\/product\/59450","targetHints":{"allow":["GET"]}}],"collection":[{"href":"https:\/\/hajimekarate.com\/pt-pt\/wp-json\/wp\/v2\/product"}],"about":[{"href":"https:\/\/hajimekarate.com\/pt-pt\/wp-json\/wp\/v2\/types\/product"}],"wp:featuredmedia":[{"embeddable":true,"href":"https:\/\/hajimekarate.com\/pt-pt\/wp-json\/wp\/v2\/media\/59436"}],"wp:attachment":[{"href":"https:\/\/hajimekarate.com\/pt-pt\/wp-json\/wp\/v2\/media?parent=59450"}],"wp:term":[{"taxonomy":"product_brand","embeddable":true,"href":"https:\/\/hajimekarate.com\/pt-pt\/wp-json\/wp\/v2\/product_brand?post=59450"},{"taxonomy":"product_cat","embeddable":true,"href":"https:\/\/hajimekarate.com\/pt-pt\/wp-json\/wp\/v2\/product_cat?post=59450"},{"taxonomy":"product_tag","embeddable":true,"href":"https:\/\/hajimekarate.com\/pt-pt\/wp-json\/wp\/v2\/product_tag?post=59450"}],"curies":[{"name":"wp","href":"https:\/\/api.w.org\/{rel}","templated":true}]}}