{"id":53454,"date":"2023-04-13T14:57:21","date_gmt":"2023-04-13T12:57:21","guid":{"rendered":"https:\/\/hajimekarate.com\/comprar\/capacete-daedo-wkf\/"},"modified":"2026-03-06T12:48:57","modified_gmt":"2026-03-06T11:48:57","slug":"capacete-daedo-homologado-wkf","status":"publish","type":"product","link":"https:\/\/hajimekarate.com\/pt-pt\/comprar\/capacete-daedo-homologado-wkf\/","title":{"rendered":"Capacete Daedo Homologado WKF"},"content":{"rendered":"<p>Capacete Daedo homologado pela Federa\u00e7\u00e3o Mundial de Karate (WKF) para prote\u00e7\u00e3o da cabe\u00e7a e do rosto.<\/p>\n<p>Composi\u00e7\u00e3o: Imers\u00e3o em verniz e pl\u00e1stico altamente resistente a fortes impactos.<\/p>\n<p>Tamanhos S \/ M \/ L \/XL<\/p>\n<h2>Manual de informa\u00e7\u00e3o para o Capacete de Karat\u00e9 com viseira transparente.<\/h2>\n<h3>Instru\u00e7\u00f5es de limpeza e manuten\u00e7\u00e3o.<\/h3>\n<p>Limpar com um pano h\u00famido com uma solu\u00e7\u00e3o de \u00e1gua e detergente sem \u00e1lcool.<br \/>\nGuardar num local seco e bem arejado.<br \/>\nTentar guardar numa posi\u00e7\u00e3o plana.<\/p>\n<p>Este capacete de karat\u00e9 n\u00e3o pode proporcionar uma prote\u00e7\u00e3o absoluta contra ferimentos.<br \/>\nA exposi\u00e7\u00e3o do protetor \u00e0 luz solar direta ou a uma temperatura superior a 40\u00b0C durante horas seguidas pode afetar o seu desempenho normal.<br \/>\nDeve evitar-se a contamina\u00e7\u00e3o com produtos t\u00f3xicos (solventes, \u00e1cidos, etc.).<\/p>\n<h3>Como saber quando a prote\u00e7\u00e3o deixa de ser eficaz.<\/h3>\n<p>As prote\u00e7\u00f5es, como muitos outros produtos, est\u00e3o sujeitas ao envelhecimento e desgaste e acabam por deixar de ser t\u00e3o eficientes como quando s\u00e3o novos. Quando o protetor chegar a este ponto , deve observar:<br \/>\nSe as cordas e os an\u00e9is se desgastaram e j\u00e1 n\u00e3o est\u00e3o seguros.<br \/>\nSe o material da superf\u00edcie come\u00e7ar a descascar.<br \/>\nNesta altura , aconselhamos a substitui\u00e7\u00e3o do protetor.<\/p>\n<p>Este produto \u00e9 um capacete utilizado em competi\u00e7\u00f5es e treinos. Previne ou reduz qualquer les\u00e3o que o teu advers\u00e1rio te possa infligir. No entanto, lembra-te sempre que este tipo de prote\u00e7\u00f5es n\u00e3o garantem uma prote\u00e7\u00e3o absoluta contra les\u00f5es.<\/p>\n<p>Recomenda-se que este produto seja utilizado em conjunto com protetor de peito, caneleiras e prote\u00e7\u00f5es de antebra\u00e7o marcadas CE e que cumpram com a norma EN 13277.<\/p>\n<h3>Como escolheres o tamanho certo?<\/h3>\n<p>Por favor, como refer\u00eancia utiliza o desenho e a tabela abaixo, na continua\u00e7\u00e3o:<\/p>\n<p><img loading=\"lazy\" decoding=\"async\" class=\"aligncenter wp-image-30229 size-full\" src=\"https:\/\/hajimekarate.com\/wp-content\/uploads\/2021\/10\/casco-karate-medidas-ok.jpg\" alt=\"\" width=\"511\" height=\"265\" srcset=\"https:\/\/hajimekarate.com\/wp-content\/uploads\/2021\/10\/casco-karate-medidas-ok.jpg 511w, https:\/\/hajimekarate.com\/wp-content\/uploads\/2021\/10\/casco-karate-medidas-ok-300x156.jpg 300w\" sizes=\"auto, (max-width: 511px) 100vw, 511px\" \/><\/p>\n<p>&#8211; A medida A mede-se desde as sobrancelhas at\u00e9 \u00e0 base occipital.<br \/>\n&#8211; A medida B \u00e9 o per\u00edmetro da tua cabe\u00e7a medindo acima das tuas orelhas.<br \/>\n&#8211; A medida C \u00e9 o per\u00edmetro da tua cabe\u00e7a medindo da parte superior (coroa), passando \u00e0 frente da linha das orelhas e por baixo do maxilar inferior.<\/p>\n<p>Depois de teres escolhido, deves experimentar o capacete, prendendo-o com o velcro por baixo do queixo, mas N\u00c3O DEVE interferir com a tua respira\u00e7\u00e3o ou vis\u00e3o normal durante a utiliza\u00e7\u00e3o. Deves certificar-te de que o protetor n\u00e3o est\u00e1 solto, mas tamb\u00e9m n\u00e3o deve exercer qualquer press\u00e3o sobre a tua cabe\u00e7a.<\/p>\n","protected":false},"excerpt":{"rendered":"<p>Capacete com viseira transparente, homologado pela Federa\u00e7\u00e3o Mundial de Karate, WKF. Uma prote\u00e7\u00e3o confort\u00e1vel e resistente, em branco, que podes usar tanto para treino di\u00e1rio como para competires em todo o mundo, gra\u00e7as ao selo de homologa\u00e7\u00e3o WKF.<span style=\"color: red;\"><br \/>\n<\/span><\/p>\n","protected":false},"featured_media":53434,"template":"","meta":{"_joinchat":[]},"product_brand":[],"product_cat":[2399,2490,345,343],"product_tag":[2737],"class_list":{"0":"post-53454","1":"product","2":"type-product","3":"status-publish","4":"has-post-thumbnail","6":"product_cat-kumite-concurso","7":"product_cat-protecciones-obligatorias-kumite-pt-pt","8":"product_cat-homologadas-wkf","9":"product_cat-protecoes-pt","10":"product_tag-club-12-pt-pt","12":"first","13":"instock","14":"taxable","15":"shipping-taxable","16":"purchasable","17":"product-type-variable"},"_links":{"self":[{"href":"https:\/\/hajimekarate.com\/pt-pt\/wp-json\/wp\/v2\/product\/53454","targetHints":{"allow":["GET"]}}],"collection":[{"href":"https:\/\/hajimekarate.com\/pt-pt\/wp-json\/wp\/v2\/product"}],"about":[{"href":"https:\/\/hajimekarate.com\/pt-pt\/wp-json\/wp\/v2\/types\/product"}],"wp:featuredmedia":[{"embeddable":true,"href":"https:\/\/hajimekarate.com\/pt-pt\/wp-json\/wp\/v2\/media\/53434"}],"wp:attachment":[{"href":"https:\/\/hajimekarate.com\/pt-pt\/wp-json\/wp\/v2\/media?parent=53454"}],"wp:term":[{"taxonomy":"product_brand","embeddable":true,"href":"https:\/\/hajimekarate.com\/pt-pt\/wp-json\/wp\/v2\/product_brand?post=53454"},{"taxonomy":"product_cat","embeddable":true,"href":"https:\/\/hajimekarate.com\/pt-pt\/wp-json\/wp\/v2\/product_cat?post=53454"},{"taxonomy":"product_tag","embeddable":true,"href":"https:\/\/hajimekarate.com\/pt-pt\/wp-json\/wp\/v2\/product_tag?post=53454"}],"curies":[{"name":"wp","href":"https:\/\/api.w.org\/{rel}","templated":true}]}}