{"id":53079,"date":"2023-04-05T18:25:00","date_gmt":"2023-04-05T16:25:00","guid":{"rendered":"https:\/\/hajimekarate.com\/?post_type=product&#038;p=53079"},"modified":"2025-11-11T16:47:01","modified_gmt":"2025-11-11T15:47:01","slug":"karategui-kaiten-america-kata-wkf-homologado-2023-bordado-ombros-azul-vermelho","status":"publish","type":"product","link":"https:\/\/hajimekarate.com\/pt-pt\/comprar\/karategui-kaiten-america-kata-wkf-homologado-2023-bordado-ombros-azul-vermelho\/","title":{"rendered":"\u00daLTIMO TAMANHO: Karategui Kaiten America | Kata | Bordado nos ombros azul | Tamanho 170"},"content":{"rendered":"<p><img loading=\"lazy\" decoding=\"async\" class=\"wp-image-43909 aligncenter\" src=\"https:\/\/hajimekarate.com\/wp-content\/uploads\/2018\/09\/RevolutionRegularCut-OK-scaled.jpg\" alt=\"\" width=\"649\" height=\"919\" srcset=\"https:\/\/hajimekarate.com\/wp-content\/uploads\/2018\/09\/RevolutionRegularCut-OK-scaled.jpg 1809w, https:\/\/hajimekarate.com\/wp-content\/uploads\/2018\/09\/RevolutionRegularCut-OK-scaled-600x849.jpg 600w\" sizes=\"auto, (max-width: 649px) 100vw, 649px\" \/><\/p>\n","protected":false},"excerpt":{"rendered":"<p>Karategui Kaiten America para Kata, com tecido de 14 on\u00e7as de algod\u00e3o 100%. O SNAP e a dureza do tecido tornam-no resistente e ideal para exames de Dan, treino ou pr\u00e1tica de Ju-jitsu. As cal\u00e7as e as mangas s\u00e3o pr\u00e9-cortadas. O log\u00f3tipo Kaiten \u00e9 bordado no peito, nuca e ombros em vermelho ou azul. N\u00e3o homologado pela WKF.<\/p>\n","protected":false},"featured_media":52956,"template":"","meta":{"_joinchat":[]},"product_brand":[],"product_cat":[2911,2932,2930,335,339,1374,334],"product_tag":[2627],"class_list":{"0":"post-53079","1":"product","2":"type-product","3":"status-publish","4":"has-post-thumbnail","6":"product_cat-equipamento-de-karate-personalizado","7":"product_cat-kaiten-calcas-a-medida","8":"product_cat-kaiten-casaco-a-medida","9":"product_cat-karateguis-kaiten","10":"product_cat-karateguis-wkf","11":"product_cat-promocoes-pt-pt","12":"product_cat-karateguis","13":"product_tag-club-15-pt","15":"first","16":"outofstock","17":"sale","18":"taxable","19":"shipping-taxable","20":"purchasable","21":"product-type-variable","22":"has-default-attributes"},"_links":{"self":[{"href":"https:\/\/hajimekarate.com\/pt-pt\/wp-json\/wp\/v2\/product\/53079","targetHints":{"allow":["GET"]}}],"collection":[{"href":"https:\/\/hajimekarate.com\/pt-pt\/wp-json\/wp\/v2\/product"}],"about":[{"href":"https:\/\/hajimekarate.com\/pt-pt\/wp-json\/wp\/v2\/types\/product"}],"wp:featuredmedia":[{"embeddable":true,"href":"https:\/\/hajimekarate.com\/pt-pt\/wp-json\/wp\/v2\/media\/52956"}],"wp:attachment":[{"href":"https:\/\/hajimekarate.com\/pt-pt\/wp-json\/wp\/v2\/media?parent=53079"}],"wp:term":[{"taxonomy":"product_brand","embeddable":true,"href":"https:\/\/hajimekarate.com\/pt-pt\/wp-json\/wp\/v2\/product_brand?post=53079"},{"taxonomy":"product_cat","embeddable":true,"href":"https:\/\/hajimekarate.com\/pt-pt\/wp-json\/wp\/v2\/product_cat?post=53079"},{"taxonomy":"product_tag","embeddable":true,"href":"https:\/\/hajimekarate.com\/pt-pt\/wp-json\/wp\/v2\/product_tag?post=53079"}],"curies":[{"name":"wp","href":"https:\/\/api.w.org\/{rel}","templated":true}]}}