{"id":52712,"date":"2023-03-30T13:07:53","date_gmt":"2023-03-30T11:07:53","guid":{"rendered":"https:\/\/hajimekarate.com\/?post_type=product&#038;p=52712"},"modified":"2024-10-03T16:05:06","modified_gmt":"2024-10-03T14:05:06","slug":"pantufas-de-tatami","status":"publish","type":"product","link":"https:\/\/hajimekarate.com\/pt-pt\/comprar\/pantufas-de-tatami\/","title":{"rendered":"Sapatilhas Para Tatami"},"content":{"rendered":"<p>Com estas sapatilhas concebidas para artes marciais e ideais para Karat\u00e9 obt\u00e9ns uma higiene \u00fanica, uma vez que evita que os teus p\u00e9s estejam em contacto direto com o pavimento, garantindo tamb\u00e9m prote\u00e7\u00e3o e seguran\u00e7a. <\/p>\n<ul>\n<li>100% fabricado em Espanha<\/li>\n<li>Material t\u00eaxtil vegan flex\u00edvel<\/li>\n<li>Confort\u00e1veis e flex\u00edveis<\/li>\n<li>Tratamento antibacteriano<\/li>\n<li>Lav\u00e1veis<\/li>\n<li>Secagem f\u00e1cil<\/li>\n<li>Respir\u00e1veis<\/li>\n<li>Fabrico sustent\u00e1vel e amigo do ambiente<\/li>\n<\/ul>\n<p> Guia de tamanhos: <img loading=\"lazy\" decoding=\"async\" class=\"alignleft wp-image-52596 \" src=\"https:\/\/hajimekarate.com\/wp-content\/uploads\/2023\/03\/Guia-de-tallas-scaled.jpg\" alt=\"\" width=\"364\" height=\"598\" srcset=\"https:\/\/hajimekarate.com\/wp-content\/uploads\/2023\/03\/Guia-de-tallas-scaled.jpg 1557w, https:\/\/hajimekarate.com\/wp-content\/uploads\/2023\/03\/Guia-de-tallas-182x300.jpg 182w, https:\/\/hajimekarate.com\/wp-content\/uploads\/2023\/03\/Guia-de-tallas-623x1024.jpg 623w, https:\/\/hajimekarate.com\/wp-content\/uploads\/2023\/03\/Guia-de-tallas-768x1263.jpg 768w, https:\/\/hajimekarate.com\/wp-content\/uploads\/2023\/03\/Guia-de-tallas-934x1536.jpg 934w, https:\/\/hajimekarate.com\/wp-content\/uploads\/2023\/03\/Guia-de-tallas-1246x2048.jpg 1246w, https:\/\/hajimekarate.com\/wp-content\/uploads\/2023\/03\/Guia-de-tallas-600x986.jpg 600w\" sizes=\"auto, (max-width: 364px) 100vw, 364px\" \/><\/p>\n","protected":false},"excerpt":{"rendered":"<p>Cal\u00e7ado t\u00e9cnico desportivo concebido para a pr\u00e1tica de atividades que s\u00e3o praticadas com os p\u00e9s descal\u00e7os, tais como Karat\u00e9. Fabricado 100% em Espanha com material t\u00eaxtil 100% vegan. Leve, confort\u00e1vel e resistente. As suas fibras absorvem o suor rapidamente, s\u00e3o respir\u00e1veis, resistentes \u00e0 lavagem (30\u00ba) e de secagem muito r\u00e1pida. Uma solu\u00e7\u00e3o confort\u00e1vel e higi\u00e9nica com um tratamento antibacteriano. &nbsp;<\/p>\n<p>&nbsp;<\/p>\n","protected":false},"featured_media":52530,"template":"","meta":{"_joinchat":[]},"product_brand":[],"product_cat":[3361,333],"product_tag":[],"class_list":{"0":"post-52712","1":"product","2":"type-product","3":"status-publish","4":"has-post-thumbnail","6":"product_cat-calcado-pt","7":"product_cat-acessorios-pt","9":"first","10":"instock","11":"taxable","12":"shipping-taxable","13":"purchasable","14":"product-type-variable"},"_links":{"self":[{"href":"https:\/\/hajimekarate.com\/pt-pt\/wp-json\/wp\/v2\/product\/52712","targetHints":{"allow":["GET"]}}],"collection":[{"href":"https:\/\/hajimekarate.com\/pt-pt\/wp-json\/wp\/v2\/product"}],"about":[{"href":"https:\/\/hajimekarate.com\/pt-pt\/wp-json\/wp\/v2\/types\/product"}],"wp:featuredmedia":[{"embeddable":true,"href":"https:\/\/hajimekarate.com\/pt-pt\/wp-json\/wp\/v2\/media\/52530"}],"wp:attachment":[{"href":"https:\/\/hajimekarate.com\/pt-pt\/wp-json\/wp\/v2\/media?parent=52712"}],"wp:term":[{"taxonomy":"product_brand","embeddable":true,"href":"https:\/\/hajimekarate.com\/pt-pt\/wp-json\/wp\/v2\/product_brand?post=52712"},{"taxonomy":"product_cat","embeddable":true,"href":"https:\/\/hajimekarate.com\/pt-pt\/wp-json\/wp\/v2\/product_cat?post=52712"},{"taxonomy":"product_tag","embeddable":true,"href":"https:\/\/hajimekarate.com\/pt-pt\/wp-json\/wp\/v2\/product_tag?post=52712"}],"curies":[{"name":"wp","href":"https:\/\/api.w.org\/{rel}","templated":true}]}}