{"id":52459,"date":"2023-03-28T18:16:54","date_gmt":"2023-03-28T16:16:54","guid":{"rendered":"https:\/\/hajimekarate.com\/?post_type=product&#038;p=52459"},"modified":"2023-10-13T13:22:23","modified_gmt":"2023-10-13T11:22:23","slug":"protecao-pes-karate-kaiten-homologadas-rfek","status":"publish","type":"product","link":"https:\/\/hajimekarate.com\/pt-pt\/comprar\/protecao-pes-karate-kaiten-homologadas-rfek\/","title":{"rendered":"Prote\u00e7\u00f5es Karat\u00e9 para P\u00e9s Kaiten homologadas RFEK"},"content":{"rendered":"","protected":false},"excerpt":{"rendered":"<p>Prote\u00e7\u00f5es para p\u00e9s. Vermelho ou azul. Homologadas pela Real Federa\u00e7\u00e3o Espanhola de Karat\u00e9 (RFEK).<\/p>\n<p>Apenas as prote\u00e7\u00f5es para os p\u00e9s, sem as caneleiras.<\/p>\n","protected":false},"featured_media":52415,"template":"","meta":{"_joinchat":[]},"product_brand":[],"product_cat":[2346,2399,2490,344,343],"product_tag":[2627],"class_list":{"0":"post-52459","1":"product","2":"type-product","3":"status-publish","4":"has-post-thumbnail","6":"product_cat-sem-categoria-pt-pt","7":"product_cat-kumite-concurso","8":"product_cat-protecciones-obligatorias-kumite-pt-pt","9":"product_cat-homologadas-rfek","10":"product_cat-protecoes-pt","11":"product_tag-club-15-pt","13":"first","14":"instock","15":"taxable","16":"shipping-taxable","17":"purchasable","18":"product-type-variable"},"_links":{"self":[{"href":"https:\/\/hajimekarate.com\/pt-pt\/wp-json\/wp\/v2\/product\/52459","targetHints":{"allow":["GET"]}}],"collection":[{"href":"https:\/\/hajimekarate.com\/pt-pt\/wp-json\/wp\/v2\/product"}],"about":[{"href":"https:\/\/hajimekarate.com\/pt-pt\/wp-json\/wp\/v2\/types\/product"}],"wp:featuredmedia":[{"embeddable":true,"href":"https:\/\/hajimekarate.com\/pt-pt\/wp-json\/wp\/v2\/media\/52415"}],"wp:attachment":[{"href":"https:\/\/hajimekarate.com\/pt-pt\/wp-json\/wp\/v2\/media?parent=52459"}],"wp:term":[{"taxonomy":"product_brand","embeddable":true,"href":"https:\/\/hajimekarate.com\/pt-pt\/wp-json\/wp\/v2\/product_brand?post=52459"},{"taxonomy":"product_cat","embeddable":true,"href":"https:\/\/hajimekarate.com\/pt-pt\/wp-json\/wp\/v2\/product_cat?post=52459"},{"taxonomy":"product_tag","embeddable":true,"href":"https:\/\/hajimekarate.com\/pt-pt\/wp-json\/wp\/v2\/product_tag?post=52459"}],"curies":[{"name":"wp","href":"https:\/\/api.w.org\/{rel}","templated":true}]}}