{"id":51393,"date":"2023-02-28T17:31:39","date_gmt":"2023-02-28T16:31:39","guid":{"rendered":"https:\/\/hajimekarate.com\/?post_type=product&#038;p=51393"},"modified":"2026-03-11T15:49:03","modified_gmt":"2026-03-11T14:49:03","slug":"karategui-kaiten-hiyaku-kumite-bordado-hombros-azul-rojo","status":"publish","type":"product","link":"https:\/\/hajimekarate.com\/pt-pt\/comprar\/karategui-kaiten-hiyaku-kumite-bordado-hombros-azul-rojo\/","title":{"rendered":"Karategui Kaiten Hiyaku para Kumite | Bordado azul\/vermelho no ombro"},"content":{"rendered":"<p>O Karategui Kaiten Hiyaku \u00e9 um kimono especialmente concebido para os praticantes de kumite.<\/p>\n<p>Os Karateguis v\u00eam com uma elegante bolsa com cord\u00e3o, pr\u00e1tica e leve.<\/p>\n<p>HIYAKU em japon\u00eas significa velocidade e dinamismo, exactamente o que este Karategui Kaiten oferece.<\/p>\n<p>O seu tecido 100% poli\u00e9ster \u00e9 ultra-leve, com um corte para Kumite pensado para um melhor desempenho no Tatami.<\/p>\n<p>Cal\u00e7as com el\u00e1stico e cord\u00e3o.<\/p>\n<p>Corte: Kumite Cal\u00e7as: el\u00e1stico Casaco: comprido, mangas compridas Peso: aprox. 6 oz.<\/p>\n<p><span lang=\"de\">Material: 100% poli\u00e9ster<\/span><\/p>\n","protected":false},"excerpt":{"rendered":"<p>Karategi Kaiten Hiyaku para Kumite.<\/p>\n<p style=\"color: red;\">\u00daLTIMOS TAMANHOS DISPON\u00cdVEIS.<\/p>\n<p>Este Karategui \u00e9 sin\u00f3nimo de velocidade e dinamismo, conforme indica o seu nome Japon\u00eas: Hiyaku. Tecido ultra-leve 100% poli\u00e9ster com corte para Kumite. Tem o log\u00f3tipo da Kaiten bordado no peito, na nuca do karategi e nos ombros, em vermelho ou azul.<br \/>\nInclui saco.<br \/>\nN\u00e3o homologado pela WKF.<\/p>\n<p><strong><span style=\"color: #76b82a;\">REFERENCIA DE TAMANHO:<br \/>\n<\/span><\/strong><span style=\"color: #76b82a;\">O nosso modelo fotogr\u00e1fico com o azul tem 14 anos de idade, 180 cm de altura, pesa 63 kg e usa o tamanho 5\/180.<\/span><span style=\"color: #76b82a;\"><br \/>\n O nosso modelo fotogr\u00e1fico com o vermelho tem 15 anos de idade, 170 cm de altura, pesa 51 kg e usa o tamanho 4\/170.<\/span><\/p>\n","protected":false},"featured_media":51154,"template":"","meta":{"_joinchat":[]},"product_brand":[],"product_cat":[2911,2932,2930,1892,3142,3134,335,2399,1374,334,341],"product_tag":[2627],"class_list":{"0":"post-51393","1":"product","2":"type-product","3":"status-publish","4":"has-post-thumbnail","6":"product_cat-equipamento-de-karate-personalizado","7":"product_cat-kaiten-calcas-a-medida","8":"product_cat-kaiten-casaco-a-medida","9":"product_cat-competidores-de-pouso-de-equipamentos-de-alta-competicao","10":"product_cat-kaiten-competicao","11":"product_cat-karate-competicao","12":"product_cat-karateguis-kaiten","13":"product_cat-kumite-concurso","14":"product_cat-promocoes-pt-pt","15":"product_cat-karateguis","16":"product_cat-kaiten","17":"product_tag-club-15-pt","19":"first","20":"instock","21":"sale","22":"taxable","23":"shipping-taxable","24":"purchasable","25":"product-type-variable","26":"has-default-attributes"},"_links":{"self":[{"href":"https:\/\/hajimekarate.com\/pt-pt\/wp-json\/wp\/v2\/product\/51393","targetHints":{"allow":["GET"]}}],"collection":[{"href":"https:\/\/hajimekarate.com\/pt-pt\/wp-json\/wp\/v2\/product"}],"about":[{"href":"https:\/\/hajimekarate.com\/pt-pt\/wp-json\/wp\/v2\/types\/product"}],"wp:featuredmedia":[{"embeddable":true,"href":"https:\/\/hajimekarate.com\/pt-pt\/wp-json\/wp\/v2\/media\/51154"}],"wp:attachment":[{"href":"https:\/\/hajimekarate.com\/pt-pt\/wp-json\/wp\/v2\/media?parent=51393"}],"wp:term":[{"taxonomy":"product_brand","embeddable":true,"href":"https:\/\/hajimekarate.com\/pt-pt\/wp-json\/wp\/v2\/product_brand?post=51393"},{"taxonomy":"product_cat","embeddable":true,"href":"https:\/\/hajimekarate.com\/pt-pt\/wp-json\/wp\/v2\/product_cat?post=51393"},{"taxonomy":"product_tag","embeddable":true,"href":"https:\/\/hajimekarate.com\/pt-pt\/wp-json\/wp\/v2\/product_tag?post=51393"}],"curies":[{"name":"wp","href":"https:\/\/api.w.org\/{rel}","templated":true}]}}