{"id":50971,"date":"2023-02-22T17:06:18","date_gmt":"2023-02-22T16:06:18","guid":{"rendered":"https:\/\/hajimekarate.com\/?post_type=product&#038;p=50971"},"modified":"2026-01-21T10:53:22","modified_gmt":"2026-01-21T09:53:22","slug":"calcas-shureido-waza-plain-ou-wkf-approved","status":"publish","type":"product","link":"https:\/\/hajimekarate.com\/pt-pt\/comprar\/calcas-shureido-waza-plain-ou-wkf-approved\/","title":{"rendered":"Cal\u00e7as Karategui Shureido Waza | Op\u00e7\u00e3o [Plain] ou [WKF Approved 2025 -2029]"},"content":{"rendered":"<p>Aumentamos as possibilidades para que possas renovar e adaptar o teu equipamento para competi\u00e7\u00f5es internacionais da WKF, sem que tenhas de comprar o Karategui completo. Com esta op\u00e7\u00e3o podes escolher comprar s\u00f3 as cal\u00e7as do teu Karategui Shureido Waza. E poder\u00e1s escolher a op\u00e7\u00e3o com ou sem a etiqueta WKF em fun\u00e7\u00e3o da utiliza\u00e7\u00e3o que lhes vai dar. Na Hajime Karate poder\u00e1s, tamb\u00e9m, comprar s\u00f3 o casaco de acordo com os novos regulamentos WKF, com os bordados da Shureido nos ombros, caso n\u00e3o precises renovar o fato completo. Ou poder\u00e1s comprar s\u00f3 as cal\u00e7as, caso necessites de renovar apenas esta parte do teu Gui.<\/p>\n","protected":false},"excerpt":{"rendered":"<p>Cal\u00e7as do Karategui Shureido Waza para Kumite &#8211; Escolhe a op\u00e7\u00e3o WKF se queres com a homologa\u00e7\u00e3o da <strong>Federa\u00e7\u00e3o Mundial de Karate<\/strong> para poderes competir nos eventos oficiais WKF. Os Karateguis Shureido t\u00eam a certifica\u00e7\u00e3o <strong>&#8220;WKF Approved<\/strong>&#8221; 2025 &#8211; 2029. <a href=\"https:\/\/hajimekarate.com\/wp-content\/uploads\/2024\/12\/PHOTO-2024-12-04-16-12-42.jpg\" target=\"_blank\" rel=\"noopener\">Ver certificado<\/a><\/p>\n<p style=\"color: #e7110b;\"><strong>NOTA<br \/>\n<\/strong><span style=\"color: #333333;\">Todas as pe\u00e7as de vestu\u00e1rio Shureido t\u00eam um corante azulado muito suave para proteger o Karategui e para o tornar mais branco durante mais tempo. \u00c9 por isso que os modelos da Shureido t\u00eam um branco espetacular, chamativo e \u00fanico. Este tingimento ir\u00e1 desvanecer-se a cada lavagem e o branco ir\u00e1 corresponder ao de outras pe\u00e7as de vestu\u00e1rio novas.<\/span><\/p>\n","protected":false},"featured_media":51036,"template":"","meta":{"_joinchat":[]},"product_brand":[],"product_cat":[2911,2917,2918,2483,3134,2480,337,339,2399,3138,334,340,342],"product_tag":[2622],"class_list":{"0":"post-50971","1":"product","2":"type-product","3":"status-publish","4":"has-post-thumbnail","6":"product_cat-equipamento-de-karate-personalizado","7":"product_cat-shureido-calcas-a-medida","8":"product_cat-shureido-calcas-bordados","9":"product_cat-fato-karate-kumite","10":"product_cat-karate-competicao","11":"product_cat-karategui-kumite-wkf","12":"product_cat-karateguis-shureido","13":"product_cat-karateguis-wkf","14":"product_cat-kumite-concurso","15":"product_cat-shureido-competicao","16":"product_cat-karateguis","17":"product_cat-marcas","18":"product_cat-shureido","19":"product_tag-club-10-pt","21":"first","22":"instock","23":"taxable","24":"shipping-taxable","25":"purchasable","26":"product-type-variable","27":"has-default-attributes"},"_links":{"self":[{"href":"https:\/\/hajimekarate.com\/pt-pt\/wp-json\/wp\/v2\/product\/50971","targetHints":{"allow":["GET"]}}],"collection":[{"href":"https:\/\/hajimekarate.com\/pt-pt\/wp-json\/wp\/v2\/product"}],"about":[{"href":"https:\/\/hajimekarate.com\/pt-pt\/wp-json\/wp\/v2\/types\/product"}],"wp:featuredmedia":[{"embeddable":true,"href":"https:\/\/hajimekarate.com\/pt-pt\/wp-json\/wp\/v2\/media\/51036"}],"wp:attachment":[{"href":"https:\/\/hajimekarate.com\/pt-pt\/wp-json\/wp\/v2\/media?parent=50971"}],"wp:term":[{"taxonomy":"product_brand","embeddable":true,"href":"https:\/\/hajimekarate.com\/pt-pt\/wp-json\/wp\/v2\/product_brand?post=50971"},{"taxonomy":"product_cat","embeddable":true,"href":"https:\/\/hajimekarate.com\/pt-pt\/wp-json\/wp\/v2\/product_cat?post=50971"},{"taxonomy":"product_tag","embeddable":true,"href":"https:\/\/hajimekarate.com\/pt-pt\/wp-json\/wp\/v2\/product_tag?post=50971"}],"curies":[{"name":"wp","href":"https:\/\/api.w.org\/{rel}","templated":true}]}}